{"id":3555,"date":"2020-01-03T16:19:34","date_gmt":"2020-01-03T16:19:34","guid":{"rendered":"https:\/\/energyclub.com.tr\/supplement\/?post_type=product&#038;p=3555"},"modified":"2020-03-22T20:45:27","modified_gmt":"2020-03-22T17:45:27","slug":"nutrever-gainer-formula-3000-gr-2","status":"publish","type":"product","link":"https:\/\/energyclub.com.tr\/supplement\/urun\/kilo-hacim\/hacim\/nutrever-gainer-formula-3000-gr-2\/","title":{"rendered":"Nutrever Gainer Formula 3000 Gr."},"content":{"rendered":"<p><strong>Nutrever Gainer Formula nedir?\u00a0<\/strong><\/p>\n<p>Nutrever Gainer Formula her servisinde %65,6 oran\u0131nda karbonhidrat ve %26,8 oran\u0131nda protein sunmaktad\u0131r. Servis ba\u015f\u0131na 7,4 g BCAA amino asidi i\u00e7eren\u00a0Nutrever Gainer Formula, B6 vitamini ilavesi ile dikkat \u00e7ekmektedir. B6<span lang=\"TR\">\u00a0vitamini normal protein ve glikojen metabolizmas\u0131na katk\u0131da bulunur.<\/span><\/p>\n<p>Bilindi\u011fi \u00fczere protein, kas k\u00fctlesinin korunmas\u0131 ve art\u0131\u015f\u0131na katk\u0131da bulunur. Karbonhidrat i\u00e7eri\u011fi ile hedefledi\u011finiz g\u00fcnl\u00fck kalori ihtiyac\u0131n\u0131z\u0131 kar\u015f\u0131lamaya destek olabilir.<\/p>\n<p>Nutrever Gainer Formula&#8217;n\u0131n dikkat \u00e7eken \u00f6zellikleri:<\/p>\n<p>&#8211; Her 1 servisinde 516 kalori i\u00e7ermektedir<br \/>\n&#8211; Her 1 servisinde 33,5 gram protein i\u00e7erir<br \/>\n&#8211; B6 Vitamini ilaveli<br \/>\n&#8211; Kompleks karbonhidrat i\u00e7eri\u011fine sahip:<\/p>\n<ul>\n<li>Maltodekstrin<\/li>\n<li>Fruktoz<\/li>\n<li>Dekstroz<\/li>\n<li>Vaksi m\u0131s\u0131r ni\u015fastas\u0131<\/li>\n<\/ul>\n<p>&#8211; Kompleks protein i\u00e7eri\u011fine sahip:<\/p>\n<ul>\n<li>Konsantre whey proteini<\/li>\n<li>\u0130zole whey proteini<\/li>\n<li>Hidrolize whey proteini<\/li>\n<li>\u0130zole s\u00fct proteini<\/li>\n<li>Tavuk yumurtas\u0131 protein<\/li>\n<\/ul>\n","protected":false},"excerpt":{"rendered":"<ul class=\"pp-first-list\">\n<li><span class=\"pp-sm-title\">Marka<\/span>:<span class=\"pp-sm-desc\">Nutrever<\/span><\/li>\n<li><span class=\"pp-sm-title pp-sm-title\">Servis Say\u0131s\u0131<\/span>:<span class=\"pp-sm-desc spec-service-size\">24<\/span><\/li>\n<li><span class=\"pp-sm-title\">Servis Miktar\u0131<\/span>:<span class=\"pp-sm-desc spec-service-amount\">3 \u00d6l\u00e7ek (130 g)<\/span><\/li>\n<li><span class=\"pp-sm-title\">Servis Ba\u015f\u0131 Fiyat<\/span>:<span class=\"pp-sm-desc spec-one-service-price\">13,54 TL<\/span><\/li>\n<li><span class=\"pp-sm-title\">Protein Oran\u0131<\/span>:<span class=\"pp-sm-desc\">%26,8<\/span><\/li>\n<li><span class=\"pp-sm-title\">Karbonhidrat Oran\u0131<\/span>:<span class=\"pp-sm-desc\">%65,6<\/span><\/li>\n<li><span class=\"pp-sm-title\">\u015eeker Oran\u0131<\/span>:<span class=\"pp-sm-desc\">%29,2<\/span><\/li>\n<li><span class=\"pp-sm-title\">Ya\u011f Oran\u0131<\/span>:<span class=\"pp-sm-desc\">%4,8<\/span><\/li>\n<li><span class=\"pp-sm-title\">Arjinin Oran\u0131<\/span>:<span class=\"pp-sm-desc\">%0,8<\/span><\/li>\n<\/ul>\n","protected":false},"featured_media":3556,"comment_status":"open","ping_status":"closed","template":"","meta":[],"product_brand":[],"product_cat":[133],"product_tag":[],"yst_prominent_words":[],"class_list":{"0":"post-3555","1":"product","2":"type-product","3":"status-publish","4":"has-post-thumbnail","6":"product_cat-hacim","7":"pa_brand-nutrever","9":"first","10":"instock","11":"shipping-taxable","12":"purchasable","13":"product-type-variable"},"_links":{"self":[{"href":"https:\/\/energyclub.com.tr\/supplement\/wp-json\/wp\/v2\/product\/3555","targetHints":{"allow":["GET"]}}],"collection":[{"href":"https:\/\/energyclub.com.tr\/supplement\/wp-json\/wp\/v2\/product"}],"about":[{"href":"https:\/\/energyclub.com.tr\/supplement\/wp-json\/wp\/v2\/types\/product"}],"replies":[{"embeddable":true,"href":"https:\/\/energyclub.com.tr\/supplement\/wp-json\/wp\/v2\/comments?post=3555"}],"wp:featuredmedia":[{"embeddable":true,"href":"https:\/\/energyclub.com.tr\/supplement\/wp-json\/wp\/v2\/media\/3556"}],"wp:attachment":[{"href":"https:\/\/energyclub.com.tr\/supplement\/wp-json\/wp\/v2\/media?parent=3555"}],"wp:term":[{"taxonomy":"product_brand","embeddable":true,"href":"https:\/\/energyclub.com.tr\/supplement\/wp-json\/wp\/v2\/product_brand?post=3555"},{"taxonomy":"product_cat","embeddable":true,"href":"https:\/\/energyclub.com.tr\/supplement\/wp-json\/wp\/v2\/product_cat?post=3555"},{"taxonomy":"product_tag","embeddable":true,"href":"https:\/\/energyclub.com.tr\/supplement\/wp-json\/wp\/v2\/product_tag?post=3555"},{"taxonomy":"yst_prominent_words","embeddable":true,"href":"https:\/\/energyclub.com.tr\/supplement\/wp-json\/wp\/v2\/yst_prominent_words?post=3555"}],"curies":[{"name":"wp","href":"https:\/\/api.w.org\/{rel}","templated":true}]}}