{"id":3599,"date":"2020-01-08T17:59:20","date_gmt":"2020-01-08T14:59:20","guid":{"rendered":"https:\/\/energyclub.com.tr\/supplement\/?post_type=product&#038;p=3599"},"modified":"2020-12-16T16:37:46","modified_gmt":"2020-12-16T13:37:46","slug":"big-joy-thermonator-l-carnitine-1000-ml","status":"publish","type":"product","link":"https:\/\/energyclub.com.tr\/supplement\/urun\/karnitin-cla\/karnitin\/big-joy-thermonator-l-carnitine-1000-ml\/","title":{"rendered":"Bigjoy Sports Thermonator Portakal 1000ml"},"content":{"rendered":"<p><strong>Bigjoy Thermonator 1000 ml Portakal<\/strong><\/p>\n<p>Bigjoy Thermonator Nedir? Faydalar\u0131 Nelerdir?<\/p>\n<p>Bigjoy birbirinden farkl\u0131, \u00f6zg\u00fcn ve zengin i\u00e7erikli \u00fcr\u00fcn yelpazesine THERMONATOR&#8217;un litrelik \u015fi\u015fesi\u00a0ile bir yenisini daha ekledii.<\/p>\n<p>S\u0131v\u0131 formdaki \u00fcr\u00fcn g\u00fc\u00e7l\u00fc termojenik i\u00e7eri\u011fe sahip. Bir \u015fi\u015fesinde\u00a033 servis i\u00e7eren \u00fcr\u00fcn, aktiviteden \u00f6nce kullan\u0131labilir.<\/p>\n<p>Kapak \u00f6l\u00e7\u00fcs\u00fcndeki 1 servisinde 2000mg&#8217;l\u0131k y\u00fcksek miktarda ve kalitede L-Carnitine i\u00e7eri\u011finin yan\u0131 s\u0131ra kafein, taurin ve sinefrin i\u00e7eri\u011fiyle de antrenman s\u0131ras\u0131nda enerji seviyenizi \u00fcst d\u00fczeye \u00e7\u0131karmaya yard\u0131mc\u0131 olabilir. \u00dcr\u00fcn B vitaminlerinin yan\u0131 s\u0131ra ye\u015fil \u00e7ay ekstresi ve ye\u015fil kahve \u00e7ekirde\u011fi ekstresi ile de g\u00fc\u00e7lendirilmi\u015ftir.<\/p>\n<p><u><strong>1 servis (30 ml) i\u00e7eri\u011fi:<\/strong><\/u><\/p>\n<p>2000mg L-Carnitine, 1000mg Taurin, 225mg Kafein, 100mg ye\u015fil \u00e7ay ekstresi, 50mg turun\u00e7 kabu\u011fu ekstresi (%10 sinefrin) ve 50mg ye\u015fil kahve \u00e7ekirde\u011fi ekstresi i\u00e7erir.<\/p>\n<p><strong>Bigjoy Thermonator Kullan\u0131m\u0131:<\/strong><\/p>\n<p>Aktiviteye ba\u015flamadan 30 dakika \u00f6nce ya da sabah kahvalt\u0131dan 2 saat sonra 1 kapak \u00f6l\u00e7\u00fcs\u00fc (30 ml) i\u00e7iniz. G\u00fcnde 1 defa t\u00fcketiniz.<\/p>\n","protected":false},"excerpt":{"rendered":"<ul class=\"pp-first-list\">\n<li><span class=\"pp-sm-title\">Marka<\/span>:<span class=\"pp-sm-desc\"><a class=\"track-link p-detail-spec-link\" title=\"Big Joy\" href=\"https:\/\/www.supplementler.com\/marka\/big-joy-1-1330\" data-category=\"Product-Specification-Links\" data-label=\"Big Joy\" data-id=\"1330\">Big Joy<\/a><\/span><\/li>\n<li><span class=\"pp-sm-title pp-sm-title\">Servis Say\u0131s\u0131<\/span>:<span class=\"pp-sm-desc spec-service-size\">33<\/span><\/li>\n<li><span class=\"pp-sm-title\">Servis Miktar\u0131<\/span>:<span class=\"pp-sm-desc spec-service-amount\">1 \u00d6l\u00e7ek (30 mL)<\/span><\/li>\n<li><span class=\"pp-sm-title\">Servis Ba\u015f\u0131 Fiyat<\/span>:<span class=\"pp-sm-desc spec-one-service-price\">2,97 TL<\/span><\/li>\n<\/ul>\n","protected":false},"featured_media":6577,"comment_status":"open","ping_status":"closed","template":"","meta":[],"product_brand":[],"product_cat":[134,136],"product_tag":[],"yst_prominent_words":[],"class_list":{"0":"post-3599","1":"product","2":"type-product","3":"status-publish","4":"has-post-thumbnail","6":"product_cat-karnitin","7":"product_cat-termojenik","8":"pa_brand-bigjoy-supplement","10":"first","11":"outofstock","12":"shipping-taxable","13":"purchasable","14":"product-type-variable"},"_links":{"self":[{"href":"https:\/\/energyclub.com.tr\/supplement\/wp-json\/wp\/v2\/product\/3599","targetHints":{"allow":["GET"]}}],"collection":[{"href":"https:\/\/energyclub.com.tr\/supplement\/wp-json\/wp\/v2\/product"}],"about":[{"href":"https:\/\/energyclub.com.tr\/supplement\/wp-json\/wp\/v2\/types\/product"}],"replies":[{"embeddable":true,"href":"https:\/\/energyclub.com.tr\/supplement\/wp-json\/wp\/v2\/comments?post=3599"}],"wp:featuredmedia":[{"embeddable":true,"href":"https:\/\/energyclub.com.tr\/supplement\/wp-json\/wp\/v2\/media\/6577"}],"wp:attachment":[{"href":"https:\/\/energyclub.com.tr\/supplement\/wp-json\/wp\/v2\/media?parent=3599"}],"wp:term":[{"taxonomy":"product_brand","embeddable":true,"href":"https:\/\/energyclub.com.tr\/supplement\/wp-json\/wp\/v2\/product_brand?post=3599"},{"taxonomy":"product_cat","embeddable":true,"href":"https:\/\/energyclub.com.tr\/supplement\/wp-json\/wp\/v2\/product_cat?post=3599"},{"taxonomy":"product_tag","embeddable":true,"href":"https:\/\/energyclub.com.tr\/supplement\/wp-json\/wp\/v2\/product_tag?post=3599"},{"taxonomy":"yst_prominent_words","embeddable":true,"href":"https:\/\/energyclub.com.tr\/supplement\/wp-json\/wp\/v2\/yst_prominent_words?post=3599"}],"curies":[{"name":"wp","href":"https:\/\/api.w.org\/{rel}","templated":true}]}}