{"id":3601,"date":"2020-01-08T18:01:43","date_gmt":"2020-01-08T15:01:43","guid":{"rendered":"https:\/\/energyclub.com.tr\/supplement\/?post_type=product&#038;p=3601"},"modified":"2020-12-16T16:36:23","modified_gmt":"2020-12-16T13:36:23","slug":"big-joy-thermonator-l-carnitine-3000-mg-20-ampul","status":"publish","type":"product","link":"https:\/\/energyclub.com.tr\/supplement\/urun\/karnitin-cla\/karnitin\/big-joy-thermonator-l-carnitine-3000-mg-20-ampul\/","title":{"rendered":"Bigjoy Sports Thermonator Portakal 40ml. x 20 Adet"},"content":{"rendered":"<p><strong>BigJoy Thermonator nedir?<\/strong><\/p>\n<p>S\u0131v\u0131 formda, termojenik form\u00fclasyona sahip Bigjoy&#8217;un yeni \u00fcr\u00fcn\u00fcd\u00fcr. Bir amp\u00fclde 3000 L karnitin, 1000 mg taurin i\u00e7eri\u011finin yan\u0131 s\u0131ra, sinefrin i\u00e7ere turun\u00e7 kabu\u011fu ekstresi, ye\u015fil \u00e7ay ve ye\u015fil kahve \u00e7ekirde\u011fi gibi metabolizmay\u0131 aktive etmeye yard\u0131mc\u0131 maddelerin bulundu\u011fu bir i\u00e7eri\u011fe sahiptir.<\/p>\n<p>Ayr\u0131ca h\u00fccresel d\u00fczeyde normal enerji, protein ve glikojen olu\u015fumu metabolizmas\u0131na katk\u0131da bulunan B grubu vitaminleri ile desteklenmi\u015ftir.<\/p>\n<p>BigJoy Thermonator \u00f6zellikleri:<\/p>\n<p>&#8211; Kutu i\u00e7inde\u00a020 adet shot ampul<\/p>\n<p>&#8211; Her ampulde 3000 mg l karnitin<\/p>\n<p>&#8211; Termojenik etkili \u00f6zel form\u00fcl<\/p>\n","protected":false},"excerpt":{"rendered":"<ul class=\"pp-first-list\">\n<li><span class=\"pp-sm-title\">Marka<\/span>:<span class=\"pp-sm-desc\"><a class=\"track-link p-detail-spec-link\" title=\"Big Joy\" href=\"https:\/\/www.supplementler.com\/marka\/big-joy-1-1330\" data-category=\"Product-Specification-Links\" data-label=\"Big Joy\" data-id=\"1330\">Big Joy<\/a><\/span><\/li>\n<li><span class=\"pp-sm-title pp-sm-title\">Servis Say\u0131s\u0131<\/span>:<span class=\"pp-sm-desc spec-service-size\">20<\/span><\/li>\n<li><span class=\"pp-sm-title\">Servis Miktar\u0131<\/span>:<span class=\"pp-sm-desc spec-service-amount\">1 Ampul (40 mL)<\/span><\/li>\n<li><span class=\"pp-sm-title\">Servis Ba\u015f\u0131 Fiyat<\/span>:<span class=\"pp-sm-desc spec-one-service-price\">6,60 TL<\/span><\/li>\n<\/ul>\n","protected":false},"featured_media":6578,"comment_status":"open","ping_status":"closed","template":"","meta":[],"product_brand":[],"product_cat":[134,136],"product_tag":[],"yst_prominent_words":[],"class_list":{"0":"post-3601","1":"product","2":"type-product","3":"status-publish","4":"has-post-thumbnail","6":"product_cat-karnitin","7":"product_cat-termojenik","8":"pa_brand-bigjoy-supplement","10":"first","11":"outofstock","12":"shipping-taxable","13":"purchasable","14":"product-type-variable"},"_links":{"self":[{"href":"https:\/\/energyclub.com.tr\/supplement\/wp-json\/wp\/v2\/product\/3601","targetHints":{"allow":["GET"]}}],"collection":[{"href":"https:\/\/energyclub.com.tr\/supplement\/wp-json\/wp\/v2\/product"}],"about":[{"href":"https:\/\/energyclub.com.tr\/supplement\/wp-json\/wp\/v2\/types\/product"}],"replies":[{"embeddable":true,"href":"https:\/\/energyclub.com.tr\/supplement\/wp-json\/wp\/v2\/comments?post=3601"}],"wp:featuredmedia":[{"embeddable":true,"href":"https:\/\/energyclub.com.tr\/supplement\/wp-json\/wp\/v2\/media\/6578"}],"wp:attachment":[{"href":"https:\/\/energyclub.com.tr\/supplement\/wp-json\/wp\/v2\/media?parent=3601"}],"wp:term":[{"taxonomy":"product_brand","embeddable":true,"href":"https:\/\/energyclub.com.tr\/supplement\/wp-json\/wp\/v2\/product_brand?post=3601"},{"taxonomy":"product_cat","embeddable":true,"href":"https:\/\/energyclub.com.tr\/supplement\/wp-json\/wp\/v2\/product_cat?post=3601"},{"taxonomy":"product_tag","embeddable":true,"href":"https:\/\/energyclub.com.tr\/supplement\/wp-json\/wp\/v2\/product_tag?post=3601"},{"taxonomy":"yst_prominent_words","embeddable":true,"href":"https:\/\/energyclub.com.tr\/supplement\/wp-json\/wp\/v2\/yst_prominent_words?post=3601"}],"curies":[{"name":"wp","href":"https:\/\/api.w.org\/{rel}","templated":true}]}}