{"id":3603,"date":"2020-01-08T18:04:08","date_gmt":"2020-01-08T15:04:08","guid":{"rendered":"https:\/\/energyclub.com.tr\/supplement\/?post_type=product&#038;p=3603"},"modified":"2020-12-16T16:34:50","modified_gmt":"2020-12-16T13:34:50","slug":"big-joy-l-carnitine-1000-ml","status":"publish","type":"product","link":"https:\/\/energyclub.com.tr\/supplement\/urun\/karnitin-cla\/karnitin\/big-joy-l-carnitine-1000-ml\/","title":{"rendered":"Bigjoy Sports L-Carnitine Likit \u00c7ilek 1000ml"},"content":{"rendered":"<p><strong>Bigjoy L-Carnitine 1000 ml<\/strong><\/p>\n<p>Bigjoy L-Carnitine s\u0131v\u0131 formda bir karnitin \u00fcr\u00fcn\u00fcd\u00fcr. Karnitin ile beraber metabolizman\u0131z\u0131 h\u0131zland\u0131rmaya ve v\u00fccudun harcad\u0131\u011f\u0131 kaloriyi art\u0131rmaya yard\u0131mc\u0131 farkl\u0131 termojenik i\u00e7erikleri beraber sunar.<\/p>\n<p><strong>1 porsiyonunda ne i\u00e7erir?<\/strong><\/p>\n<p>2000 mg karnitin, 400 mg taurin, 200 mg kafein ve 25\u00a0mg ye\u015fil \u00e7ay \u00f6z\u00fct\u00fc sa\u011flar. \u0130\u00e7erisinde 0 \u015feker vard\u0131r.<\/p>\n<p>Taurin kafein benzeri bir maddedir. Hem fiziksel hem de zihinsel performans\u0131n artmas\u0131na yard\u0131mc\u0131 olur.<\/p>\n<p><strong>Nas\u0131l Kullan\u0131l\u0131r?<\/strong><\/p>\n<p>Bigjoy L-Carnitine&#8217;i antrenmanlardan 20-30 dakika \u00f6nce 1 servis (1 kapak \u00f6l\u00e7\u00fcs\u00fcyle) kullanabilirsiniz.<\/p>\n","protected":false},"excerpt":{"rendered":"<ul class=\"pp-first-list\">\n<li><span class=\"pp-sm-title\">Marka<\/span>:<span class=\"pp-sm-desc\"><a class=\"track-link p-detail-spec-link\" title=\"Big Joy\" href=\"https:\/\/www.supplementler.com\/marka\/big-joy-1-1330\" data-category=\"Product-Specification-Links\" data-label=\"Big Joy\" data-id=\"1330\">Big Joy<\/a><\/span><\/li>\n<li><span class=\"pp-sm-title pp-sm-title\">Servis Say\u0131s\u0131<\/span>:<span class=\"pp-sm-desc spec-service-size\">33<\/span><\/li>\n<li><span class=\"pp-sm-title\">Servis Miktar\u0131<\/span>:<span class=\"pp-sm-desc spec-service-amount\">1 \u00d6l\u00e7ek (30 mL)<\/span><\/li>\n<li><span class=\"pp-sm-title\">Servis Ba\u015f\u0131 Fiyat<\/span>:<span class=\"pp-sm-desc spec-one-service-price\">3,00 TL<\/span><\/li>\n<\/ul>\n","protected":false},"featured_media":6572,"comment_status":"open","ping_status":"closed","template":"","meta":[],"product_brand":[],"product_cat":[134,136],"product_tag":[],"yst_prominent_words":[],"class_list":{"0":"post-3603","1":"product","2":"type-product","3":"status-publish","4":"has-post-thumbnail","6":"product_cat-karnitin","7":"product_cat-termojenik","8":"pa_brand-bigjoy-supplement","10":"first","11":"outofstock","12":"shipping-taxable","13":"purchasable","14":"product-type-variable"},"_links":{"self":[{"href":"https:\/\/energyclub.com.tr\/supplement\/wp-json\/wp\/v2\/product\/3603","targetHints":{"allow":["GET"]}}],"collection":[{"href":"https:\/\/energyclub.com.tr\/supplement\/wp-json\/wp\/v2\/product"}],"about":[{"href":"https:\/\/energyclub.com.tr\/supplement\/wp-json\/wp\/v2\/types\/product"}],"replies":[{"embeddable":true,"href":"https:\/\/energyclub.com.tr\/supplement\/wp-json\/wp\/v2\/comments?post=3603"}],"wp:featuredmedia":[{"embeddable":true,"href":"https:\/\/energyclub.com.tr\/supplement\/wp-json\/wp\/v2\/media\/6572"}],"wp:attachment":[{"href":"https:\/\/energyclub.com.tr\/supplement\/wp-json\/wp\/v2\/media?parent=3603"}],"wp:term":[{"taxonomy":"product_brand","embeddable":true,"href":"https:\/\/energyclub.com.tr\/supplement\/wp-json\/wp\/v2\/product_brand?post=3603"},{"taxonomy":"product_cat","embeddable":true,"href":"https:\/\/energyclub.com.tr\/supplement\/wp-json\/wp\/v2\/product_cat?post=3603"},{"taxonomy":"product_tag","embeddable":true,"href":"https:\/\/energyclub.com.tr\/supplement\/wp-json\/wp\/v2\/product_tag?post=3603"},{"taxonomy":"yst_prominent_words","embeddable":true,"href":"https:\/\/energyclub.com.tr\/supplement\/wp-json\/wp\/v2\/yst_prominent_words?post=3603"}],"curies":[{"name":"wp","href":"https:\/\/api.w.org\/{rel}","templated":true}]}}