{"id":3609,"date":"2020-01-08T18:12:46","date_gmt":"2020-01-08T15:12:46","guid":{"rendered":"https:\/\/energyclub.com.tr\/supplement\/?post_type=product&#038;p=3609"},"modified":"2021-03-01T17:34:04","modified_gmt":"2021-03-01T14:34:04","slug":"hardline-l-karnitin-matrix-3000-mg-20-ampul","status":"publish","type":"product","link":"https:\/\/energyclub.com.tr\/supplement\/urun\/karnitin-cla\/karnitin\/hardline-l-karnitin-matrix-3000-mg-20-ampul\/","title":{"rendered":"Hardline L-Karnitin Matrix 3000 Mg. 20 Amp\u00fcl"},"content":{"rendered":"<p><strong>Hardline L-Karnitin Matrix \u00a0Nedir?<\/strong><\/p>\n<p>S\u0131v\u0131 formda l karnitin, taurin, beta alanin ana etken maddelerini i\u00e7eren sporcu besinidir. Form\u00fcl\u00fc kafein, B3 ve B6 vitaminleriyle desteklenmi\u015ftir.\u00a0L karnitin, insan v\u00fccudunda depolanm\u0131\u015f olan ya\u011f dokusunun egzersiz s\u0131ras\u0131nda enerji olarak harcanmas\u0131na katk\u0131da bulunabilir.<\/p>\n<p>Hardline L-Karnitin Matrix&#8217;in \u00f6zellikleri:<\/p>\n<p>&#8211; 1 amp\u00fclde 3.000 mg l karnitin<\/p>\n<p>&#8211; Kompleks form\u00fcl<\/p>\n<p>&#8211; Aspartam i\u00e7ermez<\/p>\n<p>&#8211; H\u0131zl\u0131 etki g\u00f6steren s\u0131v\u0131 form<\/p>\n","protected":false},"excerpt":{"rendered":"<ul class=\"pp-first-list\">\n<li><span class=\"pp-sm-title\">Marka<\/span>:<span class=\"pp-sm-desc\"><a class=\"track-link p-detail-spec-link\" title=\"Hardline\" href=\"https:\/\/www.supplementler.com\/marka\/hardline-1-8\" data-category=\"Product-Specification-Links\" data-label=\"Hardline\" data-id=\"8\">Hardline<\/a><\/span><\/li>\n<li><span class=\"pp-sm-title pp-sm-title\">Servis Say\u0131s\u0131<\/span>:<span class=\"pp-sm-desc spec-service-size\">20<\/span><\/li>\n<li><span class=\"pp-sm-title\">Servis Miktar\u0131<\/span>:<span class=\"pp-sm-desc spec-service-amount\">1 Ampul (30 mL)<\/span><\/li>\n<li><span class=\"pp-sm-title\">Servis Ba\u015f\u0131 Fiyat<\/span>:<span class=\"pp-sm-desc spec-one-service-price\">6,95 TL<\/span><\/li>\n<\/ul>\n","protected":false},"featured_media":3611,"comment_status":"open","ping_status":"closed","template":"","meta":[],"product_brand":[],"product_cat":[134],"product_tag":[],"yst_prominent_words":[],"class_list":{"0":"post-3609","1":"product","2":"type-product","3":"status-publish","4":"has-post-thumbnail","6":"product_cat-karnitin","7":"pa_brand-hardline","9":"first","10":"instock","11":"shipping-taxable","12":"purchasable","13":"product-type-variable"},"_links":{"self":[{"href":"https:\/\/energyclub.com.tr\/supplement\/wp-json\/wp\/v2\/product\/3609","targetHints":{"allow":["GET"]}}],"collection":[{"href":"https:\/\/energyclub.com.tr\/supplement\/wp-json\/wp\/v2\/product"}],"about":[{"href":"https:\/\/energyclub.com.tr\/supplement\/wp-json\/wp\/v2\/types\/product"}],"replies":[{"embeddable":true,"href":"https:\/\/energyclub.com.tr\/supplement\/wp-json\/wp\/v2\/comments?post=3609"}],"wp:featuredmedia":[{"embeddable":true,"href":"https:\/\/energyclub.com.tr\/supplement\/wp-json\/wp\/v2\/media\/3611"}],"wp:attachment":[{"href":"https:\/\/energyclub.com.tr\/supplement\/wp-json\/wp\/v2\/media?parent=3609"}],"wp:term":[{"taxonomy":"product_brand","embeddable":true,"href":"https:\/\/energyclub.com.tr\/supplement\/wp-json\/wp\/v2\/product_brand?post=3609"},{"taxonomy":"product_cat","embeddable":true,"href":"https:\/\/energyclub.com.tr\/supplement\/wp-json\/wp\/v2\/product_cat?post=3609"},{"taxonomy":"product_tag","embeddable":true,"href":"https:\/\/energyclub.com.tr\/supplement\/wp-json\/wp\/v2\/product_tag?post=3609"},{"taxonomy":"yst_prominent_words","embeddable":true,"href":"https:\/\/energyclub.com.tr\/supplement\/wp-json\/wp\/v2\/yst_prominent_words?post=3609"}],"curies":[{"name":"wp","href":"https:\/\/api.w.org\/{rel}","templated":true}]}}