{"id":3610,"date":"2020-01-08T18:14:47","date_gmt":"2020-01-08T15:14:47","guid":{"rendered":"https:\/\/energyclub.com.tr\/supplement\/?post_type=product&#038;p=3610"},"modified":"2021-03-01T17:34:04","modified_gmt":"2021-03-01T14:34:04","slug":"hardline-l-karnitin-sivi-1000-ml","status":"publish","type":"product","link":"https:\/\/energyclub.com.tr\/supplement\/urun\/karnitin-cla\/karnitin\/hardline-l-karnitin-sivi-1000-ml\/","title":{"rendered":"Hardline L-Karnitin S\u0131v\u0131 1000 ML."},"content":{"rendered":"<p><b>Hardline L-Karnitin 1000ml Nedir?<\/b><\/p>\n<p>Hardline L-Karnitin 1000ml sivi formda olan ve kardiyo tipi egzersizler esnas\u0131nda kullan\u0131ma uygun olan bir L-Karnitin \u00fcr\u00fcn\u00fcd\u00fcr.<\/p>\n<p>S\u0131v\u0131 formu sayesinde emilim s\u00fcresi k\u0131salan Hardline L-Karnitin ek olarak bir\u00e7ok enerji i\u00e7ece\u011finin i\u00e7erisinde bulunana ve \u00f6nemli bir amino asit olan Taurin i\u00e7ermektedir.<\/p>\n<p>L-Karnitin, \u00f6nceden t\u00fcketmi\u015f oldu\u011fumuz besinlerin spor esnas\u0131nda enerjiye d\u00f6n\u00fc\u015fmesinde yard\u0131mc\u0131 olabilir.<\/p>\n<p>H\u00fccre i\u00e7erisinde bulunan ya\u011f asitlerinin mitokondriye ta\u015f\u0131nmas\u0131na ve orada enerjiye d\u00f6n\u00fc\u015ft\u00fcr\u00fclmesine yard\u0131mc\u0131 olabilir.<\/p>\n<p>Hardline L-Karnitin 1000ml&#8217;nin dikkat \u00e7eken \u00f6zellikleri:<\/p>\n<p>&#8211; Hardline L-Karnitin 1000ml her 1 kullan\u0131m\u0131nda 1000mg L-Karnitin ve 200mg Taurin i\u00e7ermektedir<\/p>\n<p>&#8211; Hardline L-Karnitin 1000ml&#8217;nin i\u00e7erisinde Aspartam tatland\u0131r\u0131c\u0131s\u0131 bulunmamaktad\u0131r<\/p>\n<p>&#8211; Hardline L-Karnitin 1000ml her 1 \u015fi\u015fesinde 33 servis i\u00e7ermektedir.<\/p>\n","protected":false},"excerpt":{"rendered":"<ul class=\"pp-first-list\">\n<li><span class=\"pp-sm-title\">Marka<\/span>:<span class=\"pp-sm-desc\"><a class=\"track-link p-detail-spec-link\" title=\"Hardline\" href=\"https:\/\/www.supplementler.com\/marka\/hardline-1-8\" data-category=\"Product-Specification-Links\" data-label=\"Hardline\" data-id=\"8\">Hardline<\/a><\/span><\/li>\n<li><span class=\"pp-sm-title pp-sm-title\">Servis Say\u0131s\u0131<\/span>:<span class=\"pp-sm-desc spec-service-size\">33<\/span><\/li>\n<li><span class=\"pp-sm-title\">Servis Miktar\u0131<\/span>:<span class=\"pp-sm-desc spec-service-amount\">1 \u00d6l\u00e7ek (30 mL)<\/span><\/li>\n<li><span class=\"pp-sm-title\">Servis Ba\u015f\u0131 Fiyat<\/span>:<span class=\"pp-sm-desc spec-one-service-price\">2,70 TL<\/span><\/li>\n<\/ul>\n","protected":false},"featured_media":3612,"comment_status":"open","ping_status":"closed","template":"","meta":[],"product_brand":[],"product_cat":[134],"product_tag":[],"yst_prominent_words":[],"class_list":{"0":"post-3610","1":"product","2":"type-product","3":"status-publish","4":"has-post-thumbnail","6":"product_cat-karnitin","7":"pa_brand-hardline","9":"first","10":"outofstock","11":"shipping-taxable","12":"purchasable","13":"product-type-variable"},"_links":{"self":[{"href":"https:\/\/energyclub.com.tr\/supplement\/wp-json\/wp\/v2\/product\/3610","targetHints":{"allow":["GET"]}}],"collection":[{"href":"https:\/\/energyclub.com.tr\/supplement\/wp-json\/wp\/v2\/product"}],"about":[{"href":"https:\/\/energyclub.com.tr\/supplement\/wp-json\/wp\/v2\/types\/product"}],"replies":[{"embeddable":true,"href":"https:\/\/energyclub.com.tr\/supplement\/wp-json\/wp\/v2\/comments?post=3610"}],"wp:featuredmedia":[{"embeddable":true,"href":"https:\/\/energyclub.com.tr\/supplement\/wp-json\/wp\/v2\/media\/3612"}],"wp:attachment":[{"href":"https:\/\/energyclub.com.tr\/supplement\/wp-json\/wp\/v2\/media?parent=3610"}],"wp:term":[{"taxonomy":"product_brand","embeddable":true,"href":"https:\/\/energyclub.com.tr\/supplement\/wp-json\/wp\/v2\/product_brand?post=3610"},{"taxonomy":"product_cat","embeddable":true,"href":"https:\/\/energyclub.com.tr\/supplement\/wp-json\/wp\/v2\/product_cat?post=3610"},{"taxonomy":"product_tag","embeddable":true,"href":"https:\/\/energyclub.com.tr\/supplement\/wp-json\/wp\/v2\/product_tag?post=3610"},{"taxonomy":"yst_prominent_words","embeddable":true,"href":"https:\/\/energyclub.com.tr\/supplement\/wp-json\/wp\/v2\/yst_prominent_words?post=3610"}],"curies":[{"name":"wp","href":"https:\/\/api.w.org\/{rel}","templated":true}]}}