{"id":3627,"date":"2020-01-09T15:51:35","date_gmt":"2020-01-09T12:51:35","guid":{"rendered":"https:\/\/energyclub.com.tr\/supplement\/?post_type=product&#038;p=3627"},"modified":"2021-03-01T17:14:26","modified_gmt":"2021-03-01T14:14:26","slug":"hardline-carnipure-100-kapsul","status":"publish","type":"product","link":"https:\/\/energyclub.com.tr\/supplement\/urun\/karnitin-cla\/karnitin\/hardline-carnipure-100-kapsul\/","title":{"rendered":"Hardline Carnipure 100 Kaps\u00fcl"},"content":{"rendered":"<p><strong>Hardline Carnipure Nedir?<\/strong><\/p>\n<p>Hardline Carnipure kaps\u00fcl formda olan bir Karnitin \u00fcr\u00fcn\u00fcd\u00fcr.<\/p>\n<p>L-Karnitin, \u00f6nceden t\u00fcketmi\u015f oldu\u011fumuz besinlerin spor esnas\u0131nda enerjiye d\u00f6n\u00fc\u015fmesinde yard\u0131mc\u0131 olabilir.<\/p>\n<p>H\u00fccre i\u00e7erisinde bulunan ya\u011f asitlerinin mitokondriye ta\u015f\u0131nmas\u0131na ve orada enerjiye d\u00f6n\u00fc\u015ft\u00fcr\u00fclmesine yard\u0131mc\u0131 olabilir.<\/p>\n<p>Hardline Carnipure&#8217;\u00fcn dikkat \u00e7eken \u00f6zellikleri:<\/p>\n<p>&#8211; Hardline Carnipure d\u00fcnyan\u0131n en kaliteli Karnitin ham maddesi olan Carnipure i\u00e7ermektedir<\/p>\n<p>&#8211; Hardline Carnipure&#8217;un her 1 kaps\u00fcl\u00fcnde 500mg Karnitin bulunmaktad\u0131r<\/p>\n<p><em>Patentli Carnipure ham maddesinin fark\u0131 nedir?<\/em><\/p>\n<p>Karnitin, L-Karnitin ve D-Karnitin olmak \u00fczere iki ayr\u0131 formda bulunur.<\/p>\n<p>\u0130svi\u00e7reli \u00fcretici LONZA&#8217;nin kendi patenti olan L-CARNIPURE (US.PATENT 5073376) ile \u00fcretmi\u015f oldu\u011fu L-Karnitin, hi\u00e7 bir sekilde D-Karnitin (%0 D-Karnitin) i\u00e7ermemektedir.<\/p>\n<p>LONZA firmasi %100 saf, dogal ve D-Karnitin formundan tamamen ayr\u0131 bir L-Karnitin \u00fcrettigini garanti eden d\u00fcnyadaki tek \u00fcreticidir.<\/p>\n","protected":false},"excerpt":{"rendered":"<ul class=\"pp-first-list\">\n<li><span class=\"pp-sm-title\">Marka<\/span>:<span class=\"pp-sm-desc\"><a class=\"track-link p-detail-spec-link\" title=\"Hardline\" href=\"https:\/\/www.supplementler.com\/marka\/hardline-1-8\" data-category=\"Product-Specification-Links\" data-label=\"Hardline\" data-id=\"8\">Hardline<\/a><\/span><\/li>\n<li><span class=\"pp-sm-title pp-sm-title\">Servis Say\u0131s\u0131<\/span>:<span class=\"pp-sm-desc spec-service-size\">100<\/span><\/li>\n<li><span class=\"pp-sm-title\">Servis Miktar\u0131<\/span>:<span class=\"pp-sm-desc spec-service-amount\">1 Kaps\u00fcl<\/span><\/li>\n<li><span class=\"pp-sm-title\">Servis Ba\u015f\u0131 Fiyat<\/span>:<span class=\"pp-sm-desc spec-one-service-price\">1,09 TL<\/span><\/li>\n<\/ul>\n","protected":false},"featured_media":3628,"comment_status":"open","ping_status":"closed","template":"","meta":[],"product_brand":[],"product_cat":[134],"product_tag":[],"yst_prominent_words":[],"class_list":{"0":"post-3627","1":"product","2":"type-product","3":"status-publish","4":"has-post-thumbnail","6":"product_cat-karnitin","7":"pa_brand-hardline","9":"first","10":"outofstock","11":"shipping-taxable","12":"purchasable","13":"product-type-variable"},"_links":{"self":[{"href":"https:\/\/energyclub.com.tr\/supplement\/wp-json\/wp\/v2\/product\/3627","targetHints":{"allow":["GET"]}}],"collection":[{"href":"https:\/\/energyclub.com.tr\/supplement\/wp-json\/wp\/v2\/product"}],"about":[{"href":"https:\/\/energyclub.com.tr\/supplement\/wp-json\/wp\/v2\/types\/product"}],"replies":[{"embeddable":true,"href":"https:\/\/energyclub.com.tr\/supplement\/wp-json\/wp\/v2\/comments?post=3627"}],"wp:featuredmedia":[{"embeddable":true,"href":"https:\/\/energyclub.com.tr\/supplement\/wp-json\/wp\/v2\/media\/3628"}],"wp:attachment":[{"href":"https:\/\/energyclub.com.tr\/supplement\/wp-json\/wp\/v2\/media?parent=3627"}],"wp:term":[{"taxonomy":"product_brand","embeddable":true,"href":"https:\/\/energyclub.com.tr\/supplement\/wp-json\/wp\/v2\/product_brand?post=3627"},{"taxonomy":"product_cat","embeddable":true,"href":"https:\/\/energyclub.com.tr\/supplement\/wp-json\/wp\/v2\/product_cat?post=3627"},{"taxonomy":"product_tag","embeddable":true,"href":"https:\/\/energyclub.com.tr\/supplement\/wp-json\/wp\/v2\/product_tag?post=3627"},{"taxonomy":"yst_prominent_words","embeddable":true,"href":"https:\/\/energyclub.com.tr\/supplement\/wp-json\/wp\/v2\/yst_prominent_words?post=3627"}],"curies":[{"name":"wp","href":"https:\/\/api.w.org\/{rel}","templated":true}]}}