{"id":3629,"date":"2020-01-09T15:54:05","date_gmt":"2020-01-09T12:54:05","guid":{"rendered":"https:\/\/energyclub.com.tr\/supplement\/?post_type=product&#038;p=3629"},"modified":"2020-12-16T16:25:54","modified_gmt":"2020-12-16T13:25:54","slug":"multipower-l-carnitine-liquid-forte-1800-mg-20-ampul","status":"publish","type":"product","link":"https:\/\/energyclub.com.tr\/supplement\/urun\/karnitin-cla\/karnitin\/multipower-l-carnitine-liquid-forte-1800-mg-20-ampul\/","title":{"rendered":"Multipower L-Carnitine Liquid Forte 1800 Mg. 20 Amp\u00fcl"},"content":{"rendered":"<p><strong>Multipower L-Carnitine Liquid 1800mg Nedir?\u00a0<\/strong><\/p>\n<p>Multipower L-Carnitine Liquid 1800mg s\u0131v\u0131 formda olan bir Karnitin \u00fcr\u00fcn\u00fcd\u00fcr.<\/p>\n<p>Avrupa&#8217;n\u0131n en b\u00fcy\u00fck sporcu g\u0131das\u0131 firmalar\u0131ndan biri olan Multipower, \u00fcretmi\u015f oldu\u011fu Karnitin \u00fcr\u00fcn\u00fcnde patentli olan ve d\u00fcnyan\u0131n en kaliteli ham maddesi olarak g\u00f6sterilen Carnipure i\u00e7ermektedir.<\/p>\n<p>L-Karnitin, \u00f6nceden t\u00fcketmi\u015f oldu\u011fumuz besinlerin spor esnas\u0131nda enerjiye d\u00f6n\u00fc\u015fmesinde yard\u0131mc\u0131 olabilir.<\/p>\n<p>H\u00fccre i\u00e7erisinde bulunan ya\u011f asitlerinin mitokondriye ta\u015f\u0131nmas\u0131na ve orada enerjiye d\u00f6n\u00fc\u015ft\u00fcr\u00fclmesine yard\u0131mc\u0131 olabilir.<\/p>\n<p>Multipower L-Carnitine Liquid 1800mg&#8217;\u0131n dikkat \u00e7eken \u00f6zellikleri:<\/p>\n<p>&#8211; Multipower L-Carnitine Liquid Alman \u00fcretimi olup \u00fcst d\u00fczey bir ham madde i\u00e7eri\u011fine sahiptir<\/p>\n<p>&#8211; Multipower L-Carnitine Liquid her 1 ampulunde saf formda 1800mg de\u011ferinde patentli Carnipure karnitin i\u00e7ermektedir<\/p>\n<p>&#8211; Multipower L-Carnitine Liquid s\u0131v\u0131 formu sayesinde karnitin i\u00e7eri\u011finin normalden daha h\u0131zl\u0131 bir \u015fekilde emilmesine yard\u0131mc\u0131 olabilir.<\/p>\n","protected":false},"excerpt":{"rendered":"<ul class=\"pp-first-list\">\n<li><span class=\"pp-sm-title\">Marka<\/span>:<span class=\"pp-sm-desc\"><a class=\"track-link p-detail-spec-link\" title=\"Multipower\" href=\"https:\/\/www.supplementler.com\/marka\/multipower-1-10\" data-category=\"Product-Specification-Links\" data-label=\"Multipower\" data-id=\"10\">Multipower<\/a><\/span><\/li>\n<li><span class=\"pp-sm-title pp-sm-title\">Servis Say\u0131s\u0131<\/span>:<span class=\"pp-sm-desc spec-service-size\">20<\/span><\/li>\n<li><span class=\"pp-sm-title\">Servis Miktar\u0131<\/span>:<span class=\"pp-sm-desc spec-service-amount\">1 Ampul (25 mL)<\/span><\/li>\n<li><span class=\"pp-sm-title\">Servis Ba\u015f\u0131 Fiyat<\/span>:<span class=\"pp-sm-desc spec-one-service-price\">9,75 TL<\/span><\/li>\n<\/ul>\n","protected":false},"featured_media":3630,"comment_status":"open","ping_status":"closed","template":"","meta":[],"product_brand":[],"product_cat":[134],"product_tag":[],"yst_prominent_words":[],"class_list":{"0":"post-3629","1":"product","2":"type-product","3":"status-publish","4":"has-post-thumbnail","6":"product_cat-karnitin","7":"pa_brand-multipower","9":"first","10":"outofstock","11":"shipping-taxable","12":"purchasable","13":"product-type-variable"},"_links":{"self":[{"href":"https:\/\/energyclub.com.tr\/supplement\/wp-json\/wp\/v2\/product\/3629","targetHints":{"allow":["GET"]}}],"collection":[{"href":"https:\/\/energyclub.com.tr\/supplement\/wp-json\/wp\/v2\/product"}],"about":[{"href":"https:\/\/energyclub.com.tr\/supplement\/wp-json\/wp\/v2\/types\/product"}],"replies":[{"embeddable":true,"href":"https:\/\/energyclub.com.tr\/supplement\/wp-json\/wp\/v2\/comments?post=3629"}],"wp:featuredmedia":[{"embeddable":true,"href":"https:\/\/energyclub.com.tr\/supplement\/wp-json\/wp\/v2\/media\/3630"}],"wp:attachment":[{"href":"https:\/\/energyclub.com.tr\/supplement\/wp-json\/wp\/v2\/media?parent=3629"}],"wp:term":[{"taxonomy":"product_brand","embeddable":true,"href":"https:\/\/energyclub.com.tr\/supplement\/wp-json\/wp\/v2\/product_brand?post=3629"},{"taxonomy":"product_cat","embeddable":true,"href":"https:\/\/energyclub.com.tr\/supplement\/wp-json\/wp\/v2\/product_cat?post=3629"},{"taxonomy":"product_tag","embeddable":true,"href":"https:\/\/energyclub.com.tr\/supplement\/wp-json\/wp\/v2\/product_tag?post=3629"},{"taxonomy":"yst_prominent_words","embeddable":true,"href":"https:\/\/energyclub.com.tr\/supplement\/wp-json\/wp\/v2\/yst_prominent_words?post=3629"}],"curies":[{"name":"wp","href":"https:\/\/api.w.org\/{rel}","templated":true}]}}