{"id":3633,"date":"2020-01-09T15:59:03","date_gmt":"2020-01-09T12:59:03","guid":{"rendered":"https:\/\/energyclub.com.tr\/supplement\/?post_type=product&#038;p=3633"},"modified":"2020-03-22T20:45:08","modified_gmt":"2020-03-22T17:45:08","slug":"nutrever-l-carnitine-3000-liquid-20-ampul","status":"publish","type":"product","link":"https:\/\/energyclub.com.tr\/supplement\/urun\/karnitin-cla\/karnitin\/nutrever-l-carnitine-3000-liquid-20-ampul\/","title":{"rendered":"Nutrever L-Carnitine 3000 Liquid 20 Ampul"},"content":{"rendered":"<p><strong>Nutrever L-Carnitine 3000 Liquid nedir?<\/strong><\/p>\n<p>S\u0131v\u0131 formda olan kompleks bir Karnitin \u00fcr\u00fcn\u00fcd\u00fcr. Her bir shot\u0131n i\u00e7erisind 3000mg Carnipure ham maddeli Karnitin i\u00e7eren Nutrever L-Carnitine Shot ek olarak termojenik etki yaratmaya yard\u0131mc\u0131 olabilecek Ye\u015fil \u00e7ay ekstresi ve kafein ekstreleri ile zenginle\u015ftirilmi\u015f bir form\u00fcle sahiptir.<\/p>\n<p>Nutrever L-Carnitine Shot 3000mg etkili form\u00fcl\u00fc,protein ve glikojen metabolizmas\u0131na yard\u0131mc\u0131 olan B6 vitamini i\u00e7erir. B3, B5 ve B6 vitaminleri, normal\u00a0enerji\u00a0olu\u015fum metabolizmas\u0131na destek olur. Form\u00fcle ilave edilmi\u015f bir di\u011fer etken madde ise krom mineralidir. Krom makro besin \u00f6\u011feleri metabolizmas\u0131na katk\u0131da bulunur.<\/p>\n<p>Nutrend L-Carnitine Shot 3000&#8217;in dikkat \u00e7eken \u00f6zellikleri:<\/p>\n<p>&#8211; 3000mg Carnipure ham maddeli karnitin i\u00e7eri\u011fi<\/p>\n<p>&#8211; Komples B Vitamin i\u00e7eri\u011fi ve krom<\/p>\n<p>&#8211; Termojenik etkiye yard\u0131mc\u0131 Kafein ve Ye\u015fil \u00c7ay i\u00e7eri\u011fi<\/p>\n","protected":false},"excerpt":{"rendered":"<ul class=\"pp-first-list\">\n<li><span class=\"pp-sm-title\">Marka<\/span>:<span class=\"pp-sm-desc\"><a class=\"track-link p-detail-spec-link\" title=\"Nutrever\" href=\"https:\/\/www.supplementler.com\/marka\/nutrever-1-1535\" data-category=\"Product-Specification-Links\" data-label=\"Nutrever\" data-id=\"1535\">Nutrever<\/a><\/span><\/li>\n<li><span class=\"pp-sm-title pp-sm-title\">Servis Say\u0131s\u0131<\/span>:<span class=\"pp-sm-desc spec-service-size\">20<\/span><\/li>\n<li><span class=\"pp-sm-title\">Servis Miktar\u0131<\/span>:<span class=\"pp-sm-desc spec-service-amount\">1 Ampul (60 mL)<\/span><\/li>\n<li><span class=\"pp-sm-title\">Servis Ba\u015f\u0131 Fiyat<\/span>:<span class=\"pp-sm-desc spec-one-service-price\">7,75 TL<\/span><\/li>\n<\/ul>\n","protected":false},"featured_media":3634,"comment_status":"open","ping_status":"closed","template":"","meta":[],"product_brand":[],"product_cat":[134],"product_tag":[],"yst_prominent_words":[],"class_list":{"0":"post-3633","1":"product","2":"type-product","3":"status-publish","4":"has-post-thumbnail","6":"product_cat-karnitin","7":"pa_brand-nutrever","9":"first","10":"instock","11":"shipping-taxable","12":"purchasable","13":"product-type-variable"},"_links":{"self":[{"href":"https:\/\/energyclub.com.tr\/supplement\/wp-json\/wp\/v2\/product\/3633","targetHints":{"allow":["GET"]}}],"collection":[{"href":"https:\/\/energyclub.com.tr\/supplement\/wp-json\/wp\/v2\/product"}],"about":[{"href":"https:\/\/energyclub.com.tr\/supplement\/wp-json\/wp\/v2\/types\/product"}],"replies":[{"embeddable":true,"href":"https:\/\/energyclub.com.tr\/supplement\/wp-json\/wp\/v2\/comments?post=3633"}],"wp:featuredmedia":[{"embeddable":true,"href":"https:\/\/energyclub.com.tr\/supplement\/wp-json\/wp\/v2\/media\/3634"}],"wp:attachment":[{"href":"https:\/\/energyclub.com.tr\/supplement\/wp-json\/wp\/v2\/media?parent=3633"}],"wp:term":[{"taxonomy":"product_brand","embeddable":true,"href":"https:\/\/energyclub.com.tr\/supplement\/wp-json\/wp\/v2\/product_brand?post=3633"},{"taxonomy":"product_cat","embeddable":true,"href":"https:\/\/energyclub.com.tr\/supplement\/wp-json\/wp\/v2\/product_cat?post=3633"},{"taxonomy":"product_tag","embeddable":true,"href":"https:\/\/energyclub.com.tr\/supplement\/wp-json\/wp\/v2\/product_tag?post=3633"},{"taxonomy":"yst_prominent_words","embeddable":true,"href":"https:\/\/energyclub.com.tr\/supplement\/wp-json\/wp\/v2\/yst_prominent_words?post=3633"}],"curies":[{"name":"wp","href":"https:\/\/api.w.org\/{rel}","templated":true}]}}