{"id":3637,"date":"2020-01-09T16:06:19","date_gmt":"2020-01-09T13:06:19","guid":{"rendered":"https:\/\/energyclub.com.tr\/supplement\/?post_type=product&#038;p=3637"},"modified":"2020-12-16T16:23:26","modified_gmt":"2020-12-16T13:23:26","slug":"zero-shot-l-carnitine-thermo-burn-960-ml","status":"publish","type":"product","link":"https:\/\/energyclub.com.tr\/supplement\/urun\/karnitin-cla\/karnitin\/zero-shot-l-carnitine-thermo-burn-960-ml\/","title":{"rendered":"Zero Shot L-Carnitine Thermo Burn 960 ML."},"content":{"rendered":"<p><strong>Zero Shot L-Carnitine Thermo Burn nedir?<\/strong><\/p>\n<p>ZeroShot serisinin termojenik \u00f6zelli\u011fe sahip ekstrelerle geli\u015ftirilmi\u015f \u00fcr\u00fcn\u00fcd\u00fcr. ZeroShot L-Carnitine<strong>\u00a0<\/strong>Thermo Burn \u00fcr\u00fcn\u00fcnde, di\u011fer ZeroShot \u00fcr\u00fcnlerde g\u00f6rmeye al\u0131\u015f\u0131k oldu\u011fumuz L karnitin, taurin ve kafein gibi \u00f6nemli mikrobesin \u00f6\u011feleri bulunmaktad\u0131r.<\/p>\n<p>Bunlarla birlikte i\u00e7erisinde ilave B6, B12 vitaminleri, folik asit ve krom bar\u0131nd\u0131rmaktad\u0131r.<\/p>\n<p>B6 ve B12 vitaminleri yorgunluk ve bitkinli\u011fin azalmas\u0131na katk\u0131da bulunurken B6 vitamini normal enerji olu\u015fum metabolizmas\u0131na yard\u0131mc\u0131 olur. B12 vitamini ise normal enerji olu\u015fumuna katk\u0131da bulunur. \u0130\u00e7erisinde bulunan Krom ise normal makro besin \u00f6\u011feleri metabolizmas\u0131na destek sa\u011flar.<\/p>\n<p>Etkili termojenik form\u00fclasyonuyla spor \u00f6ncesi ve spor esnas\u0131nda tercih edebilece\u011finiz bir \u00fcr\u00fcnd\u00fcr.<\/p>\n<p>Zero Shot L-Carnitine Thermo Burn \u00f6zellikleri:<\/p>\n<p>&#8211; 960 mL \u015fi\u015fe i\u00e7erisinde \u00f6l\u00e7e\u011fi ile birlikte sunulmaktad\u0131r<br \/>\n&#8211; Her serviste 2000 mg L-karnitin, 1000 mg taurin<br \/>\n&#8211; Lezzetli aromas\u0131<br \/>\n&#8211; Kafein ve vitamin ilaveli<br \/>\n&#8211; H\u0131zl\u0131 etki eden s\u0131v\u0131 form<br \/>\n&#8211; \u015eeker i\u00e7ermez<\/p>\n<p>Not: S\u00fct, soya, yumurta, kereviz, gluten i\u00e7eren tah\u0131llar ve hardal i\u015fleyen tesislerde \u00fcretilmi\u015ftir<\/p>\n","protected":false},"excerpt":{"rendered":"<ul class=\"pp-first-list\">\n<li><span class=\"pp-sm-title\">Marka<\/span>:<span class=\"pp-sm-desc\"><a class=\"track-link p-detail-spec-link\" title=\"Zeroshot\" href=\"https:\/\/www.supplementler.com\/marka\/zeroshot-1-1418\" data-category=\"Product-Specification-Links\" data-label=\"Zeroshot\" data-id=\"1418\">Zeroshot<\/a><\/span><\/li>\n<li><span class=\"pp-sm-title pp-sm-title\">Servis Say\u0131s\u0131<\/span>:<span class=\"pp-sm-desc spec-service-size\">32<\/span><\/li>\n<li><span class=\"pp-sm-title\">Servis Miktar\u0131<\/span>:<span class=\"pp-sm-desc spec-service-amount\">1 \u00f6l\u00e7ek (30 mL)<\/span><\/li>\n<li><span class=\"pp-sm-title\">Servis Ba\u015f\u0131 Fiyat<\/span>:<span class=\"pp-sm-desc spec-one-service-price\">3,41 TL<\/span><\/li>\n<\/ul>\n","protected":false},"featured_media":3638,"comment_status":"open","ping_status":"closed","template":"","meta":[],"product_brand":[],"product_cat":[134],"product_tag":[],"yst_prominent_words":[],"class_list":{"0":"post-3637","1":"product","2":"type-product","3":"status-publish","4":"has-post-thumbnail","6":"product_cat-karnitin","7":"pa_brand-zeroshot","9":"first","10":"instock","11":"shipping-taxable","12":"purchasable","13":"product-type-variable"},"_links":{"self":[{"href":"https:\/\/energyclub.com.tr\/supplement\/wp-json\/wp\/v2\/product\/3637","targetHints":{"allow":["GET"]}}],"collection":[{"href":"https:\/\/energyclub.com.tr\/supplement\/wp-json\/wp\/v2\/product"}],"about":[{"href":"https:\/\/energyclub.com.tr\/supplement\/wp-json\/wp\/v2\/types\/product"}],"replies":[{"embeddable":true,"href":"https:\/\/energyclub.com.tr\/supplement\/wp-json\/wp\/v2\/comments?post=3637"}],"wp:featuredmedia":[{"embeddable":true,"href":"https:\/\/energyclub.com.tr\/supplement\/wp-json\/wp\/v2\/media\/3638"}],"wp:attachment":[{"href":"https:\/\/energyclub.com.tr\/supplement\/wp-json\/wp\/v2\/media?parent=3637"}],"wp:term":[{"taxonomy":"product_brand","embeddable":true,"href":"https:\/\/energyclub.com.tr\/supplement\/wp-json\/wp\/v2\/product_brand?post=3637"},{"taxonomy":"product_cat","embeddable":true,"href":"https:\/\/energyclub.com.tr\/supplement\/wp-json\/wp\/v2\/product_cat?post=3637"},{"taxonomy":"product_tag","embeddable":true,"href":"https:\/\/energyclub.com.tr\/supplement\/wp-json\/wp\/v2\/product_tag?post=3637"},{"taxonomy":"yst_prominent_words","embeddable":true,"href":"https:\/\/energyclub.com.tr\/supplement\/wp-json\/wp\/v2\/yst_prominent_words?post=3637"}],"curies":[{"name":"wp","href":"https:\/\/api.w.org\/{rel}","templated":true}]}}