{"id":3639,"date":"2020-01-09T16:13:03","date_gmt":"2020-01-09T13:13:03","guid":{"rendered":"https:\/\/energyclub.com.tr\/supplement\/?post_type=product&#038;p=3639"},"modified":"2020-12-16T16:21:18","modified_gmt":"2020-12-16T13:21:18","slug":"zero-shot-60-ml-3000-mg-l-carnitine-plus-sambucus-12-adet","status":"publish","type":"product","link":"https:\/\/energyclub.com.tr\/supplement\/urun\/karnitin-cla\/karnitin\/zero-shot-60-ml-3000-mg-l-carnitine-plus-sambucus-12-adet\/","title":{"rendered":"Zero Shot 60 ML 3000 Mg. L-Carnitine + Plus Sambucus 12 Adet"},"content":{"rendered":"<p><strong>Zero Shot 60 ML 3000Mg L-Carnitine+Plus Sambucus nedir?<\/strong><\/p>\n<p>Zeroshot markas\u0131n\u0131n yeni \u00fcr\u00fcn\u00fc olan\u00a0Zero Shot 60 ML 3000Mg L-Carnitine+Plus Sambucus, formul\u00fcne sambucus ekstresi (black elderberry\/kara m\u00fcrver ekstresi) eklenerek zenginle\u015ftirilmi\u015f versiyonudur.<\/p>\n<p>Kara m\u00fcrver ekstresi y\u00fcksek miktarda C vitamini i\u00e7eren bir bitkidir. Yap\u0131lan bilimsel \u00e7al\u0131\u015fmalar, kara m\u00fcrver ekstresinin ba\u011f\u0131\u015f\u0131kl\u0131\u011f\u0131 desteklemeye yard\u0131mc\u0131 oldu\u011funu g\u00f6stermi\u015ftir.<\/p>\n<p>Zero Shot 60 ML 3000Mg L-Carnitine+Plus Sambucus&#8217;un dikkat \u00e7eken \u00f6zellikleri:<\/p>\n<p>&#8211; Servis ba\u015f\u0131na 3000 mg L karnitin,<\/p>\n<p>&#8211; Servis ba\u015f\u0131na 50 mg kara m\u00fcrver ekstresi,<\/p>\n<p>&#8211; Vitamin ve mineral i\u00e7eri\u011fi<\/p>\n<p>&#8211; Taurin, kafein ve anhidroz i\u00e7eren ZeroShot \u00f6zel kar\u0131\u015f\u0131m\u0131<\/p>\n<p>&#8211; 12&#8217;li kutusunda<\/p>\n","protected":false},"excerpt":{"rendered":"<ul class=\"pp-first-list\">\n<li><span class=\"pp-sm-title\">Marka<\/span>:<span class=\"pp-sm-desc\"><a class=\"track-link p-detail-spec-link\" title=\"Zeroshot\" href=\"https:\/\/www.supplementler.com\/marka\/zeroshot-1-1418\" data-category=\"Product-Specification-Links\" data-label=\"Zeroshot\" data-id=\"1418\">Zeroshot<\/a><\/span><\/li>\n<li><span class=\"pp-sm-title pp-sm-title\">Servis Say\u0131s\u0131<\/span>:<span class=\"pp-sm-desc spec-service-size\">12<\/span><\/li>\n<li><span class=\"pp-sm-title\">Servis Miktar\u0131<\/span>:<span class=\"pp-sm-desc spec-service-amount\">1 \u015ei\u015fe (60 mL)<\/span><\/li>\n<li><span class=\"pp-sm-title\">Servis Ba\u015f\u0131 Fiyat<\/span>:<span class=\"pp-sm-desc spec-one-service-price\">8,83 TL<\/span><\/li>\n<\/ul>\n","protected":false},"featured_media":3640,"comment_status":"open","ping_status":"closed","template":"","meta":[],"product_brand":[],"product_cat":[134],"product_tag":[],"yst_prominent_words":[],"class_list":{"0":"post-3639","1":"product","2":"type-product","3":"status-publish","4":"has-post-thumbnail","6":"product_cat-karnitin","7":"pa_brand-zeroshot","9":"first","10":"instock","11":"shipping-taxable","12":"purchasable","13":"product-type-variable"},"_links":{"self":[{"href":"https:\/\/energyclub.com.tr\/supplement\/wp-json\/wp\/v2\/product\/3639","targetHints":{"allow":["GET"]}}],"collection":[{"href":"https:\/\/energyclub.com.tr\/supplement\/wp-json\/wp\/v2\/product"}],"about":[{"href":"https:\/\/energyclub.com.tr\/supplement\/wp-json\/wp\/v2\/types\/product"}],"replies":[{"embeddable":true,"href":"https:\/\/energyclub.com.tr\/supplement\/wp-json\/wp\/v2\/comments?post=3639"}],"wp:featuredmedia":[{"embeddable":true,"href":"https:\/\/energyclub.com.tr\/supplement\/wp-json\/wp\/v2\/media\/3640"}],"wp:attachment":[{"href":"https:\/\/energyclub.com.tr\/supplement\/wp-json\/wp\/v2\/media?parent=3639"}],"wp:term":[{"taxonomy":"product_brand","embeddable":true,"href":"https:\/\/energyclub.com.tr\/supplement\/wp-json\/wp\/v2\/product_brand?post=3639"},{"taxonomy":"product_cat","embeddable":true,"href":"https:\/\/energyclub.com.tr\/supplement\/wp-json\/wp\/v2\/product_cat?post=3639"},{"taxonomy":"product_tag","embeddable":true,"href":"https:\/\/energyclub.com.tr\/supplement\/wp-json\/wp\/v2\/product_tag?post=3639"},{"taxonomy":"yst_prominent_words","embeddable":true,"href":"https:\/\/energyclub.com.tr\/supplement\/wp-json\/wp\/v2\/yst_prominent_words?post=3639"}],"curies":[{"name":"wp","href":"https:\/\/api.w.org\/{rel}","templated":true}]}}