{"id":3653,"date":"2020-01-09T17:01:47","date_gmt":"2020-01-09T14:01:47","guid":{"rendered":"https:\/\/energyclub.com.tr\/supplement\/?post_type=product&#038;p=3653"},"modified":"2020-12-16T16:01:10","modified_gmt":"2020-12-16T13:01:10","slug":"zero-shot-60-ml-3000-mg-l-carnitine-6-adet","status":"publish","type":"product","link":"https:\/\/energyclub.com.tr\/supplement\/urun\/karnitin-cla\/karnitin\/zero-shot-60-ml-3000-mg-l-carnitine-6-adet\/","title":{"rendered":"Zero Shot 60 ML. 3000 Mg. L-Carnitine 6 Adet"},"content":{"rendered":"<p><strong>Zeroshot 3000mg Nedir?<\/strong><\/p>\n<p>Zeroshot 3000mg s\u0131v\u0131 formda olan bir Karnitin \u00fcr\u00fcnd\u00fcr.<\/p>\n<p>L-Karnitin, \u00f6nceden t\u00fcketmi\u015f oldu\u011fumuz besinlerin spor esnas\u0131nda enerjiye d\u00f6n\u00fc\u015fmesinde yard\u0131mc\u0131 olabilir.<\/p>\n<p>H\u00fccre i\u00e7erisinde bulunan ya\u011f asitlerinin mitokondriye ta\u015f\u0131nmas\u0131na ve orada enerjiye d\u00f6n\u00fc\u015ft\u00fcr\u00fclmesine yard\u0131mc\u0131 olabilir.<\/p>\n<p>B6 ve B12 vitaminleri;<\/p>\n<p>&#8211; Ba\u011f\u0131\u015f\u0131kll\u0131k sisteminin normal fonksiyonuna,<br \/>\n&#8211; Normal enerji olu\u015fum metabolizmas\u0131na,<br \/>\n&#8211; Normal homosistein metabolizmas\u0131na,<br \/>\n&#8211; Normal k\u0131rm\u0131z\u0131 kan h\u00fccresi olu\u015fumuna,<br \/>\n&#8211; Yorgunlu\u011fun ve bitkinli\u011fin azalmas\u0131na katk\u0131da bulunur.<\/p>\n<p>Ayn\u0131 zamanda B6 vitamini;<br \/>\n&#8211; Normal sistein sentezine,<br \/>\n&#8211; Protein ve glikojen metabolizmas\u0131na katk\u0131da bulunur<br \/>\n&#8211; H\u00fccre b\u00f6l\u00fcnmesinde g\u00f6revi vard\u0131r<\/p>\n<p>Krom\u00a0ise normal makro besin \u00f6\u011feleri metabolizmas\u0131na katk\u0131da bulunur.<\/p>\n<p>Zeroshot&#8217;\u0131n dikkat \u00e7eken \u00f6zellikleri:<\/p>\n<p>&#8211; Zeroshot her 1 \u015fi\u015fede 3000mg Karnitin i\u00e7ermektedir<br \/>\n&#8211; Zeroshot karnitin i\u00e7eri\u011fine ek olarak kompleks bir form\u00fclasyona sahiptir:<\/p>\n<p>\u2022 B6 ve B12 vitamin i\u00e7eri\u011fi<br \/>\n\u2022 Krom<br \/>\n\u2022 Taurin<br \/>\n\u2022 Malik Asit<br \/>\n\u2022 Kafein<\/p>\n<p>&#8211; \u015eeker i\u00e7ermez (tatland\u0131r\u0131c\u0131 kayna\u011f\u0131 sukraloz)<\/p>\n<p>Not: Zero Shot \u00fcr\u00fcn\u00fc yurt d\u0131\u015f\u0131nda bulunmay\u0131p T\u00fcrkiye i\u00e7in \u00fcretilen bir \u00fcr\u00fcnd\u00fcr.<\/p>\n","protected":false},"excerpt":{"rendered":"<ul class=\"pp-first-list\">\n<li><span class=\"pp-sm-title\">Marka<\/span>:<span class=\"pp-sm-desc\"><a class=\"track-link p-detail-spec-link\" title=\"Zeroshot\" href=\"https:\/\/www.supplementler.com\/marka\/zeroshot-1-1418\" data-category=\"Product-Specification-Links\" data-label=\"Zeroshot\" data-id=\"1418\">Zeroshot<\/a><\/span><\/li>\n<li><span class=\"pp-sm-title pp-sm-title\">Servis Say\u0131s\u0131<\/span>:<span class=\"pp-sm-desc spec-service-size\">6<\/span><\/li>\n<li><span class=\"pp-sm-title\">Servis Miktar\u0131<\/span>:<span class=\"pp-sm-desc spec-service-amount\">1 \u015ei\u015fe (60 mL)<\/span><\/li>\n<li><span class=\"pp-sm-title\">Servis Ba\u015f\u0131 Fiyat<\/span>:<span class=\"pp-sm-desc spec-one-service-price\">9,83 TL<\/span><\/li>\n<\/ul>\n","protected":false},"featured_media":3654,"comment_status":"open","ping_status":"closed","template":"","meta":[],"product_brand":[],"product_cat":[134],"product_tag":[],"yst_prominent_words":[],"class_list":{"0":"post-3653","1":"product","2":"type-product","3":"status-publish","4":"has-post-thumbnail","6":"product_cat-karnitin","7":"pa_brand-zeroshot","9":"first","10":"outofstock","11":"shipping-taxable","12":"purchasable","13":"product-type-variable"},"_links":{"self":[{"href":"https:\/\/energyclub.com.tr\/supplement\/wp-json\/wp\/v2\/product\/3653","targetHints":{"allow":["GET"]}}],"collection":[{"href":"https:\/\/energyclub.com.tr\/supplement\/wp-json\/wp\/v2\/product"}],"about":[{"href":"https:\/\/energyclub.com.tr\/supplement\/wp-json\/wp\/v2\/types\/product"}],"replies":[{"embeddable":true,"href":"https:\/\/energyclub.com.tr\/supplement\/wp-json\/wp\/v2\/comments?post=3653"}],"wp:featuredmedia":[{"embeddable":true,"href":"https:\/\/energyclub.com.tr\/supplement\/wp-json\/wp\/v2\/media\/3654"}],"wp:attachment":[{"href":"https:\/\/energyclub.com.tr\/supplement\/wp-json\/wp\/v2\/media?parent=3653"}],"wp:term":[{"taxonomy":"product_brand","embeddable":true,"href":"https:\/\/energyclub.com.tr\/supplement\/wp-json\/wp\/v2\/product_brand?post=3653"},{"taxonomy":"product_cat","embeddable":true,"href":"https:\/\/energyclub.com.tr\/supplement\/wp-json\/wp\/v2\/product_cat?post=3653"},{"taxonomy":"product_tag","embeddable":true,"href":"https:\/\/energyclub.com.tr\/supplement\/wp-json\/wp\/v2\/product_tag?post=3653"},{"taxonomy":"yst_prominent_words","embeddable":true,"href":"https:\/\/energyclub.com.tr\/supplement\/wp-json\/wp\/v2\/yst_prominent_words?post=3653"}],"curies":[{"name":"wp","href":"https:\/\/api.w.org\/{rel}","templated":true}]}}