{"id":3655,"date":"2020-01-09T17:12:45","date_gmt":"2020-01-09T14:12:45","guid":{"rendered":"https:\/\/energyclub.com.tr\/supplement\/?post_type=product&#038;p=3655"},"modified":"2020-12-16T15:56:34","modified_gmt":"2020-12-16T12:56:34","slug":"big-joy-clabig-1000-mg-99-kapsul","status":"publish","type":"product","link":"https:\/\/energyclub.com.tr\/supplement\/urun\/karnitin-cla\/cla\/big-joy-clabig-1000-mg-99-kapsul\/","title":{"rendered":"Big Joy Clabig 1000 Mg. 99 Kaps\u00fcl"},"content":{"rendered":"<p><strong>Big Joy Clabig nedir?<\/strong><\/p>\n<p>Omega 6 ya\u011f asidi olan CLA(Konjuge linoleik asit), insan v\u00fccudu taraf\u0131ndan \u00fcretilemeyen ve besinler yoluyla al\u0131nmas\u0131 gereken bir ya\u011f asidi \u00e7e\u015fitidir.\u00a0Big Joy Clabig, i\u00e7eri\u011finde aspir ya\u011f\u0131 bulunmaktad\u0131r ve aspir ya\u011f\u0131 %80 oran\u0131nda CLA i\u00e7erir.<\/p>\n<p>CLA&#8217;n\u0131n ya\u011f seviyesini azaltmaya yard\u0131mc\u0131 etkileri \u00fczerine yap\u0131lan bilimsel ara\u015ft\u0131rmalar bulunmaktad\u0131r.<\/p>\n<p>Big Joy Clabig&#8217;in dikkat \u00e7eken \u00f6zellikleri:<\/p>\n<p>&#8211; Kutu i\u00e7inde 99 adet\u00a0yumu\u015fak kaps\u00fclde (softjel) i\u00e7erir<\/p>\n<p>&#8211; Her softjelde 1000 mg aspir ya\u011f\u0131 i\u00e7erir.<\/p>\n<p>Neden bir\u00e7ok diyet program\u0131nda \u00f6nerilen kitosan\u0131 CLA ile birlikte kullanmamal\u0131y\u0131m?<\/p>\n<p>Kitosan sindirim sistemindeki ya\u011flar\u0131 bloke \u00f6zelli\u011fiyle bilinen bir bile\u015fiktir. Ayr\u0131ca normal kan kolesterol d\u00fczeyinin korunmas\u0131na katk\u0131da bulunur.<\/p>\n<p>Kitosan, CLA ile birlikte al\u0131nd\u0131\u011f\u0131nda, CLA\u2019y\u0131 bloke ederek etkisiz hale getirebilir. \u00a0Bu nedenle CLA \u00fcr\u00fcnlerinin, kitosan bazl\u0131 \u00fcr\u00fcnlerle birlikte kullan\u0131lmas\u0131 \u00f6nerilmemektedir.<\/p>\n","protected":false},"excerpt":{"rendered":"<ul class=\"pp-first-list\">\n<li><span class=\"pp-sm-title\">Marka<\/span>:<span class=\"pp-sm-desc\"><a class=\"track-link p-detail-spec-link\" title=\"Big Joy\" href=\"https:\/\/www.supplementler.com\/marka\/big-joy-1-1330\" data-category=\"Product-Specification-Links\" data-label=\"Big Joy\" data-id=\"1330\">Big Joy<\/a><\/span><\/li>\n<li><span class=\"pp-sm-title pp-sm-title\">Servis Say\u0131s\u0131<\/span>:<span class=\"pp-sm-desc spec-service-size\">99<\/span><\/li>\n<li><span class=\"pp-sm-title\">Servis Miktar\u0131<\/span>:<span class=\"pp-sm-desc spec-service-amount\">1 Kaps\u00fcl<\/span><\/li>\n<li><span class=\"pp-sm-title\">Servis Ba\u015f\u0131 Fiyat<\/span>:<span class=\"pp-sm-desc spec-one-service-price\">0,90 TL<\/span><\/li>\n<\/ul>\n","protected":false},"featured_media":3656,"comment_status":"open","ping_status":"closed","template":"","meta":[],"product_brand":[],"product_cat":[135],"product_tag":[],"yst_prominent_words":[],"class_list":{"0":"post-3655","1":"product","2":"type-product","3":"status-publish","4":"has-post-thumbnail","6":"product_cat-cla","7":"pa_brand-bigjoy-supplement","9":"first","10":"outofstock","11":"shipping-taxable","12":"purchasable","13":"product-type-variable"},"_links":{"self":[{"href":"https:\/\/energyclub.com.tr\/supplement\/wp-json\/wp\/v2\/product\/3655","targetHints":{"allow":["GET"]}}],"collection":[{"href":"https:\/\/energyclub.com.tr\/supplement\/wp-json\/wp\/v2\/product"}],"about":[{"href":"https:\/\/energyclub.com.tr\/supplement\/wp-json\/wp\/v2\/types\/product"}],"replies":[{"embeddable":true,"href":"https:\/\/energyclub.com.tr\/supplement\/wp-json\/wp\/v2\/comments?post=3655"}],"wp:featuredmedia":[{"embeddable":true,"href":"https:\/\/energyclub.com.tr\/supplement\/wp-json\/wp\/v2\/media\/3656"}],"wp:attachment":[{"href":"https:\/\/energyclub.com.tr\/supplement\/wp-json\/wp\/v2\/media?parent=3655"}],"wp:term":[{"taxonomy":"product_brand","embeddable":true,"href":"https:\/\/energyclub.com.tr\/supplement\/wp-json\/wp\/v2\/product_brand?post=3655"},{"taxonomy":"product_cat","embeddable":true,"href":"https:\/\/energyclub.com.tr\/supplement\/wp-json\/wp\/v2\/product_cat?post=3655"},{"taxonomy":"product_tag","embeddable":true,"href":"https:\/\/energyclub.com.tr\/supplement\/wp-json\/wp\/v2\/product_tag?post=3655"},{"taxonomy":"yst_prominent_words","embeddable":true,"href":"https:\/\/energyclub.com.tr\/supplement\/wp-json\/wp\/v2\/yst_prominent_words?post=3655"}],"curies":[{"name":"wp","href":"https:\/\/api.w.org\/{rel}","templated":true}]}}