{"id":3659,"date":"2020-01-09T17:22:00","date_gmt":"2020-01-09T14:22:00","guid":{"rendered":"https:\/\/energyclub.com.tr\/supplement\/?post_type=product&#038;p=3659"},"modified":"2020-03-22T20:44:50","modified_gmt":"2020-03-22T17:44:50","slug":"grenade-thermo-detonator-10-x-4-kapsul","status":"publish","type":"product","link":"https:\/\/energyclub.com.tr\/supplement\/urun\/karnitin-cla\/cla\/grenade-thermo-detonator-10-x-4-kapsul\/","title":{"rendered":"Grenade Thermo Detonator 10 x 4 Kaps\u00fcl"},"content":{"rendered":"<p><b>Grenade Thermo Detonator Nedir?<\/b><\/p>\n<p>Grenade Thermo Detonator kaps\u00fcl formda olan termojenik bir \u00fcr\u00fcnd\u00fcr.<\/p>\n<p>\u0130ngiltere&#8217;de \u00f6d\u00fcl alm\u0131\u015f olan Grenade Thermo Detonator kendi kategorisindeki en ba\u015far\u0131l\u0131 \u00fcr\u00fcnlerdendir.<\/p>\n<p>Thermo Detonator&#8217;dan sa\u011fl\u0131kl\u0131 sonu\u00e7lar elde edebilmek i\u00e7in diyet d\u00f6neminde olman\u0131z\u0131n b\u00fcy\u00fck faydas\u0131 olacakt\u0131r.<\/p>\n<p>Grenade Thermo Detonator&#8217;\u0131n dikkat \u00e7eken \u00f6zellikleri:<\/p>\n<p>&#8211; Grenade Thermo Detonator i\u00e7eri\u011fi sayesinde bir \u00e7ok \u00f6d\u00fcl kazanm\u0131\u015f bir \u00fcr\u00fcnd\u00fcr<\/p>\n<p>&#8211; Grenade Thermo Detonator s\u0131rad\u0131\u015f\u0131 tasar\u0131mlar\u0131yla b\u00fcy\u00fck be\u011feni toplamaktad\u0131r<\/p>\n<p>&#8211; Grenade Thermo Detonator kompleks i\u00e7eri\u011fi ile enerji art\u0131\u015f\u0131 sa\u011flamaya yard\u0131mc\u0131 olabilir<\/p>\n<p>Grenade Thermo Detonator kullan\u0131rken g\u00fcn i\u00e7erisinde bol bol su t\u00fcketmeye \u00f6zen g\u00f6steriniz.<\/p>\n","protected":false},"excerpt":{"rendered":"<ul class=\"pp-first-list\">\n<li><span class=\"pp-sm-title\">Marka<\/span>:<span class=\"pp-sm-desc\"><a class=\"track-link p-detail-spec-link\" title=\"Grenade\" href=\"https:\/\/www.supplementler.com\/marka\/grenade-1-32\" data-category=\"Product-Specification-Links\" data-label=\"Grenade\" data-id=\"32\">Grenade<\/a><\/span><\/li>\n<li><span class=\"pp-sm-title pp-sm-title\">Servis Say\u0131s\u0131<\/span>:<span class=\"pp-sm-desc spec-service-size\">4<\/span><\/li>\n<li><span class=\"pp-sm-title\">Servis Miktar\u0131<\/span>:<span class=\"pp-sm-desc spec-service-amount\">1 Kaps\u00fcl<\/span><\/li>\n<li><span class=\"pp-sm-title\">Servis Ba\u015f\u0131 Fiyat<\/span>:<span class=\"pp-sm-desc spec-one-service-price\">3,25 TL<\/span><\/li>\n<\/ul>\n","protected":false},"featured_media":3660,"comment_status":"open","ping_status":"closed","template":"","meta":[],"product_brand":[],"product_cat":[135,136],"product_tag":[],"yst_prominent_words":[],"class_list":{"0":"post-3659","1":"product","2":"type-product","3":"status-publish","4":"has-post-thumbnail","6":"product_cat-cla","7":"product_cat-termojenik","8":"pa_brand-grenade","10":"first","11":"outofstock","12":"shipping-taxable","13":"purchasable","14":"product-type-variable"},"_links":{"self":[{"href":"https:\/\/energyclub.com.tr\/supplement\/wp-json\/wp\/v2\/product\/3659","targetHints":{"allow":["GET"]}}],"collection":[{"href":"https:\/\/energyclub.com.tr\/supplement\/wp-json\/wp\/v2\/product"}],"about":[{"href":"https:\/\/energyclub.com.tr\/supplement\/wp-json\/wp\/v2\/types\/product"}],"replies":[{"embeddable":true,"href":"https:\/\/energyclub.com.tr\/supplement\/wp-json\/wp\/v2\/comments?post=3659"}],"wp:featuredmedia":[{"embeddable":true,"href":"https:\/\/energyclub.com.tr\/supplement\/wp-json\/wp\/v2\/media\/3660"}],"wp:attachment":[{"href":"https:\/\/energyclub.com.tr\/supplement\/wp-json\/wp\/v2\/media?parent=3659"}],"wp:term":[{"taxonomy":"product_brand","embeddable":true,"href":"https:\/\/energyclub.com.tr\/supplement\/wp-json\/wp\/v2\/product_brand?post=3659"},{"taxonomy":"product_cat","embeddable":true,"href":"https:\/\/energyclub.com.tr\/supplement\/wp-json\/wp\/v2\/product_cat?post=3659"},{"taxonomy":"product_tag","embeddable":true,"href":"https:\/\/energyclub.com.tr\/supplement\/wp-json\/wp\/v2\/product_tag?post=3659"},{"taxonomy":"yst_prominent_words","embeddable":true,"href":"https:\/\/energyclub.com.tr\/supplement\/wp-json\/wp\/v2\/yst_prominent_words?post=3659"}],"curies":[{"name":"wp","href":"https:\/\/api.w.org\/{rel}","templated":true}]}}