{"id":3662,"date":"2020-01-09T18:10:26","date_gmt":"2020-01-09T15:10:26","guid":{"rendered":"https:\/\/energyclub.com.tr\/supplement\/?post_type=product&#038;p=3662"},"modified":"2021-03-01T17:14:26","modified_gmt":"2021-03-01T14:14:26","slug":"hardline-cla-one-1000-mg-100-jel-kapsul","status":"publish","type":"product","link":"https:\/\/energyclub.com.tr\/supplement\/urun\/karnitin-cla\/cla\/hardline-cla-one-1000-mg-100-jel-kapsul\/","title":{"rendered":"Hardline CLA One 1000 Mg. 100 Jel Kaps\u00fcl"},"content":{"rendered":"<p><strong>Hardline CLA One nedir?<\/strong><\/p>\n<p>Aspir bitkisinden elde edilen, her kaps\u00fclde 1000 mg aspir ya\u011f\u0131 i\u00e7eren g\u0131da takviyesidir. 1000 mg aspir ya\u011f\u0131nda 800 mg CLA (Konjuge Linoleik Asit) bulunmaktad\u0131r.<\/p>\n<p>Hardline CLA One&#8217;nin dikkat \u00e7eken \u00f6zellikleri:<\/p>\n<p>&#8211; G\u00fcnl\u00fck porsiyonda 2400 mg CLA (800 mg x 3 yumu\u015fak kaps\u00fcl)<\/p>\n<p>&#8211; Aspir bitkisinden ham madde kayna\u011f\u0131<\/p>\n<p>&#8211; %80 CLA oran\u0131<\/p>\n<p>Neden bir\u00e7ok diyet program\u0131nda \u00f6nerilen kitosan\u0131 CLA ile birlikte kullanmamal\u0131y\u0131m?<\/p>\n<p>Kitosan sindirim sistemindeki ya\u011flar\u0131 bloke \u00f6zelli\u011fiyle bilinen bir bile\u015fiktir. Ayr\u0131ca normal kan kolesterol d\u00fczeyinin korunmas\u0131na katk\u0131da bulunur.<\/p>\n<p>Kitosan, CLA ile birlikte al\u0131nd\u0131\u011f\u0131nda, CLA\u2019y\u0131 bloke ederek etkisiz hale getirebilir. \u00a0Bu nedenle CLA \u00fcr\u00fcnlerinin, kitosan bazl\u0131 \u00fcr\u00fcnlerle birlikte kullan\u0131lmas\u0131 \u00f6nerilmemektedir.<\/p>\n","protected":false},"excerpt":{"rendered":"<ul class=\"pp-first-list\">\n<li><span class=\"pp-sm-title\">Marka<\/span>:<span class=\"pp-sm-desc\"><a class=\"track-link p-detail-spec-link\" title=\"Hardline\" href=\"https:\/\/www.supplementler.com\/marka\/hardline-1-8\" data-category=\"Product-Specification-Links\" data-label=\"Hardline\" data-id=\"8\">Hardline<\/a><\/span><\/li>\n<li><span class=\"pp-sm-title pp-sm-title\">Servis Say\u0131s\u0131<\/span>:<span class=\"pp-sm-desc spec-service-size\">100<\/span><\/li>\n<li><span class=\"pp-sm-title\">Servis Miktar\u0131<\/span>:<span class=\"pp-sm-desc spec-service-amount\">1 Kaps\u00fcl<\/span><\/li>\n<li><span class=\"pp-sm-title\">Servis Ba\u015f\u0131 Fiyat<\/span>:<span class=\"pp-sm-desc spec-one-service-price\">0,99 TL<\/span><\/li>\n<\/ul>\n","protected":false},"featured_media":3663,"comment_status":"open","ping_status":"closed","template":"","meta":[],"product_brand":[],"product_cat":[135],"product_tag":[],"yst_prominent_words":[],"class_list":{"0":"post-3662","1":"product","2":"type-product","3":"status-publish","4":"has-post-thumbnail","6":"product_cat-cla","7":"pa_brand-hardline","9":"first","10":"instock","11":"shipping-taxable","12":"purchasable","13":"product-type-variable"},"_links":{"self":[{"href":"https:\/\/energyclub.com.tr\/supplement\/wp-json\/wp\/v2\/product\/3662","targetHints":{"allow":["GET"]}}],"collection":[{"href":"https:\/\/energyclub.com.tr\/supplement\/wp-json\/wp\/v2\/product"}],"about":[{"href":"https:\/\/energyclub.com.tr\/supplement\/wp-json\/wp\/v2\/types\/product"}],"replies":[{"embeddable":true,"href":"https:\/\/energyclub.com.tr\/supplement\/wp-json\/wp\/v2\/comments?post=3662"}],"wp:featuredmedia":[{"embeddable":true,"href":"https:\/\/energyclub.com.tr\/supplement\/wp-json\/wp\/v2\/media\/3663"}],"wp:attachment":[{"href":"https:\/\/energyclub.com.tr\/supplement\/wp-json\/wp\/v2\/media?parent=3662"}],"wp:term":[{"taxonomy":"product_brand","embeddable":true,"href":"https:\/\/energyclub.com.tr\/supplement\/wp-json\/wp\/v2\/product_brand?post=3662"},{"taxonomy":"product_cat","embeddable":true,"href":"https:\/\/energyclub.com.tr\/supplement\/wp-json\/wp\/v2\/product_cat?post=3662"},{"taxonomy":"product_tag","embeddable":true,"href":"https:\/\/energyclub.com.tr\/supplement\/wp-json\/wp\/v2\/product_tag?post=3662"},{"taxonomy":"yst_prominent_words","embeddable":true,"href":"https:\/\/energyclub.com.tr\/supplement\/wp-json\/wp\/v2\/yst_prominent_words?post=3662"}],"curies":[{"name":"wp","href":"https:\/\/api.w.org\/{rel}","templated":true}]}}