{"id":3686,"date":"2020-01-09T19:20:46","date_gmt":"2020-01-09T16:20:46","guid":{"rendered":"https:\/\/energyclub.com.tr\/supplement\/?post_type=product&#038;p=3686"},"modified":"2021-03-01T17:14:26","modified_gmt":"2021-03-01T14:14:26","slug":"hardline-mct-oil-500-ml","status":"publish","type":"product","link":"https:\/\/energyclub.com.tr\/supplement\/urun\/karnitin-cla\/termojenik\/hardline-mct-oil-500-ml\/","title":{"rendered":"Hardline MCT Oil 500 ML."},"content":{"rendered":"<p><strong>Hardline MCT Oil nedir?<\/strong><\/p>\n<p>Orta zincir trigliseridler (MCT) hindistan cevizi ve hurma \u00e7ekirde\u011fi yap\u0131s\u0131nda do\u011fal olarak bulunan ya\u011flard\u0131r. MCT&#8217;ler di\u011fer ya\u011flara g\u00f6re ba\u011f\u0131rsaklarda daha kolay ve h\u0131zl\u0131 \u015fekilde emilebilirler. MCT, v\u00fccudun ATP \u00fcretimi i\u00e7in \u00f6nemli bir kaynakt\u0131r ve keton formuna kolayca d\u00f6n\u00fc\u015f\u00fcp kalorik yak\u0131t olarak kullan\u0131labilir. Bu nedenle d\u00fc\u015f\u00fck karbonhidratl\u0131 beslenenler i\u00e7in alternatif bir tamamlay\u0131c\u0131 olabilir.<\/p>\n<p>Hardline MCT ya\u011f\u0131 yap\u0131s\u0131nda %60 kaprilik asit, %40 kaprik asit bulunur. Bu iki MTC formu, hindistan cevizi ya\u011f\u0131 i\u00e7erisinde bulunan di\u011fer doymu\u015f ya\u011flara g\u00f6re daha kolay kalorik enerjiye d\u00f6n\u00fc\u015f\u00fcr.<\/p>\n<p>Hardline MCT Oil, ya\u011fs\u0131z ve kokusuzdur. Protein shake\u2019lerinize, kahvenize kar\u0131\u015ft\u0131rabilir veya salatan\u0131za sos olarak ilave edebilirsiniz.<\/p>\n<p>Hardline MCT Oil&#8217;in dikkat \u00e7eken \u00f6zellikleri<\/p>\n<p>&#8211; %100 orta zincir trigliserit ya\u011flar\u0131 i\u00e7erir<\/p>\n<p>&#8211; Termojenik etki<\/p>\n<p>&#8211; H\u0131zl\u0131 emilim<\/p>\n<p>&#8211; Aromas\u0131z ve kokusuz<\/p>\n","protected":false},"excerpt":{"rendered":"<ul class=\"pp-first-list\">\n<li><span class=\"pp-sm-title\">Marka<\/span>:<span class=\"pp-sm-desc\"><a class=\"track-link p-detail-spec-link\" title=\"Hardline\" href=\"https:\/\/www.supplementler.com\/marka\/hardline-1-8\" data-category=\"Product-Specification-Links\" data-label=\"Hardline\" data-id=\"8\">Hardline<\/a><\/span><\/li>\n<li><span class=\"pp-sm-title pp-sm-title\">Servis Say\u0131s\u0131<\/span>:<span class=\"pp-sm-desc spec-service-size\">100<\/span><\/li>\n<li><span class=\"pp-sm-title\">Servis Miktar\u0131<\/span>:<span class=\"pp-sm-desc spec-service-amount\">1 \u00d6l\u00e7ek (5 mL)<\/span><\/li>\n<li><span class=\"pp-sm-title\">Servis Ba\u015f\u0131 Fiyat<\/span>:<span class=\"pp-sm-desc spec-one-service-price\">1,09 TL<\/span><\/li>\n<\/ul>\n","protected":false},"featured_media":3687,"comment_status":"open","ping_status":"closed","template":"","meta":[],"product_brand":[],"product_cat":[136],"product_tag":[],"yst_prominent_words":[],"class_list":{"0":"post-3686","1":"product","2":"type-product","3":"status-publish","4":"has-post-thumbnail","6":"product_cat-termojenik","7":"pa_brand-hardline","9":"first","10":"instock","11":"shipping-taxable","12":"purchasable","13":"product-type-variable"},"_links":{"self":[{"href":"https:\/\/energyclub.com.tr\/supplement\/wp-json\/wp\/v2\/product\/3686","targetHints":{"allow":["GET"]}}],"collection":[{"href":"https:\/\/energyclub.com.tr\/supplement\/wp-json\/wp\/v2\/product"}],"about":[{"href":"https:\/\/energyclub.com.tr\/supplement\/wp-json\/wp\/v2\/types\/product"}],"replies":[{"embeddable":true,"href":"https:\/\/energyclub.com.tr\/supplement\/wp-json\/wp\/v2\/comments?post=3686"}],"wp:featuredmedia":[{"embeddable":true,"href":"https:\/\/energyclub.com.tr\/supplement\/wp-json\/wp\/v2\/media\/3687"}],"wp:attachment":[{"href":"https:\/\/energyclub.com.tr\/supplement\/wp-json\/wp\/v2\/media?parent=3686"}],"wp:term":[{"taxonomy":"product_brand","embeddable":true,"href":"https:\/\/energyclub.com.tr\/supplement\/wp-json\/wp\/v2\/product_brand?post=3686"},{"taxonomy":"product_cat","embeddable":true,"href":"https:\/\/energyclub.com.tr\/supplement\/wp-json\/wp\/v2\/product_cat?post=3686"},{"taxonomy":"product_tag","embeddable":true,"href":"https:\/\/energyclub.com.tr\/supplement\/wp-json\/wp\/v2\/product_tag?post=3686"},{"taxonomy":"yst_prominent_words","embeddable":true,"href":"https:\/\/energyclub.com.tr\/supplement\/wp-json\/wp\/v2\/yst_prominent_words?post=3686"}],"curies":[{"name":"wp","href":"https:\/\/api.w.org\/{rel}","templated":true}]}}