{"id":3690,"date":"2020-01-09T19:27:19","date_gmt":"2020-01-09T16:27:19","guid":{"rendered":"https:\/\/energyclub.com.tr\/supplement\/?post_type=product&#038;p=3690"},"modified":"2021-03-29T16:54:14","modified_gmt":"2021-03-29T13:54:14","slug":"olimp-thermo-speed-xtreme-120-kapsul","status":"publish","type":"product","link":"https:\/\/energyclub.com.tr\/supplement\/urun\/karnitin-cla\/termojenik\/olimp-thermo-speed-xtreme-120-kapsul\/","title":{"rendered":"Olimp Thermo Speed Xtreme 120 Kaps\u00fcl"},"content":{"rendered":"<p><strong>Olimp Thermo Speed Xtreme nedir?<\/strong><\/p>\n<p>Yenilenen form\u00fcl\u00fc ile tekrar sporcular\u0131n be\u011fenisine sunulan Olimp&#8217;in termojenik \u00fcr\u00fcn\u00fcd\u00fcr.\u00a0Olimp Thermo Speed Xtreme, termojenik \u00f6zelli\u011fe sahip bile\u015fikler olan Guarana, tirozin, karabiber, kafein ve ye\u015fil \u00e7ay ekstrelerini bir kaps\u00fclde toplam\u0131\u015ft\u0131r. Form\u00fcl\u00fc \u00f6zellikle v\u00fccut geli\u015ftirme antrenmanlar\u0131n olduk\u00e7e \u00f6nemsedi\u011fi bitkisel bir destek olan turun\u00e7 ekstresi ile zenginle\u015ftirilmi\u015ftir.<\/p>\n<p>\u0130\u00e7erdi\u011fi kara biber ekstresi Bioperine\u00ae marka patentli bir ham maddedir.\u00a0Olimp Thermo Speed Xtreme&#8217;nin\u00a0verimlili\u011fi standardize edilmi\u015f bitkisel ekstreler ve patentli maddeler ile peki\u015fmektedir.<\/p>\n<p>Olimp Thermo Speed Xtreme&#8217;nin dikkat \u00e7eken \u00f6zellikleri:<\/p>\n<p>&#8211; Bilimsel olarak geli\u015ftirilmi\u015f form\u00fcl<\/p>\n<p>&#8211; Standardize bitkisel bile\u015fenler<\/p>\n<p>&#8211; Bioperine\u00ae ekstresi<\/p>\n","protected":false},"excerpt":{"rendered":"<ul class=\"pp-first-list\">\n<li><span class=\"pp-sm-title\">Marka<\/span>:<span class=\"pp-sm-desc\"><a class=\"track-link p-detail-spec-link\" title=\"Olimp\" href=\"https:\/\/www.supplementler.com\/marka\/olimp-1-27\" data-category=\"Product-Specification-Links\" data-label=\"Olimp\" data-id=\"27\">Olimp<\/a><\/span><\/li>\n<li><span class=\"pp-sm-title pp-sm-title\">Servis Say\u0131s\u0131<\/span>:<span class=\"pp-sm-desc spec-service-size\">120<\/span><\/li>\n<li><span class=\"pp-sm-title\">Servis Miktar\u0131<\/span>:<span class=\"pp-sm-desc spec-service-amount\">1 Kaps\u00fcl<\/span><\/li>\n<li><span class=\"pp-sm-title\">Servis Ba\u015f\u0131 Fiyat<\/span>:<span class=\"pp-sm-desc spec-one-service-price\">1,33 TL<\/span><\/li>\n<\/ul>\n","protected":false},"featured_media":3691,"comment_status":"open","ping_status":"closed","template":"","meta":[],"product_brand":[],"product_cat":[136],"product_tag":[],"yst_prominent_words":[],"class_list":{"0":"post-3690","1":"product","2":"type-product","3":"status-publish","4":"has-post-thumbnail","6":"product_cat-termojenik","7":"pa_brand-olimp","9":"first","10":"instock","11":"shipping-taxable","12":"purchasable","13":"product-type-variable"},"_links":{"self":[{"href":"https:\/\/energyclub.com.tr\/supplement\/wp-json\/wp\/v2\/product\/3690","targetHints":{"allow":["GET"]}}],"collection":[{"href":"https:\/\/energyclub.com.tr\/supplement\/wp-json\/wp\/v2\/product"}],"about":[{"href":"https:\/\/energyclub.com.tr\/supplement\/wp-json\/wp\/v2\/types\/product"}],"replies":[{"embeddable":true,"href":"https:\/\/energyclub.com.tr\/supplement\/wp-json\/wp\/v2\/comments?post=3690"}],"wp:featuredmedia":[{"embeddable":true,"href":"https:\/\/energyclub.com.tr\/supplement\/wp-json\/wp\/v2\/media\/3691"}],"wp:attachment":[{"href":"https:\/\/energyclub.com.tr\/supplement\/wp-json\/wp\/v2\/media?parent=3690"}],"wp:term":[{"taxonomy":"product_brand","embeddable":true,"href":"https:\/\/energyclub.com.tr\/supplement\/wp-json\/wp\/v2\/product_brand?post=3690"},{"taxonomy":"product_cat","embeddable":true,"href":"https:\/\/energyclub.com.tr\/supplement\/wp-json\/wp\/v2\/product_cat?post=3690"},{"taxonomy":"product_tag","embeddable":true,"href":"https:\/\/energyclub.com.tr\/supplement\/wp-json\/wp\/v2\/product_tag?post=3690"},{"taxonomy":"yst_prominent_words","embeddable":true,"href":"https:\/\/energyclub.com.tr\/supplement\/wp-json\/wp\/v2\/yst_prominent_words?post=3690"}],"curies":[{"name":"wp","href":"https:\/\/api.w.org\/{rel}","templated":true}]}}