{"id":3698,"date":"2020-01-09T19:43:44","date_gmt":"2020-01-09T16:43:44","guid":{"rendered":"https:\/\/energyclub.com.tr\/supplement\/?post_type=product&#038;p=3698"},"modified":"2021-03-01T17:14:26","modified_gmt":"2021-03-01T14:14:26","slug":"hardline-carnifit-500-ml-12-adet","status":"publish","type":"product","link":"https:\/\/energyclub.com.tr\/supplement\/urun\/karnitin-cla\/hazir-icecek\/hardline-carnifit-500-ml-12-adet\/","title":{"rendered":"Hardline Carnifit 500 ML 12 Adet"},"content":{"rendered":"<p><b>Hardline Carnifit Nedir?<\/b><\/p>\n<div>\n<p>Hardline Carnifit \u015fise formda olan bir L-Karnitin \u00fcr\u00fcn\u00fcd\u00fcr.<\/p>\n<p>Hardline Carnifit aktivite esnas\u0131nda olu\u015fan su kayb\u0131n\u0131 \u00f6nlemeye de etkili \u015fekilde yard\u0131mc\u0131 olur. \u015eeker i\u00e7ermeyen i\u00e7eri\u011fi sayesinde 1 \u015fisede sadece 7 kalori i\u00e7ermektedir. Her bir \u015fisesinde 2000mg L-Karnitin ve 500mg Taurin bulunmaktad\u0131r.<\/p>\n<p>Hardline Carnifit&#8217;in dikkat \u00e7eken \u00f6zellikleri:<\/p>\n<p>&#8211; Hardline Carnifit \u015fi\u015fe formu sayesinde kolayca kullan\u0131labilen bir \u00fcr\u00fcnd\u00fcr<\/p>\n<p>&#8211; Hardline Carnifit Taurin i\u00e7eri\u011fi sayesinde spor esnas\u0131nda enerji art\u0131\u015f\u0131na yard\u0131mc\u0131 olabilir<\/p>\n<p>&#8211; Hardline Carnifit 0 \u015feker i\u00e7ermektedir<\/p>\n<p>&#8211; Tatland\u0131r\u0131c\u0131 olarak do\u011fal bir tatland\u0131r\u0131c\u0131 olan STEVIA kullan\u0131lm\u0131\u015ft\u0131r.<\/p>\n<\/div>\n","protected":false},"excerpt":{"rendered":"<ul class=\"pp-first-list\">\n<li><span class=\"pp-sm-title\">Marka<\/span>:<span class=\"pp-sm-desc\"><a class=\"track-link p-detail-spec-link\" title=\"Hardline\" href=\"https:\/\/www.supplementler.com\/marka\/hardline-1-8\" data-category=\"Product-Specification-Links\" data-label=\"Hardline\" data-id=\"8\">Hardline<\/a><\/span><\/li>\n<li><span class=\"pp-sm-title pp-sm-title\">Servis Say\u0131s\u0131<\/span>:<span class=\"pp-sm-desc spec-service-size\">1<\/span><\/li>\n<li><span class=\"pp-sm-title\">Servis Miktar\u0131<\/span>:<span class=\"pp-sm-desc spec-service-amount\">1 \u015ei\u015fe (500 mL)<\/span><\/li>\n<li><span class=\"pp-sm-title\">Servis Ba\u015f\u0131 Fiyat<\/span>:7,41 TL<\/li>\n<\/ul>\n","protected":false},"featured_media":3697,"comment_status":"open","ping_status":"closed","template":"","meta":[],"product_brand":[],"product_cat":[137],"product_tag":[],"yst_prominent_words":[],"class_list":{"0":"post-3698","1":"product","2":"type-product","3":"status-publish","4":"has-post-thumbnail","6":"product_cat-hazir-icecek","7":"pa_brand-hardline","9":"first","10":"outofstock","11":"shipping-taxable","12":"purchasable","13":"product-type-variable"},"_links":{"self":[{"href":"https:\/\/energyclub.com.tr\/supplement\/wp-json\/wp\/v2\/product\/3698","targetHints":{"allow":["GET"]}}],"collection":[{"href":"https:\/\/energyclub.com.tr\/supplement\/wp-json\/wp\/v2\/product"}],"about":[{"href":"https:\/\/energyclub.com.tr\/supplement\/wp-json\/wp\/v2\/types\/product"}],"replies":[{"embeddable":true,"href":"https:\/\/energyclub.com.tr\/supplement\/wp-json\/wp\/v2\/comments?post=3698"}],"wp:featuredmedia":[{"embeddable":true,"href":"https:\/\/energyclub.com.tr\/supplement\/wp-json\/wp\/v2\/media\/3697"}],"wp:attachment":[{"href":"https:\/\/energyclub.com.tr\/supplement\/wp-json\/wp\/v2\/media?parent=3698"}],"wp:term":[{"taxonomy":"product_brand","embeddable":true,"href":"https:\/\/energyclub.com.tr\/supplement\/wp-json\/wp\/v2\/product_brand?post=3698"},{"taxonomy":"product_cat","embeddable":true,"href":"https:\/\/energyclub.com.tr\/supplement\/wp-json\/wp\/v2\/product_cat?post=3698"},{"taxonomy":"product_tag","embeddable":true,"href":"https:\/\/energyclub.com.tr\/supplement\/wp-json\/wp\/v2\/product_tag?post=3698"},{"taxonomy":"yst_prominent_words","embeddable":true,"href":"https:\/\/energyclub.com.tr\/supplement\/wp-json\/wp\/v2\/yst_prominent_words?post=3698"}],"curies":[{"name":"wp","href":"https:\/\/api.w.org\/{rel}","templated":true}]}}