{"id":3703,"date":"2020-01-09T19:54:06","date_gmt":"2020-01-09T16:54:06","guid":{"rendered":"https:\/\/energyclub.com.tr\/supplement\/?post_type=product&#038;p=3703"},"modified":"2020-03-22T20:44:25","modified_gmt":"2020-03-22T17:44:25","slug":"zero-shot-dumbbell-thermo-burn-l-carnitine-2000-mg","status":"publish","type":"product","link":"https:\/\/energyclub.com.tr\/supplement\/urun\/karnitin-cla\/hazir-icecek\/zero-shot-dumbbell-thermo-burn-l-carnitine-2000-mg\/","title":{"rendered":"Zero Shot Dumbbell Thermo Burn L-Carnitine 2000 MG."},"content":{"rendered":"<p><strong>ZeroShot Dumbbell Thermo Burn nedir?<\/strong><\/p>\n<p>ZeroShot serisinin termojenik \u00f6zelli\u011fe sahip ekstrelerle geli\u015ftirilmi\u015f yeni \u00fcr\u00fcn\u00fcd\u00fcr. \u00a0ZeroShot Dumbbell Thermo Burn \u00fcr\u00fcn\u00fcnde, di\u011fer ZeroShot \u00fcr\u00fcnlerde g\u00f6rmeye al\u0131\u015f\u0131k oldu\u011fumuz L karnitin, taurin ve kafein i\u00e7eriklerine ek olarak ye\u015fil \u00e7ay, guarana ve ye\u015fil kahve \u00e7ekirde\u011fi gibi metabolizmay\u0131 aktive etmeye yard\u0131mc\u0131 \u00f6nemli ekstreler bulunmaktad\u0131r.<\/p>\n<p>\u00d6zellikle ye\u015fil kahve hakk\u0131nda v\u00fccut ya\u011flar\u0131n\u0131n enerji olarak harcanmas\u0131na yard\u0131mc\u0131 etkileri \u00fczerine bilimsel ara\u015ft\u0131rmalar bulunmaktad\u0131r.<\/p>\n<p>Damb\u0131l \u015feklindeki farkl\u0131 tasar\u0131m\u0131 ve etkili termojenik form\u00fclasyonuyla spor \u00f6ncesi ve spor esnas\u0131nda tercih edebilece\u011finiz bir \u00fcr\u00fcnd\u00fcr.<\/p>\n<p>ZeroShot Dumbbell Thermo Burn&#8217;nun dikkat \u00e7eken \u00f6zellikleri:<\/p>\n<p>&#8211; 475 mL tek servis haz\u0131r \u015fi\u015fede sunulmaktad\u0131r<\/p>\n<p>&#8211; Her serviste 2000 mg L-karnitin, 1000 mg taurin<\/p>\n<p>&#8211; Ye\u015fil \u00e7ay ve ye\u015fil kahve \u00e7ekirde\u011fi ilaveli<\/p>\n<p>&#8211; Y\u00fcksek kafein i\u00e7eren guarana ekstreli<\/p>\n<p>&#8211; \u015eeker i\u00e7ermez<\/p>\n","protected":false},"excerpt":{"rendered":"<ul class=\"pp-first-list\">\n<li><span class=\"pp-sm-title\">Marka<\/span>:<span class=\"pp-sm-desc\"><a class=\"track-link p-detail-spec-link\" title=\"Zeroshot\" href=\"https:\/\/www.supplementler.com\/marka\/zeroshot-1-1418\" data-category=\"Product-Specification-Links\" data-label=\"Zeroshot\" data-id=\"1418\">Zeroshot<\/a><\/span><\/li>\n<li><span class=\"pp-sm-title pp-sm-title\">Servis Say\u0131s\u0131<\/span>:<span class=\"pp-sm-desc spec-service-size\">1<\/span><\/li>\n<li><span class=\"pp-sm-title\">Servis Miktar\u0131<\/span>:<span class=\"pp-sm-desc spec-service-amount\">1 \u015ei\u015fe (475 mL)<\/span><\/li>\n<li><span class=\"pp-sm-title\">Servis Ba\u015f\u0131 Fiyat<\/span>:<span class=\"pp-sm-desc spec-one-service-price\">9,00 TL<\/span><\/li>\n<\/ul>\n","protected":false},"featured_media":3704,"comment_status":"open","ping_status":"closed","template":"","meta":[],"product_brand":[],"product_cat":[137],"product_tag":[],"yst_prominent_words":[],"class_list":{"0":"post-3703","1":"product","2":"type-product","3":"status-publish","4":"has-post-thumbnail","6":"product_cat-hazir-icecek","7":"pa_brand-zeroshot","9":"first","10":"outofstock","11":"shipping-taxable","12":"purchasable","13":"product-type-variable"},"_links":{"self":[{"href":"https:\/\/energyclub.com.tr\/supplement\/wp-json\/wp\/v2\/product\/3703","targetHints":{"allow":["GET"]}}],"collection":[{"href":"https:\/\/energyclub.com.tr\/supplement\/wp-json\/wp\/v2\/product"}],"about":[{"href":"https:\/\/energyclub.com.tr\/supplement\/wp-json\/wp\/v2\/types\/product"}],"replies":[{"embeddable":true,"href":"https:\/\/energyclub.com.tr\/supplement\/wp-json\/wp\/v2\/comments?post=3703"}],"wp:featuredmedia":[{"embeddable":true,"href":"https:\/\/energyclub.com.tr\/supplement\/wp-json\/wp\/v2\/media\/3704"}],"wp:attachment":[{"href":"https:\/\/energyclub.com.tr\/supplement\/wp-json\/wp\/v2\/media?parent=3703"}],"wp:term":[{"taxonomy":"product_brand","embeddable":true,"href":"https:\/\/energyclub.com.tr\/supplement\/wp-json\/wp\/v2\/product_brand?post=3703"},{"taxonomy":"product_cat","embeddable":true,"href":"https:\/\/energyclub.com.tr\/supplement\/wp-json\/wp\/v2\/product_cat?post=3703"},{"taxonomy":"product_tag","embeddable":true,"href":"https:\/\/energyclub.com.tr\/supplement\/wp-json\/wp\/v2\/product_tag?post=3703"},{"taxonomy":"yst_prominent_words","embeddable":true,"href":"https:\/\/energyclub.com.tr\/supplement\/wp-json\/wp\/v2\/yst_prominent_words?post=3703"}],"curies":[{"name":"wp","href":"https:\/\/api.w.org\/{rel}","templated":true}]}}