{"id":3708,"date":"2020-01-10T15:35:18","date_gmt":"2020-01-10T12:35:18","guid":{"rendered":"https:\/\/energyclub.com.tr\/supplement\/?post_type=product&#038;p=3708"},"modified":"2020-11-26T16:42:04","modified_gmt":"2020-11-26T13:42:04","slug":"big-joy-pre-dator-510-gr","status":"publish","type":"product","link":"https:\/\/energyclub.com.tr\/supplement\/urun\/performans-guc\/guc-performans\/big-joy-pre-dator-510-gr\/","title":{"rendered":"BigJoy Sports Predator 510 Gr."},"content":{"rendered":"<p><strong>Big Joy Pre-Dator nedir?<\/strong><\/p>\n<p>Big Joy, Dennis James\u2019in beslenme program\u0131ndan esinlenerek olu\u015fturdu\u011fu form\u00fclasyona sahip bir Pre-Workout \u00fcr\u00fcn\u00fcd\u00fcr. Big Joy Pre-dator BCAA, Arjinin, Beta Alanin ve Sitr\u00fclin gibi yo\u011fun antrenman yapan sporculara y\u00f6nelik bile\u015fenler i\u00e7ermektedir.<\/p>\n<p>Sitr\u00fclin, v\u00fccutta \u00fcretilebildi\u011fi gibi besinlerden de sa\u011flanabilen bir amino asittir.\u00a0Taurin, metiyonin ve sistinden t\u00fcretilen, v\u00fccutta do\u011fal olarak bulunan bir amino asittir. Guarana; k\u00fc\u00e7\u00fck k\u0131rm\u0131z\u0131 meyveli, y\u00fcksek dozda kafein i\u00e7eren tropik bir bitki t\u00fcr\u00fcd\u00fcr. Guarana y\u00fcksek kafein i\u00e7eri\u011fiyle bilinmektedir.<\/p>\n<p>Big Joy Pre-Dator&#8217;un dikkat \u00e7eken \u00f6zellikleri:<\/p>\n<p>&#8211; BCAA, Beta alanin, Sitr\u00fclin gibi 18 bile\u015fenden olu\u015fan kompleks form\u00fcl<\/p>\n<p>&#8211; B3, B6 ve B12 vitaminleri ilaveli<\/p>\n<p>&#8211; Toz formda h\u0131zl\u0131 emilim<\/p>\n<p>&#8211; Aroma se\u00e7enekleri<\/p>\n<p><em>Not:\u00a0<\/em>\u00a0S\u00fct, Soya, Yumurta, Kereviz, Sert Kabuklu Meyveleri Gluten i\u00e7eren tah\u0131llar ve Hardal i\u015fleyen tesislerde \u00fcretilmi\u015ftir.<\/p>\n","protected":false},"excerpt":{"rendered":"<ul class=\"pp-first-list\">\n<li><span class=\"pp-sm-title\">Marka<\/span>:<span class=\"pp-sm-desc\"><a class=\"track-link p-detail-spec-link\" title=\"Big Joy\" href=\"https:\/\/www.supplementler.com\/marka\/big-joy-1-1330\" data-category=\"Product-Specification-Links\" data-label=\"Big Joy\" data-id=\"1330\">Big Joy<\/a><\/span><\/li>\n<li><span class=\"pp-sm-title pp-sm-title\">Servis Say\u0131s\u0131<\/span>:<span class=\"pp-sm-desc spec-service-size\">30<\/span><\/li>\n<li><span class=\"pp-sm-title\">Servis Miktar\u0131<\/span>:<span class=\"pp-sm-desc spec-service-amount\">1 \u00d6l\u00e7ek (17 g)<\/span><\/li>\n<li><span class=\"pp-sm-title\">Servis Ba\u015f\u0131 Fiyat<\/span>:<span class=\"pp-sm-desc spec-one-service-price\">5,63 TL<\/span><\/li>\n<\/ul>\n","protected":false},"featured_media":6574,"comment_status":"open","ping_status":"closed","template":"","meta":[],"product_brand":[],"product_cat":[138],"product_tag":[],"yst_prominent_words":[],"class_list":{"0":"post-3708","1":"product","2":"type-product","3":"status-publish","4":"has-post-thumbnail","6":"product_cat-guc-performans","7":"pa_brand-bigjoy-supplement","9":"first","10":"outofstock","11":"shipping-taxable","12":"purchasable","13":"product-type-variable"},"_links":{"self":[{"href":"https:\/\/energyclub.com.tr\/supplement\/wp-json\/wp\/v2\/product\/3708","targetHints":{"allow":["GET"]}}],"collection":[{"href":"https:\/\/energyclub.com.tr\/supplement\/wp-json\/wp\/v2\/product"}],"about":[{"href":"https:\/\/energyclub.com.tr\/supplement\/wp-json\/wp\/v2\/types\/product"}],"replies":[{"embeddable":true,"href":"https:\/\/energyclub.com.tr\/supplement\/wp-json\/wp\/v2\/comments?post=3708"}],"wp:featuredmedia":[{"embeddable":true,"href":"https:\/\/energyclub.com.tr\/supplement\/wp-json\/wp\/v2\/media\/6574"}],"wp:attachment":[{"href":"https:\/\/energyclub.com.tr\/supplement\/wp-json\/wp\/v2\/media?parent=3708"}],"wp:term":[{"taxonomy":"product_brand","embeddable":true,"href":"https:\/\/energyclub.com.tr\/supplement\/wp-json\/wp\/v2\/product_brand?post=3708"},{"taxonomy":"product_cat","embeddable":true,"href":"https:\/\/energyclub.com.tr\/supplement\/wp-json\/wp\/v2\/product_cat?post=3708"},{"taxonomy":"product_tag","embeddable":true,"href":"https:\/\/energyclub.com.tr\/supplement\/wp-json\/wp\/v2\/product_tag?post=3708"},{"taxonomy":"yst_prominent_words","embeddable":true,"href":"https:\/\/energyclub.com.tr\/supplement\/wp-json\/wp\/v2\/yst_prominent_words?post=3708"}],"curies":[{"name":"wp","href":"https:\/\/api.w.org\/{rel}","templated":true}]}}