{"id":3712,"date":"2020-01-10T15:41:29","date_gmt":"2020-01-10T12:41:29","guid":{"rendered":"https:\/\/energyclub.com.tr\/supplement\/?post_type=product&#038;p=3712"},"modified":"2020-03-22T20:44:20","modified_gmt":"2020-03-22T17:44:20","slug":"big-joy-pre-dator-go-21-drink-packets","status":"publish","type":"product","link":"https:\/\/energyclub.com.tr\/supplement\/urun\/performans-guc\/guc-performans\/big-joy-pre-dator-go-21-drink-packets\/","title":{"rendered":"Bigjoy Sports Predator Go! Mix Aroma 17gr. x 21 Adet (357gr.)"},"content":{"rendered":"<p><strong>Bigjoy Sports Predator Go! 21 Paket<\/strong><\/p>\n<p>Predator Go! Nedir? Faydalar\u0131 Nelerdir?<\/p>\n<p>Predator, d\u00fcnyaca \u00fcnl\u00fc v\u00fccut geli\u015ftirici ve antren\u00f6r olan\u00a0<strong>Dennis James taraf\u0131ndan Bigjoy markas\u0131na \u00f6zel form\u00fcle edilmi\u015f benzersiz i\u00e7erikte bir antrenman \u00f6ncesi (preworkout) \u00fcr\u00fcn\u00fcd\u00fcr.<\/strong><\/p>\n<p><u><strong>\u00dcr\u00fcn\u00fcn bu versiyonu tek kullan\u0131ml\u0131k\u00a0paketler halinde ve karpuz ile orman meyveleri olarak 2 farkl\u0131 aroma i\u00e7ermektedir.\u00a0<\/strong><\/u><\/p>\n<p><strong>Dennis James Kimdir?<\/strong><br \/>\nDennis James v\u00fccut geli\u015ftirme tarihin en ba\u015far\u0131l\u0131 sporcular\u0131 aras\u0131nda g\u00f6sterilir. Toplam 10 kez Mr. Olympia\u2019da yar\u0131\u015fm\u0131\u015ft\u0131r. Aktif yar\u0131\u015fmac\u0131l\u0131\u011f\u0131 b\u0131rakt\u0131ktan sonra elde etti\u011fi tecr\u00fcbeleri farkl\u0131 \u00fclkelerdeki \u00fcst d\u00fczey sporculara aktararak e\u011fitmenlik yapmaktad\u0131r. Yeti\u015ftirdi\u011fi sporcular Mr. Olympia gibi rekabetin en \u00fcst seviyede ya\u015fand\u0131\u011f\u0131 v\u00fccut geli\u015ftirme yar\u0131\u015fmalar\u0131nda m\u00fccadele etmekte, Dennis James\u2019in antrenman ve beslenme \u00f6nerileri ile ba\u015far\u0131lar elde etmektedir. \u015eu anda aktif olarak IFBB profesyonel v\u00fccut geli\u015ftirme sporcusu olan Dennis Wolf\u2019u \u00e7al\u0131\u015ft\u0131rmaktad\u0131r.<\/p>\n<p><strong>Bigjoy Predator Go!<\/strong><br \/>\nBigjoy T\u00fcrkiye\u2019de bir ilke imza atarak form\u00fclasyonunda Dennis James\u2019in sporcu beslenmesi ve antrenman\u0131 alanlar\u0131nda y\u0131llar i\u00e7inde edindi\u011fi bilgi ve tecr\u00fcbelerden yararlanad\u0131\u011f\u0131 i\u00e7erik olarak d\u00fcnya \u00e7ap\u0131nda bir preworkout \u00fcretti.<\/p>\n<p>Sporcular\u0131n ihtiya\u00e7lar\u0131n\u0131, hangi besin deste\u011finin hangi dozda en ideal sonu\u00e7lar verdi\u011fini hem kendinden hem de e\u011fitmenlik yapt\u0131\u011f\u0131 onlarca ba\u015far\u0131l\u0131 sporcudan \u00e7ok iyi bilen Dennis James\u2019in deste\u011fi ile T\u00fcrk sporcu besinleri sekt\u00f6r\u00fcn\u00fc bir \u00fcst seviyeye ta\u015f\u0131n\u0131yor.<\/p>\n<p><strong>Benzersiz \u0130\u00e7erik:<\/strong><br \/>\nBigjoy Predator i\u00e7erik olarak e\u015fsizdir. Antrenmanda ihtiya\u00e7 duydu\u011funuz i\u00e7erikleri, ideal dozda sunar.<\/p>\n<p><strong>BCAA<\/strong><br \/>\nPredator Go! 1 tekli paketinde 4:1:1 oran\u0131nda 3000 mg BCAA i\u00e7erir. BCAA\u2019lar di\u011fer amino asitlerden farkl\u0131 olarak karaci\u011fer yerine kaslarda metabolize olur. Bu sayede hem h\u0131zl\u0131 etki ederler hem de antrenmanda ciddi oranda enerji (ATP \u015feklinde) art\u0131\u015f\u0131 sa\u011flarlar. Ayr\u0131ca antrenman sonras\u0131nda protein sentezini h\u0131zland\u0131r\u0131r, kas k\u00fctlenizi art\u0131rman\u0131za yard\u0131m eder.<\/p>\n<p><strong>Arjinin<\/strong><br \/>\nPredator Go! 1 tekli paketinde 3000 mg arjinin AKG i\u00e7erir. Arjinin, nitrik oksit seviyelerinin yukar\u0131 ta\u015f\u0131nmas\u0131n\u0131 sa\u011flayarak kan dola\u015f\u0131m\u0131n\u0131 art\u0131r\u0131r. Artan kan ak\u0131\u015f\u0131 ile beraber kaslara daha fazla besin, oksijen ve glikoz gider, y\u0131pranan kaslar\u0131n onar\u0131m\u0131 ve yeni kas geli\u015fimi h\u0131zlan\u0131r. Daha y\u00fcksek pump hissi olu\u015fur.<\/p>\n<p><strong>Beta Alanin<\/strong><br \/>\nPredator 1 tekli paketinde 2800 mg beta alanin i\u00e7erir. Beta alanin, pek \u00e7ok preworkout \u00fcr\u00fcn\u00fcnde kullan\u0131lan, antrenman performans\u0131n\u0131z\u0131 y\u00fckseltmeye yard\u0131m eden bir amino asittir. En b\u00fcy\u00fck faydas\u0131 yorgunluk seviyesini a\u015fa\u011f\u0131ya \u00e7ekmeyi desteklemesi ve kas dayan\u0131kl\u0131l\u0131\u011f\u0131n\u0131 art\u0131rmaya yard\u0131mc\u0131 olmas\u0131d\u0131r. Bu \u00f6zellikleri sayesinde daha uzun s\u00fcre ve daha \u015fiddetli antrenman yapman\u0131za katk\u0131da bulunur.<\/p>\n<p><strong>Kreatin<\/strong><br \/>\nPredator 1 tekli paketinde1500 mg kreatin i\u00e7erir. Kreatinin temel g\u00f6revi, k\u0131sa s\u00fcreli ve yo\u011fun fiziksek aktivitelerde kaslara enerji takviye etmek olan bir takviyedir. \u00d6zellikle patlay\u0131c\u0131 kuvvetin geli\u015ftirilmesi i\u00e7in \u00e7ok etkilidir. K\u0131sa s\u00fcreli yo\u011fun egzersizlerde v\u00fccut kreatini temel enerji kayna\u011f\u0131 olan ATP\u2019ye d\u00f6n\u00fc\u015ft\u00fcr\u00fcr. Kreatin ayr\u0131ca kas h\u00fccrelerinin geni\u015flemesine yard\u0131mc\u0131 olur. Bu \u00f6zelli\u011fi sayesinde kreatin, hacim art\u0131\u015f\u0131 kazanmak isteyen sporcular\u0131n en s\u0131k kulland\u0131\u011f\u0131 takviyelerden biridir.<\/p>\n<p><strong>Sitr\u00fclin<\/strong><br \/>\nPredator 1 tekli paketinde 1000 mg sitr\u00fclin i\u00e7erir. Sitr\u00fclin sporcular\u0131n antrenman performans\u0131n\u0131 art\u0131rmak i\u00e7in en \u00e7ok kulland\u0131\u011f\u0131 amino asitlerden bir tanesidir. Y\u00fcksek yo\u011funluklu a\u011f\u0131rl\u0131k antrenman\u0131nda setler aras\u0131nda daha h\u0131zl\u0131 toparlanma sa\u011flar. T\u0131pk\u0131 arjinin gibi, nitrik oksit art\u0131\u015f\u0131 sa\u011flar ve kan ak\u0131\u015f\u0131n\u0131 art\u0131r\u0131r. Artan kan ak\u0131\u015f\u0131 ile beraber kaslara daha fazla besin, oksijen ve glikoz gider, y\u0131pranan kaslar\u0131n onar\u0131m\u0131 ve yeni kas geli\u015fimi h\u0131zlan\u0131r. Daha y\u00fcksek pump hissi olu\u015fur.<\/p>\n<p><strong>Taurine<\/strong><br \/>\nPredator 1 tekli paketinde 800 mg taurin i\u00e7erir. Taurin, ilk i\u00e7ti\u011finiz \u015fey olan anne s\u00fct\u00fcnde de bulunan bir amino asittir. V\u00fccutta da do\u011fal olarak bulunur. Hem fiziksel hem de zihinsel performans\u0131n artmas\u0131n\u0131 sa\u011flar.<\/p>\n<p><strong>Guarana<\/strong><br \/>\nPredator form\u00fcl\u00fcnde Guarana i\u00e7erir. Guarana tohumlar\u0131, kahve \u00e7ekirdeklerinden 3 kat daha fazla kafein i\u00e7erdi\u011finden, en zengin kafein kayna\u011f\u0131 olarak bilinirler. Ara\u015ft\u0131rmalar dikkati y\u00fckseltti\u011fi ve yorgunlu\u011fu azaltt\u0131\u011f\u0131n\u0131 g\u00f6stermektedir.<\/p>\n<p><strong>Ginseng<\/strong><br \/>\nPredator form\u00fcl\u00fcnde Ginseng i\u00e7erir. Ginseng binlerce y\u0131ld\u0131r Asya k\u00fclt\u00fcr\u00fc taraf\u0131dndan \u015fifal\u0131 \u00f6zelliklerinden dolay\u0131 kullan\u0131lan bir bitkidir. G\u00fc\u00e7l\u00fc antioksidan \u00f6zelli\u011fi sayesinde ba\u011f\u0131\u015f\u0131kl\u0131k sistemini korur, beyin fonksiyonlar\u0131na destek olarak strese kar\u015f\u0131 zihinsel dayan\u0131kl\u0131l\u0131\u011f\u0131 art\u0131r\u0131r, yorgunluk ile ba\u015f etmenizi kolayla\u015ft\u0131r\u0131r.<\/p>\n<p><strong>Elektrolitler<\/strong><br \/>\nPredator antrenman esnas\u0131nda performans\u0131n\u0131z\u0131n d\u00fc\u015fmesini engellemek i\u00e7in elektrolitler i\u00e7erir. Elektrolitler v\u00fccudunuzun sa\u011fl\u0131kl\u0131 \u015fekilde \u00e7al\u0131\u015fmas\u0131n\u0131 sa\u011flayan potasyum, sodyum ve kalsiyum gibi minerallerdir. Kaslar\u0131n kas\u0131lmas\u0131, sinir sisteminizin \u00e7al\u0131\u015fmas\u0131 i\u00e7in v\u00fccudunuzun elektrolitlere ihtiyac\u0131 vard\u0131r.<\/p>\n<p><strong>Nas\u0131l Kullan\u0131l\u0131r?<\/strong><br \/>\nAntrenman \u00f6ncesinde 1 tekli paketi (17gr) 300-500 ml suya kar\u0131\u015ft\u0131rarak t\u00fcketebilirsiniz. G\u00fcnl\u00fck tavsiye edilen miktar 1 servistir. G\u00fcnl\u00fck belirlenen dozaj\u0131 a\u015fmay\u0131n\u0131z.<\/p>\n","protected":false},"excerpt":{"rendered":"<ul class=\"pp-first-list\">\n<li><span class=\"pp-sm-title\">Marka<\/span>:<span class=\"pp-sm-desc\"><a class=\"track-link p-detail-spec-link\" title=\"Big Joy\" href=\"https:\/\/www.supplementler.com\/marka\/big-joy-1-1330\" data-category=\"Product-Specification-Links\" data-label=\"Big Joy\" data-id=\"1330\">Big Joy<\/a><\/span><\/li>\n<li><span class=\"pp-sm-title pp-sm-title\">Servis Say\u0131s\u0131<\/span>:<span class=\"pp-sm-desc spec-service-size\">21<\/span><\/li>\n<li><span class=\"pp-sm-title\">Servis Miktar\u0131<\/span>:<span class=\"pp-sm-desc spec-service-amount\">1 Paket (17 g)<\/span><\/li>\n<li><span class=\"pp-sm-title\">Servis Ba\u015f\u0131 Fiyat<\/span>:<span class=\"pp-sm-desc spec-one-service-price\">6,62 TL<\/span><\/li>\n<\/ul>\n","protected":false},"featured_media":3713,"comment_status":"open","ping_status":"closed","template":"","meta":[],"product_brand":[],"product_cat":[138],"product_tag":[],"yst_prominent_words":[],"class_list":{"0":"post-3712","1":"product","2":"type-product","3":"status-publish","4":"has-post-thumbnail","6":"product_cat-guc-performans","7":"pa_brand-bigjoy-supplement","9":"first","10":"outofstock","11":"shipping-taxable","12":"purchasable","13":"product-type-variable"},"_links":{"self":[{"href":"https:\/\/energyclub.com.tr\/supplement\/wp-json\/wp\/v2\/product\/3712","targetHints":{"allow":["GET"]}}],"collection":[{"href":"https:\/\/energyclub.com.tr\/supplement\/wp-json\/wp\/v2\/product"}],"about":[{"href":"https:\/\/energyclub.com.tr\/supplement\/wp-json\/wp\/v2\/types\/product"}],"replies":[{"embeddable":true,"href":"https:\/\/energyclub.com.tr\/supplement\/wp-json\/wp\/v2\/comments?post=3712"}],"wp:featuredmedia":[{"embeddable":true,"href":"https:\/\/energyclub.com.tr\/supplement\/wp-json\/wp\/v2\/media\/3713"}],"wp:attachment":[{"href":"https:\/\/energyclub.com.tr\/supplement\/wp-json\/wp\/v2\/media?parent=3712"}],"wp:term":[{"taxonomy":"product_brand","embeddable":true,"href":"https:\/\/energyclub.com.tr\/supplement\/wp-json\/wp\/v2\/product_brand?post=3712"},{"taxonomy":"product_cat","embeddable":true,"href":"https:\/\/energyclub.com.tr\/supplement\/wp-json\/wp\/v2\/product_cat?post=3712"},{"taxonomy":"product_tag","embeddable":true,"href":"https:\/\/energyclub.com.tr\/supplement\/wp-json\/wp\/v2\/product_tag?post=3712"},{"taxonomy":"yst_prominent_words","embeddable":true,"href":"https:\/\/energyclub.com.tr\/supplement\/wp-json\/wp\/v2\/yst_prominent_words?post=3712"}],"curies":[{"name":"wp","href":"https:\/\/api.w.org\/{rel}","templated":true}]}}