{"id":3714,"date":"2020-01-10T15:43:58","date_gmt":"2020-01-10T12:43:58","guid":{"rendered":"https:\/\/energyclub.com.tr\/supplement\/?post_type=product&#038;p=3714"},"modified":"2020-11-26T16:38:45","modified_gmt":"2020-11-26T13:38:45","slug":"big-joy-beta-alanine-powder-300-gr","status":"publish","type":"product","link":"https:\/\/energyclub.com.tr\/supplement\/urun\/performans-guc\/beta-alanin\/big-joy-beta-alanine-powder-300-gr\/","title":{"rendered":"Big Joy Beta Alanine Powder 300 Gr."},"content":{"rendered":"<p><strong>Big Joy Beta Alanine nedir?<\/strong><\/p>\n<p>Toz formda sadece Beta alanin amino asidi i\u00e7eren bir antrenman \u00f6ncesi (pre workout) \u00fcr\u00fcn\u00fcd\u00fcr. Beta alanin bir\u00e7ok pre-workout \u00fcr\u00fcn\u00fcnde kullan\u0131lan bir amino asittir.<\/p>\n<p>Yo\u011fun antrenman d\u00f6nemlerinde, kas dayan\u0131kl\u0131l\u0131\u011f\u0131n\u0131 desteklemeye, yorgunluk seviyenizi a\u015fa\u011f\u0131 \u00e7ekmeye ve verimli antrenman yapman\u0131z\u0131 sa\u011flamaya yard\u0131mc\u0131 olabilecek bir \u00fcr\u00fcnd\u00fcr. Beta alanin hakk\u0131nda yap\u0131lan ara\u015ft\u0131rmalarda, atletlerin aerobik kapasitesine ve sprint performans\u0131 \u00fczerine yard\u0131mc\u0131 etkileri incelenmi\u015ftir.<\/p>\n<p>Big Joy Beta Alanine&#8217; nin dikkat \u00e7eken \u00f6zellikleri:<\/p>\n<p>&#8211; Her serviste 3 gram Beta-alanin<\/p>\n<p>&#8211; Saf Beta-Alanin i\u00e7eri\u011fi<\/p>\n<p>&#8211; Aromas\u0131z olmas\u0131 sayesinde aromal\u0131 i\u00e7ecekler ile kar\u0131\u015ft\u0131r\u0131labilir<\/p>\n","protected":false},"excerpt":{"rendered":"<ul class=\"pp-first-list\">\n<li><span class=\"pp-sm-title\">Marka<\/span>:<span class=\"pp-sm-desc\"><a class=\"track-link p-detail-spec-link\" title=\"Big Joy\" href=\"https:\/\/www.supplementler.com\/marka\/big-joy-1-1330\" data-category=\"Product-Specification-Links\" data-label=\"Big Joy\" data-id=\"1330\">Big Joy<\/a><\/span><\/li>\n<li><span class=\"pp-sm-title pp-sm-title\">Servis Say\u0131s\u0131<\/span>:<span class=\"pp-sm-desc spec-service-size\">100<\/span><\/li>\n<li><span class=\"pp-sm-title\">Servis Miktar\u0131<\/span>:<span class=\"pp-sm-desc spec-service-amount\">1 \u00d6l\u00e7ek (3 g)<\/span><\/li>\n<li><span class=\"pp-sm-title\">Servis Ba\u015f\u0131 Fiyat<\/span>:<span class=\"pp-sm-desc spec-one-service-price\">0,89 TL<\/span><\/li>\n<\/ul>\n","protected":false},"featured_media":3715,"comment_status":"open","ping_status":"closed","template":"","meta":[],"product_brand":[],"product_cat":[142,138],"product_tag":[],"yst_prominent_words":[],"class_list":{"0":"post-3714","1":"product","2":"type-product","3":"status-publish","4":"has-post-thumbnail","6":"product_cat-beta-alanin","7":"product_cat-guc-performans","8":"pa_brand-bigjoy-supplement","10":"first","11":"outofstock","12":"shipping-taxable","13":"purchasable","14":"product-type-variable"},"_links":{"self":[{"href":"https:\/\/energyclub.com.tr\/supplement\/wp-json\/wp\/v2\/product\/3714","targetHints":{"allow":["GET"]}}],"collection":[{"href":"https:\/\/energyclub.com.tr\/supplement\/wp-json\/wp\/v2\/product"}],"about":[{"href":"https:\/\/energyclub.com.tr\/supplement\/wp-json\/wp\/v2\/types\/product"}],"replies":[{"embeddable":true,"href":"https:\/\/energyclub.com.tr\/supplement\/wp-json\/wp\/v2\/comments?post=3714"}],"wp:featuredmedia":[{"embeddable":true,"href":"https:\/\/energyclub.com.tr\/supplement\/wp-json\/wp\/v2\/media\/3715"}],"wp:attachment":[{"href":"https:\/\/energyclub.com.tr\/supplement\/wp-json\/wp\/v2\/media?parent=3714"}],"wp:term":[{"taxonomy":"product_brand","embeddable":true,"href":"https:\/\/energyclub.com.tr\/supplement\/wp-json\/wp\/v2\/product_brand?post=3714"},{"taxonomy":"product_cat","embeddable":true,"href":"https:\/\/energyclub.com.tr\/supplement\/wp-json\/wp\/v2\/product_cat?post=3714"},{"taxonomy":"product_tag","embeddable":true,"href":"https:\/\/energyclub.com.tr\/supplement\/wp-json\/wp\/v2\/product_tag?post=3714"},{"taxonomy":"yst_prominent_words","embeddable":true,"href":"https:\/\/energyclub.com.tr\/supplement\/wp-json\/wp\/v2\/yst_prominent_words?post=3714"}],"curies":[{"name":"wp","href":"https:\/\/api.w.org\/{rel}","templated":true}]}}