{"id":3716,"date":"2020-01-10T15:46:42","date_gmt":"2020-01-10T12:46:42","guid":{"rendered":"https:\/\/energyclub.com.tr\/supplement\/?post_type=product&#038;p=3716"},"modified":"2020-11-26T16:37:22","modified_gmt":"2020-11-26T13:37:22","slug":"grenade-50-calibre-pre-workout-50-servis","status":"publish","type":"product","link":"https:\/\/energyclub.com.tr\/supplement\/urun\/performans-guc\/guc-performans\/grenade-50-calibre-pre-workout-50-servis\/","title":{"rendered":"Grenade 50 Calibre Pre-Workout 50 Servis"},"content":{"rendered":"<p><strong>Grenade 50. Calibre Nedir?<\/strong><\/p>\n<p>Grenade 50. Calibre toz formda olan bir antrenman \u00f6ncesi (Pre-Workout) \u00fcr\u00fcn\u00fcd\u00fcr.<\/p>\n<p>Kompleks bir i\u00e7eri\u011fe sahip olan Grenade 50. Calibre sporcular\u0131n antrenman esnas\u0131nda daha olumlu sonu\u00e7lar almas\u0131 i\u00e7in yard\u0131mc\u0131 olabilir.<\/p>\n<p>Grenade 50. Calibre&#8217;nin dikkat \u00e7eken \u00f6zellikleri:<\/p>\n<p>&#8211; Grenade 50. Calibre y\u00fcksek miktarda L-Alanin i\u00e7ermektedir<\/p>\n<p>&#8211; Grenade 50. Calibre genel olarak t\u00fcm NOX \u00fcr\u00fcnlerinde bulunan Arjinin ve Taurin i\u00e7eri\u011fine sahiptir<\/p>\n<p>&#8211; Grenade 50. Calibre 2:1:1 oran\u0131nda BCAA i\u00e7ermektedir<\/p>\n","protected":false},"excerpt":{"rendered":"<ul class=\"pp-first-list\">\n<li><span class=\"pp-sm-title\">Marka<\/span>:<span class=\"pp-sm-desc\"><a class=\"track-link p-detail-spec-link\" title=\"Grenade\" href=\"https:\/\/www.supplementler.com\/marka\/grenade-1-32\" data-category=\"Product-Specification-Links\" data-label=\"Grenade\" data-id=\"32\">Grenade<\/a><\/span><\/li>\n<li><span class=\"pp-sm-title pp-sm-title\">Servis Say\u0131s\u0131<\/span>:<span class=\"pp-sm-desc spec-service-size\">50<\/span><\/li>\n<li><span class=\"pp-sm-title\">Servis Miktar\u0131<\/span>:<span class=\"pp-sm-desc spec-service-amount\">1\/2 \u00d6l\u00e7ek (11,6 g)<\/span><\/li>\n<li><span class=\"pp-sm-title\">Servis Ba\u015f\u0131 Fiyat<\/span>:<span class=\"pp-sm-desc spec-one-service-price\">5,98 TL<\/span><\/li>\n<\/ul>\n","protected":false},"featured_media":3717,"comment_status":"open","ping_status":"closed","template":"","meta":[],"product_brand":[],"product_cat":[138],"product_tag":[],"yst_prominent_words":[],"class_list":{"0":"post-3716","1":"product","2":"type-product","3":"status-publish","4":"has-post-thumbnail","6":"product_cat-guc-performans","7":"pa_brand-grenade","9":"first","10":"instock","11":"shipping-taxable","12":"purchasable","13":"product-type-variable"},"_links":{"self":[{"href":"https:\/\/energyclub.com.tr\/supplement\/wp-json\/wp\/v2\/product\/3716","targetHints":{"allow":["GET"]}}],"collection":[{"href":"https:\/\/energyclub.com.tr\/supplement\/wp-json\/wp\/v2\/product"}],"about":[{"href":"https:\/\/energyclub.com.tr\/supplement\/wp-json\/wp\/v2\/types\/product"}],"replies":[{"embeddable":true,"href":"https:\/\/energyclub.com.tr\/supplement\/wp-json\/wp\/v2\/comments?post=3716"}],"wp:featuredmedia":[{"embeddable":true,"href":"https:\/\/energyclub.com.tr\/supplement\/wp-json\/wp\/v2\/media\/3717"}],"wp:attachment":[{"href":"https:\/\/energyclub.com.tr\/supplement\/wp-json\/wp\/v2\/media?parent=3716"}],"wp:term":[{"taxonomy":"product_brand","embeddable":true,"href":"https:\/\/energyclub.com.tr\/supplement\/wp-json\/wp\/v2\/product_brand?post=3716"},{"taxonomy":"product_cat","embeddable":true,"href":"https:\/\/energyclub.com.tr\/supplement\/wp-json\/wp\/v2\/product_cat?post=3716"},{"taxonomy":"product_tag","embeddable":true,"href":"https:\/\/energyclub.com.tr\/supplement\/wp-json\/wp\/v2\/product_tag?post=3716"},{"taxonomy":"yst_prominent_words","embeddable":true,"href":"https:\/\/energyclub.com.tr\/supplement\/wp-json\/wp\/v2\/yst_prominent_words?post=3716"}],"curies":[{"name":"wp","href":"https:\/\/api.w.org\/{rel}","templated":true}]}}