{"id":3718,"date":"2020-01-10T15:50:01","date_gmt":"2020-01-10T12:50:01","guid":{"rendered":"https:\/\/energyclub.com.tr\/supplement\/?post_type=product&#038;p=3718"},"modified":"2021-03-01T17:14:27","modified_gmt":"2021-03-01T14:14:27","slug":"hardline-nox-2-1090-gr","status":"publish","type":"product","link":"https:\/\/energyclub.com.tr\/supplement\/urun\/performans-guc\/guc-performans\/hardline-nox-2-1090-gr\/","title":{"rendered":"Hardline Nox 2 1090 Gr."},"content":{"rendered":"<div class=\"product-panel-description cfix\">\n<p><b>Hardline NOX 2 Nedir?<\/b><\/p>\n<p>Hardline NOX\u00a0 2 toz formda \u00f6zel bir \u015fekilde geli\u015ftirilmi\u015f bir antrenman \u00f6ncesi (Pre-Workout) \u00fcr\u00fcnd\u00fcr.<\/p>\n<p>Kompleks bir i\u00e7eri\u011fe sahip olan Hardline NOX 2, sporcular\u0131n daha olumlu sonu\u00e7lar almas\u0131na yard\u0131mc\u0131 olabilir.<\/p>\n<p>Hardline NOX 2&#8217;nin dikkat \u00e7eken \u00f6zellikleri:<\/p>\n<p>&#8211; Hardline NOX 2 \u00e7ok y\u00fcksek miktarda Arjinin AKG i\u00e7ermektedir (6000mg)<\/p>\n<p>&#8211; Hardline NOX 2 ATP a\u00e7\u0131s\u0131ndan \u00f6nem ta\u015f\u0131yan L-Citrulline Malate i\u00e7ermektedir<\/p>\n<p>&#8211; Hardline NOX 2 ek olarak Taurin ve Ornitin AKG gibi amino asitler i\u00e7ermektedir<\/p>\n<\/div>\n","protected":false},"excerpt":{"rendered":"<ul class=\"pp-first-list\">\n<li><span class=\"pp-sm-title\">Marka<\/span>:<span class=\"pp-sm-desc\"><a class=\"track-link p-detail-spec-link\" title=\"Hardline\" href=\"https:\/\/www.supplementler.com\/marka\/hardline-1-8\" data-category=\"Product-Specification-Links\" data-label=\"Hardline\" data-id=\"8\">Hardline<\/a><\/span><\/li>\n<li><span class=\"pp-sm-title pp-sm-title\">Servis Say\u0131s\u0131<\/span>:<span class=\"pp-sm-desc spec-service-size\">30<\/span><\/li>\n<li><span class=\"pp-sm-title\">Servis Miktar\u0131<\/span>:<span class=\"pp-sm-desc spec-service-amount\">1 \u00d6l\u00e7ek (36 g)<\/span><\/li>\n<li><span class=\"pp-sm-title\">Servis Ba\u015f\u0131 Fiyat<\/span>:<span class=\"pp-sm-desc spec-one-service-price\">6,63 TL<\/span><\/li>\n<\/ul>\n","protected":false},"featured_media":3719,"comment_status":"open","ping_status":"closed","template":"","meta":[],"product_brand":[],"product_cat":[138],"product_tag":[],"yst_prominent_words":[],"class_list":{"0":"post-3718","1":"product","2":"type-product","3":"status-publish","4":"has-post-thumbnail","6":"product_cat-guc-performans","7":"pa_brand-hardline","9":"first","10":"instock","11":"shipping-taxable","12":"purchasable","13":"product-type-variable"},"_links":{"self":[{"href":"https:\/\/energyclub.com.tr\/supplement\/wp-json\/wp\/v2\/product\/3718","targetHints":{"allow":["GET"]}}],"collection":[{"href":"https:\/\/energyclub.com.tr\/supplement\/wp-json\/wp\/v2\/product"}],"about":[{"href":"https:\/\/energyclub.com.tr\/supplement\/wp-json\/wp\/v2\/types\/product"}],"replies":[{"embeddable":true,"href":"https:\/\/energyclub.com.tr\/supplement\/wp-json\/wp\/v2\/comments?post=3718"}],"wp:featuredmedia":[{"embeddable":true,"href":"https:\/\/energyclub.com.tr\/supplement\/wp-json\/wp\/v2\/media\/3719"}],"wp:attachment":[{"href":"https:\/\/energyclub.com.tr\/supplement\/wp-json\/wp\/v2\/media?parent=3718"}],"wp:term":[{"taxonomy":"product_brand","embeddable":true,"href":"https:\/\/energyclub.com.tr\/supplement\/wp-json\/wp\/v2\/product_brand?post=3718"},{"taxonomy":"product_cat","embeddable":true,"href":"https:\/\/energyclub.com.tr\/supplement\/wp-json\/wp\/v2\/product_cat?post=3718"},{"taxonomy":"product_tag","embeddable":true,"href":"https:\/\/energyclub.com.tr\/supplement\/wp-json\/wp\/v2\/product_tag?post=3718"},{"taxonomy":"yst_prominent_words","embeddable":true,"href":"https:\/\/energyclub.com.tr\/supplement\/wp-json\/wp\/v2\/yst_prominent_words?post=3718"}],"curies":[{"name":"wp","href":"https:\/\/api.w.org\/{rel}","templated":true}]}}