{"id":3720,"date":"2020-01-10T15:52:58","date_gmt":"2020-01-10T12:52:58","guid":{"rendered":"https:\/\/energyclub.com.tr\/supplement\/?post_type=product&#038;p=3720"},"modified":"2021-03-01T17:14:25","modified_gmt":"2021-03-01T14:14:25","slug":"hardline-carbopure-4000-gr","status":"publish","type":"product","link":"https:\/\/energyclub.com.tr\/supplement\/urun\/performans-guc\/guc-performans\/hardline-carbopure-4000-gr\/","title":{"rendered":"Hardline Carbopure 4000 Gr."},"content":{"rendered":"<p><strong>Hardline Carbopure Nedir?<\/strong><\/p>\n<p>Hardline Carbopure toz formda olan ve saf karbonhidrattan olu\u015fan bir karbonhidrat \u00fcr\u00fcn\u00fcd\u00fcr.<\/p>\n<p>Hardline Carbopure m\u0131s\u0131rdan elde edilmi\u015f olan ve performans art\u0131\u015f\u0131na y\u00f6nelik \u00fcretilmi\u015f saf bir karbonhidrat \u00fcr\u00fcn\u00fcd\u00fcr.<\/p>\n<p>Carbopure antrenman \u00f6ncesinde al\u0131nd\u0131\u011f\u0131nda sporcular\u0131n antrenman performans\u0131n\u0131 olumlu y\u00f6nde etkilemeye yard\u0131mc\u0131 olabilmektedir. Antrenman sonras\u0131 al\u0131nd\u0131\u011f\u0131nda ise glikojen depolar\u0131n\u0131n dolumuna yard\u0131mc\u0131 olabilmektedir.<\/p>\n<p>Carbopure&#8217;\u00fcn dikkat \u00e7eken \u00f6zellikleri:<\/p>\n<p>&#8211; Kompleks karbonhidrat i\u00e7eri\u011fine sahip<\/p>\n<p>&#8211; Tatland\u0131r\u0131c\u0131 ya da aroma i\u00e7ermemektedir<\/p>\n","protected":false},"excerpt":{"rendered":"<ul class=\"pp-first-list\">\n<li><span class=\"pp-sm-title\">Marka<\/span>:<span class=\"pp-sm-desc\"><a class=\"track-link p-detail-spec-link\" title=\"Hardline\" href=\"https:\/\/www.supplementler.com\/marka\/hardline-1-8\" data-category=\"Product-Specification-Links\" data-label=\"Hardline\" data-id=\"8\">Hardline<\/a><\/span><\/li>\n<li><span class=\"pp-sm-title pp-sm-title\">Servis Say\u0131s\u0131<\/span>:<span class=\"pp-sm-desc spec-service-size\">87<\/span><\/li>\n<li><span class=\"pp-sm-title\">Servis Miktar\u0131<\/span>:<span class=\"pp-sm-desc spec-service-amount\">2 \u00d6l\u00e7ek (46 g)<\/span><\/li>\n<li><span class=\"pp-sm-title\">Servis Ba\u015f\u0131 Fiyat<\/span>:<span class=\"pp-sm-desc spec-one-service-price\">2,06 TL<\/span><\/li>\n<\/ul>\n","protected":false},"featured_media":3721,"comment_status":"open","ping_status":"closed","template":"","meta":[],"product_brand":[],"product_cat":[138,140],"product_tag":[],"yst_prominent_words":[],"class_list":{"0":"post-3720","1":"product","2":"type-product","3":"status-publish","4":"has-post-thumbnail","6":"product_cat-guc-performans","7":"product_cat-karbonhidrat","8":"pa_brand-hardline","10":"first","11":"instock","12":"shipping-taxable","13":"purchasable","14":"product-type-variable"},"_links":{"self":[{"href":"https:\/\/energyclub.com.tr\/supplement\/wp-json\/wp\/v2\/product\/3720","targetHints":{"allow":["GET"]}}],"collection":[{"href":"https:\/\/energyclub.com.tr\/supplement\/wp-json\/wp\/v2\/product"}],"about":[{"href":"https:\/\/energyclub.com.tr\/supplement\/wp-json\/wp\/v2\/types\/product"}],"replies":[{"embeddable":true,"href":"https:\/\/energyclub.com.tr\/supplement\/wp-json\/wp\/v2\/comments?post=3720"}],"wp:featuredmedia":[{"embeddable":true,"href":"https:\/\/energyclub.com.tr\/supplement\/wp-json\/wp\/v2\/media\/3721"}],"wp:attachment":[{"href":"https:\/\/energyclub.com.tr\/supplement\/wp-json\/wp\/v2\/media?parent=3720"}],"wp:term":[{"taxonomy":"product_brand","embeddable":true,"href":"https:\/\/energyclub.com.tr\/supplement\/wp-json\/wp\/v2\/product_brand?post=3720"},{"taxonomy":"product_cat","embeddable":true,"href":"https:\/\/energyclub.com.tr\/supplement\/wp-json\/wp\/v2\/product_cat?post=3720"},{"taxonomy":"product_tag","embeddable":true,"href":"https:\/\/energyclub.com.tr\/supplement\/wp-json\/wp\/v2\/product_tag?post=3720"},{"taxonomy":"yst_prominent_words","embeddable":true,"href":"https:\/\/energyclub.com.tr\/supplement\/wp-json\/wp\/v2\/yst_prominent_words?post=3720"}],"curies":[{"name":"wp","href":"https:\/\/api.w.org\/{rel}","templated":true}]}}