{"id":3726,"date":"2020-01-10T16:08:42","date_gmt":"2020-01-10T13:08:42","guid":{"rendered":"https:\/\/energyclub.com.tr\/supplement\/?post_type=product&#038;p=3726"},"modified":"2020-11-26T16:32:15","modified_gmt":"2020-11-26T13:32:15","slug":"hardline-citrulline-300-gr","status":"publish","type":"product","link":"https:\/\/energyclub.com.tr\/supplement\/urun\/performans-guc\/guc-performans\/hardline-citrulline-300-gr\/","title":{"rendered":"Hardline Citrulline 300 Gr."},"content":{"rendered":"<h2><b>Hardline Citrulline 300 Gr\u00a0Nedir?<\/b><\/h2>\n<p>Hardline Nutrition taraf\u0131ndan sunulan bu \u00fcr\u00fcn, %100 sitrulin amino asiti i\u00e7eren toz formda bir destektir.<\/p>\n<p>Sitr\u00fclin, v\u00fccutta \u00fcretilebildi\u011fi gibi besinlerden de sa\u011flanabilen bir amino asittir. Besinlerde en \u00e7ok karpuzda bulunur. Protein sentezini uyararak amino asitlerin verimlili\u011fini olumlu y\u00f6nde etkileyebilir.<\/p>\n<h2>Hardline Citrulline 300 Gr\u00a0\u00f6zellikleri:<\/h2>\n<p>&#8211; %100 Sitr\u00fclin<\/p>\n<p>&#8211; H\u0131zl\u0131 etki sa\u011flayan toz form<\/p>\n<p>&#8211; Aromas\u0131z oldu\u011fu i\u00e7in di\u011fer supplement kar\u0131\u015f\u0131mlar\u0131n\u0131za ilave ederek kullanabilirsiniz.<\/p>\n<p><em>Kullan\u0131m Notu:<\/em>\u00a0Kullan\u0131m servisi y\u00f6netmelik gere\u011fi 1 servis 1 gram olarak s\u0131n\u0131rland\u0131r\u0131lm\u0131\u015ft\u0131r. Maksimum verimlilik i\u00e7in 3-5 gram kullan\u0131lmas\u0131 tavsiye edilir.<\/p>\n","protected":false},"excerpt":{"rendered":"<ul class=\"pp-first-list\">\n<li><span class=\"pp-sm-title\">Marka<\/span>:<span class=\"pp-sm-desc\"><a class=\"track-link p-detail-spec-link\" title=\"Hardline\" href=\"https:\/\/www.supplementler.com\/marka\/hardline-1-8\" data-category=\"Product-Specification-Links\" data-label=\"Hardline\" data-id=\"8\">Hardline<\/a><\/span><\/li>\n<li><span class=\"pp-sm-title pp-sm-title\">Servis Say\u0131s\u0131<\/span>:<span class=\"pp-sm-desc spec-service-size\">300<\/span><\/li>\n<li><span class=\"pp-sm-title\">Servis Miktar\u0131<\/span>:<span class=\"pp-sm-desc spec-service-amount\">1\/2 \u00d6l\u00e7ek (1 g)<\/span><\/li>\n<li><span class=\"pp-sm-title\">Servis Ba\u015f\u0131 Fiyat<\/span>:<span class=\"pp-sm-desc spec-one-service-price\">0,33 TL<\/span><\/li>\n<\/ul>\n","protected":false},"featured_media":3727,"comment_status":"open","ping_status":"closed","template":"","meta":[],"product_brand":[],"product_cat":[138],"product_tag":[],"yst_prominent_words":[],"class_list":{"0":"post-3726","1":"product","2":"type-product","3":"status-publish","4":"has-post-thumbnail","6":"product_cat-guc-performans","7":"pa_brand-hardline","9":"first","10":"outofstock","11":"shipping-taxable","12":"purchasable","13":"product-type-variable"},"_links":{"self":[{"href":"https:\/\/energyclub.com.tr\/supplement\/wp-json\/wp\/v2\/product\/3726","targetHints":{"allow":["GET"]}}],"collection":[{"href":"https:\/\/energyclub.com.tr\/supplement\/wp-json\/wp\/v2\/product"}],"about":[{"href":"https:\/\/energyclub.com.tr\/supplement\/wp-json\/wp\/v2\/types\/product"}],"replies":[{"embeddable":true,"href":"https:\/\/energyclub.com.tr\/supplement\/wp-json\/wp\/v2\/comments?post=3726"}],"wp:featuredmedia":[{"embeddable":true,"href":"https:\/\/energyclub.com.tr\/supplement\/wp-json\/wp\/v2\/media\/3727"}],"wp:attachment":[{"href":"https:\/\/energyclub.com.tr\/supplement\/wp-json\/wp\/v2\/media?parent=3726"}],"wp:term":[{"taxonomy":"product_brand","embeddable":true,"href":"https:\/\/energyclub.com.tr\/supplement\/wp-json\/wp\/v2\/product_brand?post=3726"},{"taxonomy":"product_cat","embeddable":true,"href":"https:\/\/energyclub.com.tr\/supplement\/wp-json\/wp\/v2\/product_cat?post=3726"},{"taxonomy":"product_tag","embeddable":true,"href":"https:\/\/energyclub.com.tr\/supplement\/wp-json\/wp\/v2\/product_tag?post=3726"},{"taxonomy":"yst_prominent_words","embeddable":true,"href":"https:\/\/energyclub.com.tr\/supplement\/wp-json\/wp\/v2\/yst_prominent_words?post=3726"}],"curies":[{"name":"wp","href":"https:\/\/api.w.org\/{rel}","templated":true}]}}