{"id":3731,"date":"2020-01-10T16:14:31","date_gmt":"2020-01-10T13:14:31","guid":{"rendered":"https:\/\/energyclub.com.tr\/supplement\/?post_type=product&#038;p=3731"},"modified":"2021-03-29T16:54:14","modified_gmt":"2021-03-29T13:54:14","slug":"olimp-beta-alanine-carno-rush-80-tablet","status":"publish","type":"product","link":"https:\/\/energyclub.com.tr\/supplement\/urun\/performans-guc\/beta-alanin\/olimp-beta-alanine-carno-rush-80-tablet\/","title":{"rendered":"Olimp Beta Alanine Carno Rush 80 Tablet"},"content":{"rendered":"<p><strong>Olimp Beta Alanine Carno Rush\u00a0nedir?<\/strong><\/p>\n<p>Alanin (L-Alanin), histidin ve vitamin B6 kombinasyonundan olu\u015fan bir antrenman \u00f6ncesi \u00fcr\u00fcn\u00fcd\u00fcr. Her iki tablette 2000 mg alanin amino asidi i\u00e7erir.<\/p>\n<p>Antrenman boyunca h\u00fccreleriniz polimerden enerji sentezlemek i\u00e7in gerekli olan istikrarl\u0131 bir h\u00fccre ortam\u0131 sa\u011flayam\u0131yorsa glikojen depolar\u0131n\u0131z\u0131 maksimum oranda doldurmaya gerek yoktur. Bu nedenle alanin yo\u011fun antrenmanlar s\u0131ras\u0131nda olduk\u00e7a \u00f6nemlidir.<\/p>\n<p><strong>\u00a0Olimp Beta Alanine Carno Rush \u00f6zellikleri:<\/strong><\/p>\n<p>&#8211; Her serviste 2 g beta alanin<\/p>\n<p>&#8211; L-histidin ve sodyum ile desteklenmi\u015f form\u00fcl<\/p>\n<p>&#8211; ATP sentezinde ve amino asit d\u00f6n\u00fc\u015f\u00fcm\u00fcne yard\u0131mc\u0131 B6 Vitamini i\u00e7eri\u011fi<\/p>\n<p>&#8211; Uzun s\u00fcreli etki<\/p>\n","protected":false},"excerpt":{"rendered":"<ul class=\"pp-first-list\">\n<li><span class=\"pp-sm-title\">Marka<\/span>:<span class=\"pp-sm-desc\"><a class=\"track-link p-detail-spec-link\" title=\"Olimp\" href=\"https:\/\/www.supplementler.com\/marka\/olimp-1-27\" data-category=\"Product-Specification-Links\" data-label=\"Olimp\" data-id=\"27\">Olimp<\/a><\/span><\/li>\n<li><span class=\"pp-sm-title pp-sm-title\">Servis Say\u0131s\u0131<\/span>:<span class=\"pp-sm-desc spec-service-size\">40<\/span><\/li>\n<li><span class=\"pp-sm-title\">Servis Miktar\u0131<\/span>:<span class=\"pp-sm-desc spec-service-amount\">2 Tablet<\/span><\/li>\n<li><span class=\"pp-sm-title\">Servis Ba\u015f\u0131 Fiyat<\/span>:<span class=\"pp-sm-desc spec-one-service-price\">1,98 TL<\/span><\/li>\n<\/ul>\n","protected":false},"featured_media":3733,"comment_status":"open","ping_status":"closed","template":"","meta":[],"product_brand":[],"product_cat":[142,138],"product_tag":[],"yst_prominent_words":[],"class_list":{"0":"post-3731","1":"product","2":"type-product","3":"status-publish","4":"has-post-thumbnail","6":"product_cat-beta-alanin","7":"product_cat-guc-performans","8":"pa_brand-olimp","10":"first","11":"instock","12":"shipping-taxable","13":"purchasable","14":"product-type-variable"},"_links":{"self":[{"href":"https:\/\/energyclub.com.tr\/supplement\/wp-json\/wp\/v2\/product\/3731","targetHints":{"allow":["GET"]}}],"collection":[{"href":"https:\/\/energyclub.com.tr\/supplement\/wp-json\/wp\/v2\/product"}],"about":[{"href":"https:\/\/energyclub.com.tr\/supplement\/wp-json\/wp\/v2\/types\/product"}],"replies":[{"embeddable":true,"href":"https:\/\/energyclub.com.tr\/supplement\/wp-json\/wp\/v2\/comments?post=3731"}],"wp:featuredmedia":[{"embeddable":true,"href":"https:\/\/energyclub.com.tr\/supplement\/wp-json\/wp\/v2\/media\/3733"}],"wp:attachment":[{"href":"https:\/\/energyclub.com.tr\/supplement\/wp-json\/wp\/v2\/media?parent=3731"}],"wp:term":[{"taxonomy":"product_brand","embeddable":true,"href":"https:\/\/energyclub.com.tr\/supplement\/wp-json\/wp\/v2\/product_brand?post=3731"},{"taxonomy":"product_cat","embeddable":true,"href":"https:\/\/energyclub.com.tr\/supplement\/wp-json\/wp\/v2\/product_cat?post=3731"},{"taxonomy":"product_tag","embeddable":true,"href":"https:\/\/energyclub.com.tr\/supplement\/wp-json\/wp\/v2\/product_tag?post=3731"},{"taxonomy":"yst_prominent_words","embeddable":true,"href":"https:\/\/energyclub.com.tr\/supplement\/wp-json\/wp\/v2\/yst_prominent_words?post=3731"}],"curies":[{"name":"wp","href":"https:\/\/api.w.org\/{rel}","templated":true}]}}