{"id":3738,"date":"2020-01-10T16:23:06","date_gmt":"2020-01-10T13:23:06","guid":{"rendered":"https:\/\/energyclub.com.tr\/supplement\/?post_type=product&#038;p=3738"},"modified":"2020-11-26T16:28:54","modified_gmt":"2020-11-26T13:28:54","slug":"vitargo-carboloader-2000-gr","status":"publish","type":"product","link":"https:\/\/energyclub.com.tr\/supplement\/urun\/performans-guc\/guc-performans\/vitargo-carboloader-2000-gr\/","title":{"rendered":"Vitargo Carboloader 2000 Gr."},"content":{"rendered":"<p><strong>Vitargo Carboloader Nedir?\u00a0<\/strong><\/p>\n<p>Vitargo Carboloader toz formda olan bir Karbonhidrat \u00fcr\u00fcn\u00fcd\u00fcr.<\/p>\n<p>\u0130sve\u00e7 \u00fcretimi olan ve Patentli bir \u00fcr\u00fcn olan Vitargo y\u00fcksek molek\u00fcl a\u011f\u0131rl\u0131kl\u0131 bir karbonhidrat \u00e7e\u015fidi i\u00e7ermektedir.<\/p>\n<p>Glikojen depolar\u0131 i\u00e7in \u00f6nemli olan Vitargo bu \u00f6zelli\u011fi sayesinde d\u00fcnyada bir\u00e7ok profesyonel sporcu taraf\u0131ndan tercih edilmektedir.<\/p>\n<p>En h\u0131zl\u0131 karbonhidrat \u00e7e\u015fidi olarak g\u00f6sterilen Vitargo, Maltodextrin, Dekstroz, Izomaltuloz, Sukroz ve Glukoz gibi karbonhidrat \u00e7e\u015fitlerinden \u00e7ok daha \u00fcst\u00fcn bir seviyededir.<\/p>\n<p>Vitargo midede sindirilmeden direkt olarak ba\u011f\u0131rsa\u011fa ge\u00e7erek en h\u0131zl\u0131 \u015fekilde emilir.<\/p>\n<p>Vitargo Carboloader \u00fcr\u00fcn\u00fc ile y\u00fckleme yapilabilmektedir.<\/p>\n<p>Y\u00fckleme kullan\u0131m \u015fekli:<\/p>\n<p>M\u00fcsabakadan 3 g\u00fcn \u00f6nce g\u00fcnde 3 kez 100gram Vitargoyu 700ml su ile kar\u0131\u015ft\u0131r\u0131p t\u00fcketiniz.<\/p>\n","protected":false},"excerpt":{"rendered":"<ul class=\"pp-first-list\">\n<li><span class=\"pp-sm-title\">Marka<\/span>:<span class=\"pp-sm-desc\"><a class=\"track-link p-detail-spec-link\" title=\"Vitargo\" href=\"https:\/\/www.supplementler.com\/marka\/vitargo-1-957\" data-category=\"Product-Specification-Links\" data-label=\"Vitargo\" data-id=\"957\">Vitargo<\/a><\/span><\/li>\n<li><span class=\"pp-sm-title pp-sm-title\">Servis Say\u0131s\u0131<\/span>:<span class=\"pp-sm-desc spec-service-size\">27<\/span><\/li>\n<li><span class=\"pp-sm-title\">Servis Miktar\u0131<\/span>:<span class=\"pp-sm-desc spec-service-amount\">3 \u00d6l\u00e7ek (75 g)<\/span><\/li>\n<li><span class=\"pp-sm-title\">Servis Ba\u015f\u0131 Fiyat<\/span>:<span class=\"pp-sm-desc spec-one-service-price\">12,04 TL<\/span><\/li>\n<\/ul>\n","protected":false},"featured_media":3739,"comment_status":"open","ping_status":"closed","template":"","meta":[],"product_brand":[],"product_cat":[138,140],"product_tag":[],"yst_prominent_words":[],"class_list":{"0":"post-3738","1":"product","2":"type-product","3":"status-publish","4":"has-post-thumbnail","6":"product_cat-guc-performans","7":"product_cat-karbonhidrat","8":"pa_brand-vitargo","10":"first","11":"outofstock","12":"shipping-taxable","13":"purchasable","14":"product-type-variable"},"_links":{"self":[{"href":"https:\/\/energyclub.com.tr\/supplement\/wp-json\/wp\/v2\/product\/3738","targetHints":{"allow":["GET"]}}],"collection":[{"href":"https:\/\/energyclub.com.tr\/supplement\/wp-json\/wp\/v2\/product"}],"about":[{"href":"https:\/\/energyclub.com.tr\/supplement\/wp-json\/wp\/v2\/types\/product"}],"replies":[{"embeddable":true,"href":"https:\/\/energyclub.com.tr\/supplement\/wp-json\/wp\/v2\/comments?post=3738"}],"wp:featuredmedia":[{"embeddable":true,"href":"https:\/\/energyclub.com.tr\/supplement\/wp-json\/wp\/v2\/media\/3739"}],"wp:attachment":[{"href":"https:\/\/energyclub.com.tr\/supplement\/wp-json\/wp\/v2\/media?parent=3738"}],"wp:term":[{"taxonomy":"product_brand","embeddable":true,"href":"https:\/\/energyclub.com.tr\/supplement\/wp-json\/wp\/v2\/product_brand?post=3738"},{"taxonomy":"product_cat","embeddable":true,"href":"https:\/\/energyclub.com.tr\/supplement\/wp-json\/wp\/v2\/product_cat?post=3738"},{"taxonomy":"product_tag","embeddable":true,"href":"https:\/\/energyclub.com.tr\/supplement\/wp-json\/wp\/v2\/product_tag?post=3738"},{"taxonomy":"yst_prominent_words","embeddable":true,"href":"https:\/\/energyclub.com.tr\/supplement\/wp-json\/wp\/v2\/yst_prominent_words?post=3738"}],"curies":[{"name":"wp","href":"https:\/\/api.w.org\/{rel}","templated":true}]}}