{"id":3740,"date":"2020-01-10T16:25:39","date_gmt":"2020-01-10T13:25:39","guid":{"rendered":"https:\/\/energyclub.com.tr\/supplement\/?post_type=product&#038;p=3740"},"modified":"2020-11-26T16:27:52","modified_gmt":"2020-11-26T13:27:52","slug":"big-joy-betaine-120-tablet","status":"publish","type":"product","link":"https:\/\/energyclub.com.tr\/supplement\/urun\/performans-guc\/enerji-dayaniklilik\/big-joy-betaine-120-tablet\/","title":{"rendered":"Big Joy Betaine 120 Tablet"},"content":{"rendered":"<p><strong>Big Joy Betaine 120 Tablet nedir?<\/strong><\/p>\n<p>Big Joy Betaine 120 Tablet her servisinde 4000 mg betain i\u00e7eren g\u0131da takviyesi \u00fcr\u00fcn\u00fcd\u00fcr. Betain v\u00fccutta \u00fcretildi\u011fi gibi \u0131spanak, pancar, kepekli tah\u0131l ve deniz \u00fcr\u00fcnlerinde de bulunabilir.<\/p>\n<p>Betain son zamanlarda dayan\u0131kl\u0131l\u0131k ve g\u00fc\u00e7 sporcular\u0131 taraf\u0131ndan tercih edilmeye ba\u015flayan bir destektir.<\/p>\n<p>Big Joy Betaine 120 Tablet \u00f6zellikleri:<\/p>\n<p>&#8211; Her servisinde 4000 mg betain i\u00e7erir<\/p>\n<p>&#8211; Aromas\u0131z oldu\u011fu i\u00e7in supplement kar\u0131\u015f\u0131mlar\u0131na ilave edilebilir.<\/p>\n<p>&#8211; Hayvansal i\u00e7eri\u011fi olmamas\u0131 nedeniyle vejetaryen kullan\u0131m\u0131na uygundur.<\/p>\n<p>Not: S\u00fct, soya, yumurta, kereviz, gluten i\u00e7eren tah\u0131llar ve hardal i\u015fleyen tesislerde \u00fcretilmi\u015ftir.<\/p>\n","protected":false},"excerpt":{"rendered":"<ul class=\"pp-first-list\">\n<li><span class=\"pp-sm-title\">Marka<\/span>:<span class=\"pp-sm-desc\"><a class=\"track-link p-detail-spec-link\" title=\"Big Joy\" href=\"https:\/\/www.supplementler.com\/marka\/big-joy-1-1330\" data-category=\"Product-Specification-Links\" data-label=\"Big Joy\" data-id=\"1330\">Big Joy<\/a><\/span><\/li>\n<li><span class=\"pp-sm-title pp-sm-title\">Servis Say\u0131s\u0131<\/span>:<span class=\"pp-sm-desc spec-service-size\">40<\/span><\/li>\n<li><span class=\"pp-sm-title\">Servis Miktar\u0131<\/span>:<span class=\"pp-sm-desc spec-service-amount\">3 Tablet<\/span><\/li>\n<li><span class=\"pp-sm-title\">Servis Ba\u015f\u0131 Fiyat<\/span>:<span class=\"pp-sm-desc spec-one-service-price\">1,98 TL<\/span><\/li>\n<\/ul>\n","protected":false},"featured_media":3741,"comment_status":"open","ping_status":"closed","template":"","meta":[],"product_brand":[],"product_cat":[139],"product_tag":[],"yst_prominent_words":[],"class_list":{"0":"post-3740","1":"product","2":"type-product","3":"status-publish","4":"has-post-thumbnail","6":"product_cat-enerji-dayaniklilik","7":"pa_brand-bigjoy-supplement","9":"first","10":"instock","11":"shipping-taxable","12":"purchasable","13":"product-type-variable"},"_links":{"self":[{"href":"https:\/\/energyclub.com.tr\/supplement\/wp-json\/wp\/v2\/product\/3740","targetHints":{"allow":["GET"]}}],"collection":[{"href":"https:\/\/energyclub.com.tr\/supplement\/wp-json\/wp\/v2\/product"}],"about":[{"href":"https:\/\/energyclub.com.tr\/supplement\/wp-json\/wp\/v2\/types\/product"}],"replies":[{"embeddable":true,"href":"https:\/\/energyclub.com.tr\/supplement\/wp-json\/wp\/v2\/comments?post=3740"}],"wp:featuredmedia":[{"embeddable":true,"href":"https:\/\/energyclub.com.tr\/supplement\/wp-json\/wp\/v2\/media\/3741"}],"wp:attachment":[{"href":"https:\/\/energyclub.com.tr\/supplement\/wp-json\/wp\/v2\/media?parent=3740"}],"wp:term":[{"taxonomy":"product_brand","embeddable":true,"href":"https:\/\/energyclub.com.tr\/supplement\/wp-json\/wp\/v2\/product_brand?post=3740"},{"taxonomy":"product_cat","embeddable":true,"href":"https:\/\/energyclub.com.tr\/supplement\/wp-json\/wp\/v2\/product_cat?post=3740"},{"taxonomy":"product_tag","embeddable":true,"href":"https:\/\/energyclub.com.tr\/supplement\/wp-json\/wp\/v2\/product_tag?post=3740"},{"taxonomy":"yst_prominent_words","embeddable":true,"href":"https:\/\/energyclub.com.tr\/supplement\/wp-json\/wp\/v2\/yst_prominent_words?post=3740"}],"curies":[{"name":"wp","href":"https:\/\/api.w.org\/{rel}","templated":true}]}}