{"id":3750,"date":"2020-01-10T17:31:35","date_gmt":"2020-01-10T14:31:35","guid":{"rendered":"https:\/\/energyclub.com.tr\/supplement\/?post_type=product&#038;p=3750"},"modified":"2021-03-01T17:14:26","modified_gmt":"2021-03-01T14:14:26","slug":"hardline-kgt-caffein-552-1000-gr","status":"publish","type":"product","link":"https:\/\/energyclub.com.tr\/supplement\/urun\/performans-guc\/enerji-dayaniklilik\/hardline-kgt-caffein-552-1000-gr\/","title":{"rendered":"Hardline KGT +CAFFEIN 5:5:2 1000 Gr."},"content":{"rendered":"<p><b>Hardline KGT Nedir?<\/b><\/p>\n<p>Hardline KGT \u00fcr\u00fcn\u00fc bir antrenman \u00f6ncesi ve sonras\u0131 \u00fcr\u00fcn\u00fcd\u00fcr.<\/p>\n<p>Hardline KGT antrenman \u00f6ncesinde ve sonras\u0131nda kullan\u0131ld\u0131\u011f\u0131nda sporcunun performans\u0131n\u0131 artt\u0131rmaya ve toparlanmas\u0131na yard\u0131mc\u0131 olabilir.<\/p>\n<p>Hardline KGT&#8217;nin dikkat \u00e7eken \u00f6zellikleri:<\/p>\n<p>&#8211; Hardline KGT y\u00fcksek miktarda Kreatin Monohidrat i\u00e7ermektedir (5000mg)<\/p>\n<p>&#8211; Hardline KGT toparlarlanma s\u00fcrecinde yard\u0131mc\u0131 olabilecek Glutamin amino asiti i\u00e7ermektedir (5000mg)<\/p>\n<p>&#8211; Hardline KGT bir\u00e7ok enerji i\u00e7ece\u011finde bulunan \u00f6nemli bir amino asit olan Taurin i\u00e7ermektedir (2000mg)<\/p>\n","protected":false},"excerpt":{"rendered":"<ul class=\"pp-first-list\">\n<li><span class=\"pp-sm-title\">Marka<\/span>:<span class=\"pp-sm-desc\"><a class=\"track-link p-detail-spec-link\" title=\"Hardline\" href=\"https:\/\/www.supplementler.com\/marka\/hardline-1-8\" data-category=\"Product-Specification-Links\" data-label=\"Hardline\" data-id=\"8\">Hardline<\/a><\/span><\/li>\n<li><span class=\"pp-sm-title pp-sm-title\">Servis Say\u0131s\u0131<\/span>:<span class=\"pp-sm-desc spec-service-size\">27<\/span><\/li>\n<li><span class=\"pp-sm-title\">Servis Miktar\u0131<\/span>:<span class=\"pp-sm-desc spec-service-amount\">1 \u00d6l\u00e7ek (37 g)<\/span><\/li>\n<li><span class=\"pp-sm-title\">Servis Ba\u015f\u0131 Fiyat<\/span>:<span class=\"pp-sm-desc spec-one-service-price\">4,41 TL<\/span><\/li>\n<\/ul>\n","protected":false},"featured_media":3752,"comment_status":"open","ping_status":"closed","template":"","meta":[],"product_brand":[],"product_cat":[139],"product_tag":[],"yst_prominent_words":[],"class_list":{"0":"post-3750","1":"product","2":"type-product","3":"status-publish","4":"has-post-thumbnail","6":"product_cat-enerji-dayaniklilik","7":"pa_brand-hardline","9":"first","10":"instock","11":"shipping-taxable","12":"purchasable","13":"product-type-variable"},"_links":{"self":[{"href":"https:\/\/energyclub.com.tr\/supplement\/wp-json\/wp\/v2\/product\/3750","targetHints":{"allow":["GET"]}}],"collection":[{"href":"https:\/\/energyclub.com.tr\/supplement\/wp-json\/wp\/v2\/product"}],"about":[{"href":"https:\/\/energyclub.com.tr\/supplement\/wp-json\/wp\/v2\/types\/product"}],"replies":[{"embeddable":true,"href":"https:\/\/energyclub.com.tr\/supplement\/wp-json\/wp\/v2\/comments?post=3750"}],"wp:featuredmedia":[{"embeddable":true,"href":"https:\/\/energyclub.com.tr\/supplement\/wp-json\/wp\/v2\/media\/3752"}],"wp:attachment":[{"href":"https:\/\/energyclub.com.tr\/supplement\/wp-json\/wp\/v2\/media?parent=3750"}],"wp:term":[{"taxonomy":"product_brand","embeddable":true,"href":"https:\/\/energyclub.com.tr\/supplement\/wp-json\/wp\/v2\/product_brand?post=3750"},{"taxonomy":"product_cat","embeddable":true,"href":"https:\/\/energyclub.com.tr\/supplement\/wp-json\/wp\/v2\/product_cat?post=3750"},{"taxonomy":"product_tag","embeddable":true,"href":"https:\/\/energyclub.com.tr\/supplement\/wp-json\/wp\/v2\/product_tag?post=3750"},{"taxonomy":"yst_prominent_words","embeddable":true,"href":"https:\/\/energyclub.com.tr\/supplement\/wp-json\/wp\/v2\/yst_prominent_words?post=3750"}],"curies":[{"name":"wp","href":"https:\/\/api.w.org\/{rel}","templated":true}]}}