{"id":3755,"date":"2020-01-10T17:39:10","date_gmt":"2020-01-10T14:39:10","guid":{"rendered":"https:\/\/energyclub.com.tr\/supplement\/?post_type=product&#038;p=3755"},"modified":"2020-11-26T16:09:24","modified_gmt":"2020-11-26T13:09:24","slug":"olimp-iso-plus-isotonic-drink-700-gr","status":"publish","type":"product","link":"https:\/\/energyclub.com.tr\/supplement\/urun\/performans-guc\/enerji-dayaniklilik\/olimp-iso-plus-isotonic-drink-700-gr\/","title":{"rendered":"Olimp Iso Plus Isotonic Drink 700 Gr."},"content":{"rendered":"<p><strong>Olimp Iso Plus Isotonic Nedir?\u00a0<\/strong><\/p>\n<p>Olimp Iso Plus Isotonic toz formda olan izotonik bir \u00fcr\u00fcnd\u00fcr.<\/p>\n<p>Mineral ve su ihtiyac\u0131n\u0131 kar\u015f\u0131lamaya yard\u0131mc\u0131 olabilen Iso Plus sporcular\u0131n performans\u0131n\u0131 olumlu \u015fekilde artt\u0131rmaya yard\u0131mc\u0131 olabilir.<\/p>\n<p>Olimp Iso Plus Isotonic&#8217;in dikkat \u00e7eken \u00f6zellikleri:<\/p>\n<p>&#8211; Olimp Iso Plus Isotonic&#8217;in i\u00e7erisinde ek olarak toparlanma s\u00fcrecine yard\u0131mc\u0131 olabilecek Glutamin amino asiti bulunmaktad\u0131r<\/p>\n<p>&#8211; Olimp Iso Plus Isotonic L-Carnitine i\u00e7ermektedir<\/p>\n","protected":false},"excerpt":{"rendered":"<ul class=\"pp-first-list\">\n<li><span class=\"pp-sm-title\">Marka<\/span>:<span class=\"pp-sm-desc\"><a class=\"track-link p-detail-spec-link\" title=\"Olimp\" href=\"https:\/\/www.supplementler.com\/marka\/olimp-1-27\" data-category=\"Product-Specification-Links\" data-label=\"Olimp\" data-id=\"27\">Olimp<\/a><\/span><\/li>\n<li><span class=\"pp-sm-title pp-sm-title\">Servis Say\u0131s\u0131<\/span>:<span class=\"pp-sm-desc spec-service-size\">40<\/span><\/li>\n<li><span class=\"pp-sm-title\">Servis Miktar\u0131<\/span>:<span class=\"pp-sm-desc spec-service-amount\">1 \u00d6l\u00e7ek (17,5 g)<\/span><\/li>\n<li><span class=\"pp-sm-title\">Servis Ba\u015f\u0131 Fiyat<\/span>:<span class=\"pp-sm-desc spec-one-service-price\">2,25 TL<\/span><\/li>\n<\/ul>\n","protected":false},"featured_media":3758,"comment_status":"open","ping_status":"closed","template":"","meta":[],"product_brand":[],"product_cat":[139,140],"product_tag":[],"yst_prominent_words":[],"class_list":{"0":"post-3755","1":"product","2":"type-product","3":"status-publish","4":"has-post-thumbnail","6":"product_cat-enerji-dayaniklilik","7":"product_cat-karbonhidrat","8":"pa_brand-olimp","10":"first","11":"instock","12":"shipping-taxable","13":"purchasable","14":"product-type-variable"},"_links":{"self":[{"href":"https:\/\/energyclub.com.tr\/supplement\/wp-json\/wp\/v2\/product\/3755","targetHints":{"allow":["GET"]}}],"collection":[{"href":"https:\/\/energyclub.com.tr\/supplement\/wp-json\/wp\/v2\/product"}],"about":[{"href":"https:\/\/energyclub.com.tr\/supplement\/wp-json\/wp\/v2\/types\/product"}],"replies":[{"embeddable":true,"href":"https:\/\/energyclub.com.tr\/supplement\/wp-json\/wp\/v2\/comments?post=3755"}],"wp:featuredmedia":[{"embeddable":true,"href":"https:\/\/energyclub.com.tr\/supplement\/wp-json\/wp\/v2\/media\/3758"}],"wp:attachment":[{"href":"https:\/\/energyclub.com.tr\/supplement\/wp-json\/wp\/v2\/media?parent=3755"}],"wp:term":[{"taxonomy":"product_brand","embeddable":true,"href":"https:\/\/energyclub.com.tr\/supplement\/wp-json\/wp\/v2\/product_brand?post=3755"},{"taxonomy":"product_cat","embeddable":true,"href":"https:\/\/energyclub.com.tr\/supplement\/wp-json\/wp\/v2\/product_cat?post=3755"},{"taxonomy":"product_tag","embeddable":true,"href":"https:\/\/energyclub.com.tr\/supplement\/wp-json\/wp\/v2\/product_tag?post=3755"},{"taxonomy":"yst_prominent_words","embeddable":true,"href":"https:\/\/energyclub.com.tr\/supplement\/wp-json\/wp\/v2\/yst_prominent_words?post=3755"}],"curies":[{"name":"wp","href":"https:\/\/api.w.org\/{rel}","templated":true}]}}