{"id":3759,"date":"2020-01-10T17:44:50","date_gmt":"2020-01-10T14:44:50","guid":{"rendered":"https:\/\/energyclub.com.tr\/supplement\/?post_type=product&#038;p=3759"},"modified":"2021-03-30T16:09:08","modified_gmt":"2021-03-30T13:09:08","slug":"big-joy-tribulus-grw-120-kapsul","status":"publish","type":"product","link":"https:\/\/energyclub.com.tr\/supplement\/urun\/performans-guc\/kompleks-tribulus\/big-joy-tribulus-grw-120-kapsul\/","title":{"rendered":"Bigjoy Sports Tribulus GROW 120 Veggie Kaps\u00fcl"},"content":{"rendered":"<p><strong>BIGJOY TRIBULUS GRW 120 Bitkisel kaps\u00fcl<\/strong><\/p>\n<p>Bigjoy Tribulus GRW Nedir? Ne \u0130\u015fe Yarar?<\/p>\n<p>Tribulus terrestris, demirdikeni bitkisinden elde edilen, testosteronun salg\u0131lanmas\u0131n\u0131 tetikleyen bir maddedir. Ayr\u0131ca kan dola\u015f\u0131m\u0131n\u0131 art\u0131rarak kaslara daha fazla oksijen gitmesini sa\u011flar. Ancak \u00fcr\u00fcn Tribulus&#8217;tan \u00e7ok daha fazlas\u0131n\u0131 i\u00e7erir. Form\u00fcl\u00fc geli\u015fimi destekleyen bir\u00e7ok madde ile g\u00fc\u00e7lendirilmi\u015ftir.<\/p>\n<p><strong>Nas\u0131l Kullanmal\u0131s\u0131n\u0131z?<\/strong><\/p>\n<p>G\u00fcnde 1 servis (4 bitkisel kaps\u00fcl) kahvalt\u0131 ile birlikte alabilirsiniz.<\/p>\n<p>HER SERV\u0130STE;<\/p>\n<p>1000 MG TRIBULUS<\/p>\n<p>500 MG ARGININE<\/p>\n<p>500 MG TAURINE<\/p>\n<p>BIGJOY TRIBULUS GRW NASIL KULLANILIR?<\/p>\n<p>G\u00fcnde 1 servis (4 bitkisel kaps\u00fcl) kahvalt\u0131 ile birlikte al\u0131n\u0131z.<\/p>\n","protected":false},"excerpt":{"rendered":"<ul class=\"pp-first-list\">\n<li><span class=\"pp-sm-title\">Marka<\/span>:<span class=\"pp-sm-desc\"><a class=\"track-link p-detail-spec-link\" title=\"Big Joy\" href=\"https:\/\/www.supplementler.com\/marka\/big-joy-1-1330\" data-category=\"Product-Specification-Links\" data-label=\"Big Joy\" data-id=\"1330\">Big Joy<\/a><\/span><\/li>\n<li><span class=\"pp-sm-title pp-sm-title\">Servis Say\u0131s\u0131<\/span>:<span class=\"pp-sm-desc spec-service-size\">30<\/span><\/li>\n<li><span class=\"pp-sm-title\">Servis Miktar\u0131<\/span>:<span class=\"pp-sm-desc spec-service-amount\">4 Kaps\u00fcl<\/span><\/li>\n<li><span class=\"pp-sm-title\">Servis Ba\u015f\u0131 Fiyat<\/span>:<span class=\"pp-sm-desc spec-one-service-price\">2,97 TL<\/span><\/li>\n<\/ul>\n","protected":false},"featured_media":3761,"comment_status":"open","ping_status":"closed","template":"","meta":[],"product_brand":[],"product_cat":[168,141],"product_tag":[],"yst_prominent_words":[],"class_list":{"0":"post-3759","1":"product","2":"type-product","3":"status-publish","4":"has-post-thumbnail","6":"product_cat-kompleks-tribulus","7":"product_cat-tribulus","8":"pa_brand-bigjoy-supplement","10":"first","11":"outofstock","12":"shipping-taxable","13":"purchasable","14":"product-type-variable"},"_links":{"self":[{"href":"https:\/\/energyclub.com.tr\/supplement\/wp-json\/wp\/v2\/product\/3759","targetHints":{"allow":["GET"]}}],"collection":[{"href":"https:\/\/energyclub.com.tr\/supplement\/wp-json\/wp\/v2\/product"}],"about":[{"href":"https:\/\/energyclub.com.tr\/supplement\/wp-json\/wp\/v2\/types\/product"}],"replies":[{"embeddable":true,"href":"https:\/\/energyclub.com.tr\/supplement\/wp-json\/wp\/v2\/comments?post=3759"}],"wp:featuredmedia":[{"embeddable":true,"href":"https:\/\/energyclub.com.tr\/supplement\/wp-json\/wp\/v2\/media\/3761"}],"wp:attachment":[{"href":"https:\/\/energyclub.com.tr\/supplement\/wp-json\/wp\/v2\/media?parent=3759"}],"wp:term":[{"taxonomy":"product_brand","embeddable":true,"href":"https:\/\/energyclub.com.tr\/supplement\/wp-json\/wp\/v2\/product_brand?post=3759"},{"taxonomy":"product_cat","embeddable":true,"href":"https:\/\/energyclub.com.tr\/supplement\/wp-json\/wp\/v2\/product_cat?post=3759"},{"taxonomy":"product_tag","embeddable":true,"href":"https:\/\/energyclub.com.tr\/supplement\/wp-json\/wp\/v2\/product_tag?post=3759"},{"taxonomy":"yst_prominent_words","embeddable":true,"href":"https:\/\/energyclub.com.tr\/supplement\/wp-json\/wp\/v2\/yst_prominent_words?post=3759"}],"curies":[{"name":"wp","href":"https:\/\/api.w.org\/{rel}","templated":true}]}}