{"id":3773,"date":"2020-01-10T18:23:48","date_gmt":"2020-01-10T15:23:48","guid":{"rendered":"https:\/\/energyclub.com.tr\/supplement\/?post_type=product&#038;p=3773"},"modified":"2020-11-26T16:01:39","modified_gmt":"2020-11-26T13:01:39","slug":"multipower-multicarbo-gel-40-gr-24-adet","status":"publish","type":"product","link":"https:\/\/energyclub.com.tr\/supplement\/urun\/performans-guc\/karbonhidrat\/multipower-multicarbo-gel-40-gr-24-adet\/","title":{"rendered":"Multipower Multicarbo Gel 40 Gr. 24 Adet"},"content":{"rendered":"<p><strong>Multipower Multicarbo Gel Nedir?<\/strong><\/p>\n<p>H\u0131zl\u0131 emilim g\u00f6steren maltodekstrin ve fruktoz kaynakl\u0131 karbonhidrat kayna\u011f\u0131 olan jel formda bir \u00fcr\u00fcnd\u00fcr.<\/p>\n<p>\u00d6zellikle ko\u015fu, bisiklet ve triatlon gibi dayan\u0131kl\u0131l\u0131k gerektiren bran\u015flarda tercih edilen jel \u00fcr\u00fcnler, sporcunun aktivite \u00f6ncesi karbonhidrat depolar\u0131n\u0131 artt\u0131rmak ve antrenman s\u00fcresince t\u00fcketti\u011fi karbonhidrat ve elektrolit bile\u015fenlerini h\u0131zla geri kazanmas\u0131n\u0131 sa\u011flamak amac\u0131yla form\u00fcle edilmi\u015ftir.<\/p>\n<p>Sodyum, kas dokusunun normal fonksiyonlar\u0131n\u0131n devaml\u0131l\u0131\u011f\u0131na katk\u0131da bulunabilir.<\/p>\n<p>Multipower Multicarbo Gel&#8217;in dikkat \u00e7eken \u00f6zellikleri:<\/p>\n<p>&#8211; H\u0131zl\u0131 emilim g\u00f6steren karbonhidrat<\/p>\n<p>&#8211; Elektrolit dengesi i\u00e7in sodyum ve potasyum<\/p>\n<p>&#8211; 0 Ya\u011f<\/p>\n<p>&#8211; Ta\u015f\u0131ma ve kullan\u0131m kolayl\u0131\u011f\u0131 sa\u011flayan paketleme<\/p>\n<p>&#8211; 24&#8217;l\u00fc kutuda<\/p>\n<p>Not: \u00c7ocuklardan uzak tutunuz. Serin ve kuru ortamda saklay\u0131n\u0131z.<\/p>\n","protected":false},"excerpt":{"rendered":"<ul class=\"pp-first-list\">\n<li><span class=\"pp-sm-title\">Marka<\/span>:<span class=\"pp-sm-desc\"><a class=\"track-link p-detail-spec-link\" title=\"Multipower\" href=\"https:\/\/www.supplementler.com\/marka\/multipower-1-10\" data-category=\"Product-Specification-Links\" data-label=\"Multipower\" data-id=\"10\">Multipower<\/a><\/span><\/li>\n<li><span class=\"pp-sm-title pp-sm-title\">Servis Say\u0131s\u0131<\/span>:<span class=\"pp-sm-desc spec-service-size\">24<\/span><\/li>\n<li><span class=\"pp-sm-title\">Servis Miktar\u0131<\/span>:<span class=\"pp-sm-desc spec-service-amount\">1 Jel (40 g)<\/span><\/li>\n<li><span class=\"pp-sm-title\">Servis Ba\u015f\u0131 Fiyat<\/span>:<span class=\"pp-sm-desc spec-one-service-price\">7,29 TL<\/span><\/li>\n<\/ul>\n","protected":false},"featured_media":3774,"comment_status":"open","ping_status":"closed","template":"","meta":[],"product_brand":[],"product_cat":[140],"product_tag":[],"yst_prominent_words":[],"class_list":{"0":"post-3773","1":"product","2":"type-product","3":"status-publish","4":"has-post-thumbnail","6":"product_cat-karbonhidrat","7":"pa_brand-multipower","9":"first","10":"outofstock","11":"shipping-taxable","12":"purchasable","13":"product-type-variable"},"_links":{"self":[{"href":"https:\/\/energyclub.com.tr\/supplement\/wp-json\/wp\/v2\/product\/3773","targetHints":{"allow":["GET"]}}],"collection":[{"href":"https:\/\/energyclub.com.tr\/supplement\/wp-json\/wp\/v2\/product"}],"about":[{"href":"https:\/\/energyclub.com.tr\/supplement\/wp-json\/wp\/v2\/types\/product"}],"replies":[{"embeddable":true,"href":"https:\/\/energyclub.com.tr\/supplement\/wp-json\/wp\/v2\/comments?post=3773"}],"wp:featuredmedia":[{"embeddable":true,"href":"https:\/\/energyclub.com.tr\/supplement\/wp-json\/wp\/v2\/media\/3774"}],"wp:attachment":[{"href":"https:\/\/energyclub.com.tr\/supplement\/wp-json\/wp\/v2\/media?parent=3773"}],"wp:term":[{"taxonomy":"product_brand","embeddable":true,"href":"https:\/\/energyclub.com.tr\/supplement\/wp-json\/wp\/v2\/product_brand?post=3773"},{"taxonomy":"product_cat","embeddable":true,"href":"https:\/\/energyclub.com.tr\/supplement\/wp-json\/wp\/v2\/product_cat?post=3773"},{"taxonomy":"product_tag","embeddable":true,"href":"https:\/\/energyclub.com.tr\/supplement\/wp-json\/wp\/v2\/product_tag?post=3773"},{"taxonomy":"yst_prominent_words","embeddable":true,"href":"https:\/\/energyclub.com.tr\/supplement\/wp-json\/wp\/v2\/yst_prominent_words?post=3773"}],"curies":[{"name":"wp","href":"https:\/\/api.w.org\/{rel}","templated":true}]}}