{"id":3782,"date":"2020-01-10T18:49:01","date_gmt":"2020-01-10T15:49:01","guid":{"rendered":"https:\/\/energyclub.com.tr\/supplement\/?post_type=product&#038;p=3782"},"modified":"2020-11-26T15:59:17","modified_gmt":"2020-11-26T12:59:17","slug":"sis-go-hydro-20-tablet","status":"publish","type":"product","link":"https:\/\/energyclub.com.tr\/supplement\/urun\/performans-guc\/karbonhidrat\/sis-go-hydro-20-tablet\/","title":{"rendered":"SiS Go Hydro 20 Tablet"},"content":{"rendered":"<h2>SiS Go Hydro nedir?<\/h2>\n<p>Sis Go Hydro maraton, bisiklet, y\u00fczme gibi dayan\u0131kl\u0131l\u0131k sporlar\u0131 i\u00e7in v\u00fccudun kaybetti\u011fi elektrolitleri h\u0131zl\u0131ca geri kazanmak amac\u0131yla form\u00fcle edilmi\u015ftir.<\/p>\n<p>2008 Pekin Olimpyatlar\u0131&#8217;nda \u0130ngiliz Yelken tak\u0131m\u0131 taraf\u0131ndan kullan\u0131lan desteklerden biridir. Efervesan tabletlerin i\u00e7eri\u011finde sodyum, elektrolit ve ye\u015fil \u00e7ay \u00f6z\u00fc gibi ilave bile\u015fenler bulunmaktad\u0131r.\u00a0Kolay \u00e7\u00f6z\u00fcnen ve kalori i\u00e7ermeyen Sis Go Hydro\u2019yu aktivite esnas\u0131nda \u015fi\u015fe veya sulu\u011funuza atarak kolayca t\u00fcketebilirsiniz.<\/p>\n<h2>Sis Go Hydro&#8217;nun dikkat \u00e7eken \u00f6zellikleri:<\/h2>\n<p>&#8211; Tuz ve temel elektrolitleri i\u00e7eren form\u00fclasyon<\/p>\n<p>&#8211; Hidrasyon dengesi i\u00e7in y\u00fcksek sodyum<\/p>\n<p>&#8211; Kolay \u00e7\u00f6z\u00fcnebilir efervesan tablet<\/p>\n<p>&#8211; Kalori i\u00e7ermez<\/p>\n","protected":false},"excerpt":{"rendered":"<ul class=\"pp-first-list\">\n<li><span class=\"pp-sm-title\">Marka<\/span>:<span class=\"pp-sm-desc\"><a class=\"track-link p-detail-spec-link\" title=\"SIS\" href=\"https:\/\/www.supplementler.com\/marka\/sis-1-1689\" data-category=\"Product-Specification-Links\" data-label=\"SIS\" data-id=\"1689\">SIS<\/a><\/span><\/li>\n<li><span class=\"pp-sm-title pp-sm-title\">Servis Say\u0131s\u0131<\/span>:<span class=\"pp-sm-desc spec-service-size\">20<\/span><\/li>\n<li><span class=\"pp-sm-title\">Servis Miktar\u0131<\/span>:<span class=\"pp-sm-desc spec-service-amount\">1 Tablet (4,5 Gr)<\/span><\/li>\n<li><span class=\"pp-sm-title\">Servis Ba\u015f\u0131 Fiyat<\/span>:<span class=\"pp-sm-desc spec-one-service-price\">4,25 TL<\/span><\/li>\n<\/ul>\n","protected":false},"featured_media":3783,"comment_status":"open","ping_status":"closed","template":"","meta":[],"product_brand":[],"product_cat":[140],"product_tag":[],"yst_prominent_words":[],"class_list":{"0":"post-3782","1":"product","2":"type-product","3":"status-publish","4":"has-post-thumbnail","6":"product_cat-karbonhidrat","7":"pa_brand-sis","9":"first","10":"outofstock","11":"shipping-taxable","12":"purchasable","13":"product-type-variable"},"_links":{"self":[{"href":"https:\/\/energyclub.com.tr\/supplement\/wp-json\/wp\/v2\/product\/3782","targetHints":{"allow":["GET"]}}],"collection":[{"href":"https:\/\/energyclub.com.tr\/supplement\/wp-json\/wp\/v2\/product"}],"about":[{"href":"https:\/\/energyclub.com.tr\/supplement\/wp-json\/wp\/v2\/types\/product"}],"replies":[{"embeddable":true,"href":"https:\/\/energyclub.com.tr\/supplement\/wp-json\/wp\/v2\/comments?post=3782"}],"wp:featuredmedia":[{"embeddable":true,"href":"https:\/\/energyclub.com.tr\/supplement\/wp-json\/wp\/v2\/media\/3783"}],"wp:attachment":[{"href":"https:\/\/energyclub.com.tr\/supplement\/wp-json\/wp\/v2\/media?parent=3782"}],"wp:term":[{"taxonomy":"product_brand","embeddable":true,"href":"https:\/\/energyclub.com.tr\/supplement\/wp-json\/wp\/v2\/product_brand?post=3782"},{"taxonomy":"product_cat","embeddable":true,"href":"https:\/\/energyclub.com.tr\/supplement\/wp-json\/wp\/v2\/product_cat?post=3782"},{"taxonomy":"product_tag","embeddable":true,"href":"https:\/\/energyclub.com.tr\/supplement\/wp-json\/wp\/v2\/product_tag?post=3782"},{"taxonomy":"yst_prominent_words","embeddable":true,"href":"https:\/\/energyclub.com.tr\/supplement\/wp-json\/wp\/v2\/yst_prominent_words?post=3782"}],"curies":[{"name":"wp","href":"https:\/\/api.w.org\/{rel}","templated":true}]}}