{"id":3801,"date":"2020-01-10T19:23:48","date_gmt":"2020-01-10T16:23:48","guid":{"rendered":"https:\/\/energyclub.com.tr\/supplement\/?post_type=product&#038;p=3801"},"modified":"2020-11-26T15:56:22","modified_gmt":"2020-11-26T12:56:22","slug":"sis-go-electrolyte-powder-500-gr","status":"publish","type":"product","link":"https:\/\/energyclub.com.tr\/supplement\/urun\/performans-guc\/karbonhidrat\/sis-go-electrolyte-powder-500-gr\/","title":{"rendered":"SiS GO Electrolyte Powder 500 Gr."},"content":{"rendered":"<p><strong>SiS GO\u00a0Electrolyte\u00a0Powder 500 Gr nedir?\u00a0<\/strong><\/p>\n<p>H\u0131zl\u0131 ve kolay sindirilebilen bir karbonhidrat kayna\u011f\u0131d\u0131r.\u00a0SiS GO Elektrolit Powder, v\u00fccudun s\u0131v\u0131 dengesini desteklemek ad\u0131na elektrolikitler (sodyumu y\u00fcksek) i\u00e7eren form\u00fcle sahiptir.<\/p>\n<p>SiS GO Electrolyte Powder&#8217;\u0131n haz\u0131rlanm\u0131\u015f kar\u0131\u015f\u0131m\u0131 (500 mL su ile) 36 gr karbonhidrat ve elektrolitler sunar. \u00d6zellikle dayan\u0131kl\u0131l\u0131k sporcular\u0131, i\u00e7in aktivite boyunca azalan glikojen depolar\u0131n\u0131 tekrar doldurmak ve hidrasyonu dengede tutabilmek \u00f6nemlidir.<\/p>\n<p>SiS GO Electrolyte\u00a0Powder&#8217;\u0131n dikkat \u00e7eken \u00f6zellikleri:<\/p>\n<ul>\n<li>500 ml kar\u0131\u015f\u0131mda 36 gr karbonhidrat<\/li>\n<li>Hidrasyon dengesi i\u00e7in y\u00fcksek sodyum<\/li>\n<li>H\u0131zl\u0131 emilim<\/li>\n<li>Vegan ve vejetaryen kullan\u0131m\u0131na uygun<\/li>\n<\/ul>\n","protected":false},"excerpt":{"rendered":"<ul class=\"pp-first-list\">\n<li><span class=\"pp-sm-title\">Marka<\/span>:<span class=\"pp-sm-desc\"><a class=\"track-link p-detail-spec-link\" title=\"SIS\" href=\"https:\/\/www.supplementler.com\/marka\/sis-1-1689\" data-category=\"Product-Specification-Links\" data-label=\"SIS\" data-id=\"1689\">SIS<\/a><\/span><\/li>\n<li><span class=\"pp-sm-title pp-sm-title\">Servis Say\u0131s\u0131<\/span>:<span class=\"pp-sm-desc spec-service-size\">12<\/span><\/li>\n<li><span class=\"pp-sm-title\">Servis Miktar\u0131<\/span>:<span class=\"pp-sm-desc spec-service-amount\">2 \u00d6l\u00e7ek (40 g)<\/span><\/li>\n<li><span class=\"pp-sm-title\">Servis Ba\u015f\u0131 Fiyat<\/span>:<span class=\"pp-sm-desc spec-one-service-price\">7,08 TL<\/span><\/li>\n<\/ul>\n","protected":false},"featured_media":3803,"comment_status":"open","ping_status":"closed","template":"","meta":[],"product_brand":[],"product_cat":[140],"product_tag":[],"yst_prominent_words":[],"class_list":{"0":"post-3801","1":"product","2":"type-product","3":"status-publish","4":"has-post-thumbnail","6":"product_cat-karbonhidrat","7":"pa_brand-sis","9":"first","10":"outofstock","11":"shipping-taxable","12":"purchasable","13":"product-type-variable"},"_links":{"self":[{"href":"https:\/\/energyclub.com.tr\/supplement\/wp-json\/wp\/v2\/product\/3801","targetHints":{"allow":["GET"]}}],"collection":[{"href":"https:\/\/energyclub.com.tr\/supplement\/wp-json\/wp\/v2\/product"}],"about":[{"href":"https:\/\/energyclub.com.tr\/supplement\/wp-json\/wp\/v2\/types\/product"}],"replies":[{"embeddable":true,"href":"https:\/\/energyclub.com.tr\/supplement\/wp-json\/wp\/v2\/comments?post=3801"}],"wp:featuredmedia":[{"embeddable":true,"href":"https:\/\/energyclub.com.tr\/supplement\/wp-json\/wp\/v2\/media\/3803"}],"wp:attachment":[{"href":"https:\/\/energyclub.com.tr\/supplement\/wp-json\/wp\/v2\/media?parent=3801"}],"wp:term":[{"taxonomy":"product_brand","embeddable":true,"href":"https:\/\/energyclub.com.tr\/supplement\/wp-json\/wp\/v2\/product_brand?post=3801"},{"taxonomy":"product_cat","embeddable":true,"href":"https:\/\/energyclub.com.tr\/supplement\/wp-json\/wp\/v2\/product_cat?post=3801"},{"taxonomy":"product_tag","embeddable":true,"href":"https:\/\/energyclub.com.tr\/supplement\/wp-json\/wp\/v2\/product_tag?post=3801"},{"taxonomy":"yst_prominent_words","embeddable":true,"href":"https:\/\/energyclub.com.tr\/supplement\/wp-json\/wp\/v2\/yst_prominent_words?post=3801"}],"curies":[{"name":"wp","href":"https:\/\/api.w.org\/{rel}","templated":true}]}}