{"id":3807,"date":"2020-01-10T19:34:24","date_gmt":"2020-01-10T16:34:24","guid":{"rendered":"https:\/\/energyclub.com.tr\/supplement\/?post_type=product&#038;p=3807"},"modified":"2020-11-26T15:53:43","modified_gmt":"2020-11-26T12:53:43","slug":"big-joy-tri-creatine-malate-120-tablet","status":"publish","type":"product","link":"https:\/\/energyclub.com.tr\/supplement\/urun\/kreatin\/kompleks-kreatin\/big-joy-tri-creatine-malate-120-tablet\/","title":{"rendered":"Big Joy Tri-Creatine Malate 120 Tablet"},"content":{"rendered":"<p><strong>Big Joy Tri-Creatine Malate 120 Tablet nedir?<\/strong><\/p>\n<p>Big Joy Tri-Creatine Malate, her servisinde 4000 mg\u00a0tri-kreatin malat\u00a0bar\u0131nd\u0131ran bir g\u0131da takviyesi \u00fcr\u00fcn\u00fcd\u00fcr.<\/p>\n<p>\u0130sminden de anla\u015f\u0131labilece\u011fi gibi Big Joy Tri-Creatine Malate, \u00fc\u00e7 kreatini ve malik asiti(Malat) bir arada sunmaktad\u0131r.<\/p>\n<p>Big Joy Tri-Creatine Malate 120 Tablet \u00f6zellikleri:<\/p>\n<p>&#8211; Kreatini ve malik asit bir arada sunmaktad\u0131r<br \/>\n&#8211; Her servisinde 4000 mg\u00a0tri-kreatin malat\u00a0i\u00e7erir<br \/>\n&#8211; Aromas\u0131z oldu\u011fu i\u00e7in supplement kar\u0131\u015f\u0131mlar\u0131na ilave edilebilir.<br \/>\n&#8211; Hayvansal i\u00e7eri\u011fi olmamas\u0131 nedeniyle vejetaryen kullan\u0131m\u0131na uygundur.<\/p>\n<p>Not: S\u00fct, soya, yumurta, kereviz, gluten i\u00e7eren tah\u0131llar ve hardal i\u015fleyen tesislerde \u00fcretilmi\u015ftir<\/p>\n","protected":false},"excerpt":{"rendered":"<ul class=\"pp-first-list\">\n<li><span class=\"pp-sm-title\">Marka<\/span>:<span class=\"pp-sm-desc\"><a class=\"track-link p-detail-spec-link\" title=\"Big Joy\" href=\"https:\/\/www.supplementler.com\/marka\/big-joy-1-1330\" data-category=\"Product-Specification-Links\" data-label=\"Big Joy\" data-id=\"1330\">Big Joy<\/a><\/span><\/li>\n<li><span class=\"pp-sm-title pp-sm-title\">Servis Say\u0131s\u0131<\/span>:<span class=\"pp-sm-desc spec-service-size\">40<\/span><\/li>\n<li><span class=\"pp-sm-title\">Servis Miktar\u0131<\/span>:<span class=\"pp-sm-desc spec-service-amount\">3 Tablet<\/span><\/li>\n<li><span class=\"pp-sm-title\">Servis Ba\u015f\u0131 Fiyat<\/span>:<span class=\"pp-sm-desc spec-one-service-price\">1,48 TL<\/span><\/li>\n<\/ul>\n","protected":false},"featured_media":3808,"comment_status":"open","ping_status":"closed","template":"","meta":[],"product_brand":[],"product_cat":[144,143],"product_tag":[],"yst_prominent_words":[],"class_list":{"0":"post-3807","1":"product","2":"type-product","3":"status-publish","4":"has-post-thumbnail","6":"product_cat-kompleks-kreatin","7":"product_cat-kreatin-monohidrat","8":"pa_brand-bigjoy-supplement","10":"first","11":"outofstock","12":"shipping-taxable","13":"purchasable","14":"product-type-variable"},"_links":{"self":[{"href":"https:\/\/energyclub.com.tr\/supplement\/wp-json\/wp\/v2\/product\/3807","targetHints":{"allow":["GET"]}}],"collection":[{"href":"https:\/\/energyclub.com.tr\/supplement\/wp-json\/wp\/v2\/product"}],"about":[{"href":"https:\/\/energyclub.com.tr\/supplement\/wp-json\/wp\/v2\/types\/product"}],"replies":[{"embeddable":true,"href":"https:\/\/energyclub.com.tr\/supplement\/wp-json\/wp\/v2\/comments?post=3807"}],"wp:featuredmedia":[{"embeddable":true,"href":"https:\/\/energyclub.com.tr\/supplement\/wp-json\/wp\/v2\/media\/3808"}],"wp:attachment":[{"href":"https:\/\/energyclub.com.tr\/supplement\/wp-json\/wp\/v2\/media?parent=3807"}],"wp:term":[{"taxonomy":"product_brand","embeddable":true,"href":"https:\/\/energyclub.com.tr\/supplement\/wp-json\/wp\/v2\/product_brand?post=3807"},{"taxonomy":"product_cat","embeddable":true,"href":"https:\/\/energyclub.com.tr\/supplement\/wp-json\/wp\/v2\/product_cat?post=3807"},{"taxonomy":"product_tag","embeddable":true,"href":"https:\/\/energyclub.com.tr\/supplement\/wp-json\/wp\/v2\/product_tag?post=3807"},{"taxonomy":"yst_prominent_words","embeddable":true,"href":"https:\/\/energyclub.com.tr\/supplement\/wp-json\/wp\/v2\/yst_prominent_words?post=3807"}],"curies":[{"name":"wp","href":"https:\/\/api.w.org\/{rel}","templated":true}]}}