{"id":3835,"date":"2020-01-10T20:36:12","date_gmt":"2020-01-10T17:36:12","guid":{"rendered":"https:\/\/energyclub.com.tr\/supplement\/?post_type=product&#038;p=3835"},"modified":"2021-03-30T16:02:43","modified_gmt":"2021-03-30T13:02:43","slug":"nutrend-creatine-monohydrate-creapure-500-gr","status":"publish","type":"product","link":"https:\/\/energyclub.com.tr\/supplement\/urun\/kreatin\/kreatin-monohidrat\/nutrend-creatine-monohydrate-creapure-500-gr\/","title":{"rendered":"Nutrend Creatine Monohydrate Creapure 500 Gr."},"content":{"rendered":"<p><strong>Nutrend Creatine Monohydrate Creapure Nedir?<\/strong><\/p>\n<p>Y\u00fcksek kalitede kreatin Creapure kullan\u0131larak haz\u0131rlanm\u0131\u015f bir \u00fcr\u00fcd\u00fcr.<\/p>\n<p>Kreatin k\u0131sa s\u00fcreli, y\u00fcksek yo\u011funluklu egzersizlerin ard\u0131 ard\u0131na yap\u0131lmas\u0131nda fiziksel performans\u0131 artt\u0131r\u0131r.<\/p>\n<p>Nutrend Creatine Monohydrate Creapure&#8217;nin dikkat \u00e7eken \u00f6zellkleri:<\/p>\n<p>&#8211; Her serviste 5 gram kreatin monohidrat<\/p>\n<p>&#8211; Creapure hammadde<\/p>\n<p>&#8211; 500 gram y\u00fcksek servis<\/p>\n","protected":false},"excerpt":{"rendered":"<ul class=\"pp-first-list\">\n<li><span class=\"pp-sm-title\">Marka<\/span>:<span class=\"pp-sm-desc\"><a class=\"track-link p-detail-spec-link\" title=\"Nutrend\" href=\"https:\/\/www.supplementler.com\/marka\/nutrend-1-1312\" data-category=\"Product-Specification-Links\" data-label=\"Nutrend\" data-id=\"1312\">Nutrend<\/a><\/span><\/li>\n<li><span class=\"pp-sm-title pp-sm-title\">Servis Say\u0131s\u0131<\/span>:<span class=\"pp-sm-desc spec-service-size\">100<\/span><\/li>\n<li><span class=\"pp-sm-title\">Servis Miktar\u0131<\/span>:<span class=\"pp-sm-desc spec-service-amount\">5 g<\/span><\/li>\n<li><span class=\"pp-sm-title\">Servis Ba\u015f\u0131 Fiyat<\/span>:<span class=\"pp-sm-desc spec-one-service-price\">1,45 TL<\/span><\/li>\n<\/ul>\n","protected":false},"featured_media":3836,"comment_status":"open","ping_status":"closed","template":"","meta":[],"product_brand":[],"product_cat":[143],"product_tag":[],"yst_prominent_words":[],"class_list":{"0":"post-3835","1":"product","2":"type-product","3":"status-publish","4":"has-post-thumbnail","6":"product_cat-kreatin-monohidrat","7":"pa_brand-nutrend","9":"first","10":"instock","11":"shipping-taxable","12":"purchasable","13":"product-type-variable"},"_links":{"self":[{"href":"https:\/\/energyclub.com.tr\/supplement\/wp-json\/wp\/v2\/product\/3835","targetHints":{"allow":["GET"]}}],"collection":[{"href":"https:\/\/energyclub.com.tr\/supplement\/wp-json\/wp\/v2\/product"}],"about":[{"href":"https:\/\/energyclub.com.tr\/supplement\/wp-json\/wp\/v2\/types\/product"}],"replies":[{"embeddable":true,"href":"https:\/\/energyclub.com.tr\/supplement\/wp-json\/wp\/v2\/comments?post=3835"}],"wp:featuredmedia":[{"embeddable":true,"href":"https:\/\/energyclub.com.tr\/supplement\/wp-json\/wp\/v2\/media\/3836"}],"wp:attachment":[{"href":"https:\/\/energyclub.com.tr\/supplement\/wp-json\/wp\/v2\/media?parent=3835"}],"wp:term":[{"taxonomy":"product_brand","embeddable":true,"href":"https:\/\/energyclub.com.tr\/supplement\/wp-json\/wp\/v2\/product_brand?post=3835"},{"taxonomy":"product_cat","embeddable":true,"href":"https:\/\/energyclub.com.tr\/supplement\/wp-json\/wp\/v2\/product_cat?post=3835"},{"taxonomy":"product_tag","embeddable":true,"href":"https:\/\/energyclub.com.tr\/supplement\/wp-json\/wp\/v2\/product_tag?post=3835"},{"taxonomy":"yst_prominent_words","embeddable":true,"href":"https:\/\/energyclub.com.tr\/supplement\/wp-json\/wp\/v2\/yst_prominent_words?post=3835"}],"curies":[{"name":"wp","href":"https:\/\/api.w.org\/{rel}","templated":true}]}}