{"id":3850,"date":"2020-01-10T21:12:26","date_gmt":"2020-01-10T18:12:26","guid":{"rendered":"https:\/\/energyclub.com.tr\/supplement\/?post_type=product&#038;p=3850"},"modified":"2021-03-29T16:54:15","modified_gmt":"2021-03-29T13:54:15","slug":"olimp-vita-mineral-multiple-sport-60-kapsul","status":"publish","type":"product","link":"https:\/\/energyclub.com.tr\/supplement\/urun\/sporcu-vitaminleri\/vitaminler\/olimp-vita-mineral-multiple-sport-60-kapsul\/","title":{"rendered":"Olimp Vita-Mineral Multiple Sport 60 Kaps\u00fcl"},"content":{"rendered":"<p><strong>Olimp Vita-Mineral Multiple Sport Nedir?<\/strong><\/p>\n<p>Olimp Vita-Mineral Multiple Sport kaps\u00fcl formda olan bir multi-vitamin \u00fcr\u00fcn\u00fcd\u00fcr.<\/p>\n<p>Chela teknolojisi ile geli\u015fitirilmi\u015f olan\u00a0Olimp Vita-Mineral Multiple Sport g\u00fcnl\u00fck hayat\u0131m\u0131zda besinlerden alamad\u0131\u011f\u0131m\u0131z Vitamin ve Mineralleri daha kolay bir \u015fekilde almam\u0131za yard\u0131mc\u0131 olabilir.<\/p>\n<p>Vitamin ve mineraller \u00f6zellikle spor yapan ki\u015filer i\u00e7in olduk\u00e7a \u00f6nemlidir.<\/p>\n","protected":false},"excerpt":{"rendered":"<ul class=\"pp-first-list\">\n<li><span class=\"pp-sm-title\">Marka<\/span>:<span class=\"pp-sm-desc\">Olimp<\/span><\/li>\n<li><span class=\"pp-sm-title pp-sm-title\">Servis Say\u0131s\u0131<\/span>:<span class=\"pp-sm-desc spec-service-size\">30<\/span><\/li>\n<li><span class=\"pp-sm-title\">Servis Miktar\u0131<\/span>:<span class=\"pp-sm-desc spec-service-amount\">2 Kaps\u00fcl<\/span><\/li>\n<li><span class=\"pp-sm-title\">Servis Ba\u015f\u0131 Fiyat<\/span>:<span class=\"pp-sm-desc spec-one-service-price\">2,83 TL<\/span><\/li>\n<\/ul>\n","protected":false},"featured_media":3851,"comment_status":"open","ping_status":"closed","template":"","meta":[],"product_brand":[],"product_cat":[145],"product_tag":[],"yst_prominent_words":[],"class_list":{"0":"post-3850","1":"product","2":"type-product","3":"status-publish","4":"has-post-thumbnail","6":"product_cat-vitaminler","7":"pa_brand-olimp","9":"first","10":"instock","11":"shipping-taxable","12":"purchasable","13":"product-type-variable"},"_links":{"self":[{"href":"https:\/\/energyclub.com.tr\/supplement\/wp-json\/wp\/v2\/product\/3850","targetHints":{"allow":["GET"]}}],"collection":[{"href":"https:\/\/energyclub.com.tr\/supplement\/wp-json\/wp\/v2\/product"}],"about":[{"href":"https:\/\/energyclub.com.tr\/supplement\/wp-json\/wp\/v2\/types\/product"}],"replies":[{"embeddable":true,"href":"https:\/\/energyclub.com.tr\/supplement\/wp-json\/wp\/v2\/comments?post=3850"}],"wp:featuredmedia":[{"embeddable":true,"href":"https:\/\/energyclub.com.tr\/supplement\/wp-json\/wp\/v2\/media\/3851"}],"wp:attachment":[{"href":"https:\/\/energyclub.com.tr\/supplement\/wp-json\/wp\/v2\/media?parent=3850"}],"wp:term":[{"taxonomy":"product_brand","embeddable":true,"href":"https:\/\/energyclub.com.tr\/supplement\/wp-json\/wp\/v2\/product_brand?post=3850"},{"taxonomy":"product_cat","embeddable":true,"href":"https:\/\/energyclub.com.tr\/supplement\/wp-json\/wp\/v2\/product_cat?post=3850"},{"taxonomy":"product_tag","embeddable":true,"href":"https:\/\/energyclub.com.tr\/supplement\/wp-json\/wp\/v2\/product_tag?post=3850"},{"taxonomy":"yst_prominent_words","embeddable":true,"href":"https:\/\/energyclub.com.tr\/supplement\/wp-json\/wp\/v2\/yst_prominent_words?post=3850"}],"curies":[{"name":"wp","href":"https:\/\/api.w.org\/{rel}","templated":true}]}}