{"id":3859,"date":"2020-01-10T21:25:56","date_gmt":"2020-01-10T18:25:56","guid":{"rendered":"https:\/\/energyclub.com.tr\/supplement\/?post_type=product&#038;p=3859"},"modified":"2020-11-26T17:25:58","modified_gmt":"2020-11-26T14:25:58","slug":"big-joy-glucosamine-condroitin-msm-90-tablet","status":"publish","type":"product","link":"https:\/\/energyclub.com.tr\/supplement\/urun\/sporcu-vitaminleri\/glukozamin-eklem\/big-joy-glucosamine-condroitin-msm-90-tablet\/","title":{"rendered":"BigJoy Sports Glucosamine Chondroitine with MSM 90 Tablet"},"content":{"rendered":"<p><strong>Glucosamine Chondrioitin MSM Nedir? Faydalar\u0131 Nelerdir?<\/strong><\/p>\n<p>Glukozamin, k\u0131k\u0131rdaklar\u0131m\u0131zda do\u011fal olarak bulunan bir maddedir ve k\u0131k\u0131rdak olu\u015fumuna ve eklem s\u0131v\u0131s\u0131ndaki art\u0131\u015fa destek olur. Bu y\u00fczden yakla\u015f\u0131k 30 y\u0131ld\u0131r Avrupa\u2019da eklem a\u011fr\u0131lar\u0131 ile m\u00fccadelede en \u00e7ok tercih edilen desteklerden biridir.<\/p>\n<p>Glukozamin sadece spor yapanlar aras\u0131nda pop\u00fcler de\u011fildir. \u0130lerleyen ya\u015f ile birlikte eklemlerindeki k\u0131k\u0131rdak dokusu da ya\u015flan\u0131r, hasarlar olu\u015fur. \u00d6zellikle fazla kilonuz varsa ya da uzun s\u00fcre a\u011f\u0131r spor yapt\u0131ysan\u0131z eklemleriniz daha fazla y\u00fck alt\u0131nda kald\u0131\u011f\u0131 i\u00e7in tahribat\u0131 da fazla olur, a\u011fr\u0131 ya\u015fama ihtimaliniz artar.\u00a0Glukozamin bu a\u011fr\u0131lar\u0131 azaltmaya yard\u0131mc\u0131 olabilir.<\/p>\n<p>Kondroitin de k\u0131k\u0131rdak ve tendon \u00fcretmek ve hasar g\u00f6rm\u00fc\u015f olanlar\u0131 tamir etmekte kullan\u0131lan bir proteindir. Ayn\u0131 zamanda a\u011fr\u0131l\u0131 \u015fi\u015fkinlikleri iyile\u015ftirmeye yard\u0131mc\u0131d\u0131r yani antienflamatuar etkiye sahiptir.<\/p>\n<p>MSM (metil-sulfonil-metan\u2019\u0131n k\u0131salt\u0131lm\u0131\u015f\u0131d\u0131r) de eklem, k\u0131k\u0131rdak ve ba\u011f dokular\u0131n\u0131n elastikiyetini art\u0131rmaya yard\u0131mc\u0131 bir maddedir. \u00d6zellikle glukozamin ile beraber al\u0131nmas\u0131n\u0131n a\u011fr\u0131y\u0131 ciddi bi\u00e7imde azaltt\u0131\u011f\u0131 ara\u015ft\u0131rmalarla<sup>\u00a0<\/sup>g\u00f6sterilmi\u015ftir.<\/p>\n<p>Bigjoy Glukozamin Chondrioitin MSM, y\u00fcksek kalitede hammadde ile \u00fcretilmi\u015ftir. 1 servisinde 1500 mg glukozamin S\u00fclfat, 900 mg kondroitin ve 600 mg MSM i\u00e7erir.<\/p>\n<p><strong>Nas\u0131l Kullan\u0131l\u0131r?<\/strong><\/p>\n<p>G\u00fcn i\u00e7erisinde 3 tableti tercihen yemeklerle beraber t\u00fcketebilirsiniz.<\/p>\n","protected":false},"excerpt":{"rendered":"<ul class=\"pp-first-list\">\n<li><span class=\"pp-sm-title\">Marka<\/span>:<span class=\"pp-sm-desc\">Big Joy<\/span><\/li>\n<li><span class=\"pp-sm-title pp-sm-title\">Servis Say\u0131s\u0131<\/span>:<span class=\"pp-sm-desc spec-service-size\">30<\/span><\/li>\n<li><span class=\"pp-sm-title\">Servis Miktar\u0131<\/span>:<span class=\"pp-sm-desc spec-service-amount\">3 Tablet<\/span><\/li>\n<li><span class=\"pp-sm-title\">Servis Ba\u015f\u0131 Fiyat<\/span>:<span class=\"pp-sm-desc spec-one-service-price\">2,97 TL<\/span><\/li>\n<\/ul>\n","protected":false},"featured_media":3861,"comment_status":"open","ping_status":"closed","template":"","meta":[],"product_brand":[],"product_cat":[148],"product_tag":[],"yst_prominent_words":[],"class_list":{"0":"post-3859","1":"product","2":"type-product","3":"status-publish","4":"has-post-thumbnail","6":"product_cat-glukozamin-eklem","7":"pa_brand-bigjoy-supplement","9":"first","10":"outofstock","11":"shipping-taxable","12":"purchasable","13":"product-type-variable"},"_links":{"self":[{"href":"https:\/\/energyclub.com.tr\/supplement\/wp-json\/wp\/v2\/product\/3859","targetHints":{"allow":["GET"]}}],"collection":[{"href":"https:\/\/energyclub.com.tr\/supplement\/wp-json\/wp\/v2\/product"}],"about":[{"href":"https:\/\/energyclub.com.tr\/supplement\/wp-json\/wp\/v2\/types\/product"}],"replies":[{"embeddable":true,"href":"https:\/\/energyclub.com.tr\/supplement\/wp-json\/wp\/v2\/comments?post=3859"}],"wp:featuredmedia":[{"embeddable":true,"href":"https:\/\/energyclub.com.tr\/supplement\/wp-json\/wp\/v2\/media\/3861"}],"wp:attachment":[{"href":"https:\/\/energyclub.com.tr\/supplement\/wp-json\/wp\/v2\/media?parent=3859"}],"wp:term":[{"taxonomy":"product_brand","embeddable":true,"href":"https:\/\/energyclub.com.tr\/supplement\/wp-json\/wp\/v2\/product_brand?post=3859"},{"taxonomy":"product_cat","embeddable":true,"href":"https:\/\/energyclub.com.tr\/supplement\/wp-json\/wp\/v2\/product_cat?post=3859"},{"taxonomy":"product_tag","embeddable":true,"href":"https:\/\/energyclub.com.tr\/supplement\/wp-json\/wp\/v2\/product_tag?post=3859"},{"taxonomy":"yst_prominent_words","embeddable":true,"href":"https:\/\/energyclub.com.tr\/supplement\/wp-json\/wp\/v2\/yst_prominent_words?post=3859"}],"curies":[{"name":"wp","href":"https:\/\/api.w.org\/{rel}","templated":true}]}}