{"id":3865,"date":"2020-01-10T21:29:35","date_gmt":"2020-01-10T18:29:35","guid":{"rendered":"https:\/\/energyclub.com.tr\/supplement\/?post_type=product&#038;p=3865"},"modified":"2021-03-01T16:38:48","modified_gmt":"2021-03-01T13:38:48","slug":"hardline-glucosamine-msm-120-tablet","status":"publish","type":"product","link":"https:\/\/energyclub.com.tr\/supplement\/urun\/sporcu-vitaminleri\/glukozamin-eklem\/hardline-glucosamine-msm-120-tablet\/","title":{"rendered":"Hardline Glucosamine Msm 120 Tablet"},"content":{"rendered":"<p><b>Hardline Glucosamine MSM Nedir?<\/b><\/p>\n<p>Hardline Glucosamine MSM tablet formda olan bir eklem \u00fcr\u00fcn\u00fcd\u00fcr. Glukozamin v\u00fccudun k\u0131k\u0131rdak dokusunda bulunan temel molek\u00fcllerden biridir. MSM (metils\u00fclfonilmetan) eklem ve k\u0131k\u0131rdaklara elastiklik sa\u011flayan kolajen olu\u015fumu i\u00e7in gerekli olan s\u00fclf\u00fcr kayna\u011f\u0131d\u0131r.<\/p>\n<p>Uzun s\u00fcredir a\u011f\u0131rl\u0131k antrenman\u0131 yapan yada ge\u00e7mi\u015fte eklem rahats\u0131zl\u0131\u011f\u0131 ge\u00e7iren ki\u015filerin eklemlerini korumas\u0131 olduk\u00e7a \u00f6nemlidir.<\/p>\n<p>Hardline Glucosamine MSM&#8217; nin dikkat \u00e7eken \u00f6zellikleri:<\/p>\n<p>Her 3 tablette (g\u00fcnl\u00fck al\u0131m miktar\u0131) 2.200 mg MSM, 1.500 mg Glukozamin<\/p>\n<p>Uyar\u0131:<\/p>\n<p>\u00c7ocuklar, hamileler,emziren kad\u0131nlar, kabuklu deniz \u00fcr\u00fcnlerine allerjisi olanlar kullanmamal\u0131d\u0131r. Antikoagulan ila\u00e7 kullananlar kullanmadan \u00f6nce hekimlerine dan\u0131\u015fmal\u0131d\u0131rlar.<\/p>\n","protected":false},"excerpt":{"rendered":"<ul class=\"pp-first-list\">\n<li><span class=\"pp-sm-title\">Marka<\/span>:<span class=\"pp-sm-desc\">Hardline<\/span><\/li>\n<li><span class=\"pp-sm-title pp-sm-title\">Servis Say\u0131s\u0131<\/span>:<span class=\"pp-sm-desc spec-service-size\">40<\/span><\/li>\n<li><span class=\"pp-sm-title\">Servis Miktar\u0131<\/span>:<span class=\"pp-sm-desc spec-service-amount\">3 Tablet<\/span><\/li>\n<li><span class=\"pp-sm-title\">Servis Ba\u015f\u0131 Fiyat<\/span>:<span class=\"pp-sm-desc spec-one-service-price\">1,73 TL<\/span><\/li>\n<\/ul>\n","protected":false},"featured_media":3866,"comment_status":"open","ping_status":"closed","template":"","meta":[],"product_brand":[],"product_cat":[148],"product_tag":[],"yst_prominent_words":[],"class_list":{"0":"post-3865","1":"product","2":"type-product","3":"status-publish","4":"has-post-thumbnail","6":"product_cat-glukozamin-eklem","7":"pa_brand-hardline","9":"first","10":"outofstock","11":"shipping-taxable","12":"product-type-variable"},"_links":{"self":[{"href":"https:\/\/energyclub.com.tr\/supplement\/wp-json\/wp\/v2\/product\/3865","targetHints":{"allow":["GET"]}}],"collection":[{"href":"https:\/\/energyclub.com.tr\/supplement\/wp-json\/wp\/v2\/product"}],"about":[{"href":"https:\/\/energyclub.com.tr\/supplement\/wp-json\/wp\/v2\/types\/product"}],"replies":[{"embeddable":true,"href":"https:\/\/energyclub.com.tr\/supplement\/wp-json\/wp\/v2\/comments?post=3865"}],"wp:featuredmedia":[{"embeddable":true,"href":"https:\/\/energyclub.com.tr\/supplement\/wp-json\/wp\/v2\/media\/3866"}],"wp:attachment":[{"href":"https:\/\/energyclub.com.tr\/supplement\/wp-json\/wp\/v2\/media?parent=3865"}],"wp:term":[{"taxonomy":"product_brand","embeddable":true,"href":"https:\/\/energyclub.com.tr\/supplement\/wp-json\/wp\/v2\/product_brand?post=3865"},{"taxonomy":"product_cat","embeddable":true,"href":"https:\/\/energyclub.com.tr\/supplement\/wp-json\/wp\/v2\/product_cat?post=3865"},{"taxonomy":"product_tag","embeddable":true,"href":"https:\/\/energyclub.com.tr\/supplement\/wp-json\/wp\/v2\/product_tag?post=3865"},{"taxonomy":"yst_prominent_words","embeddable":true,"href":"https:\/\/energyclub.com.tr\/supplement\/wp-json\/wp\/v2\/yst_prominent_words?post=3865"}],"curies":[{"name":"wp","href":"https:\/\/api.w.org\/{rel}","templated":true}]}}