{"id":3867,"date":"2020-01-10T21:31:43","date_gmt":"2020-01-10T18:31:43","guid":{"rendered":"https:\/\/energyclub.com.tr\/supplement\/?post_type=product&#038;p=3867"},"modified":"2020-11-26T15:13:41","modified_gmt":"2020-11-26T12:13:41","slug":"olimp-platinum-ginseng-60-kapsul","status":"publish","type":"product","link":"https:\/\/energyclub.com.tr\/supplement\/urun\/sporcu-vitaminleri\/antioksidan\/olimp-platinum-ginseng-60-kapsul\/","title":{"rendered":"Olimp Platinum Ginseng 60 Kaps\u00fcl"},"content":{"rendered":"<p><strong>Olimp Platinum Ginseng nedir?<\/strong><\/p>\n<p>Olimp Platinum Ginseng, Kore Ginseng&#8217;i ile Amerikan Ginseng&#8217;i ekstrelerini bir arada sunan sporculara y\u00f6nelik geli\u015ftirilmi\u015f bir \u00fcr\u00fcnd\u00fcr. Ginsengin etken maddesi olan ginesioidleri standardize edilmi\u015ftir. Bu sayede her kaps\u00fclde e\u015fit miktarda etken madde sunmaktad\u0131r.\u00a0Olimp Platinum Ginseng form\u00fcl\u00fcn\u00fc arpa ekstresi ile tamamlam\u0131\u015ft\u0131r.<\/p>\n<p>Aktif ya\u015fayan veya d\u00fczenli spor yapan bireylerin kullan\u0131m\u0131na uygun bir \u00fcr\u00fcnd\u00fcr.<\/p>\n<p>Olimp Platinum Ginseng&#8217;in dikkat \u00e7eken \u00f6zellikleri:<\/p>\n<p>&#8211; 2 etkili ginseng t\u00fcr\u00fc kar\u0131\u015f\u0131m\u0131<\/p>\n<p>&#8211; Standardize edilmi\u015f bitkisel ekstreler<\/p>\n<p>&#8211; Arpa ekstresi ile desteklenmi\u015f kompozisyon<\/p>\n","protected":false},"excerpt":{"rendered":"<ul class=\"pp-first-list\">\n<li><span class=\"pp-sm-title\">Marka<\/span>:<span class=\"pp-sm-desc\">Olimp<\/span><\/li>\n<li><span class=\"pp-sm-title pp-sm-title\">Servis Say\u0131s\u0131<\/span>:<span class=\"pp-sm-desc spec-service-size\">60<\/span><\/li>\n<li><span class=\"pp-sm-title\">Servis Miktar\u0131<\/span>:<span class=\"pp-sm-desc spec-service-amount\">1 Kaps\u00fcl<\/span><\/li>\n<li><span class=\"pp-sm-title\">Servis Ba\u015f\u0131 Fiyat<\/span>:<span class=\"pp-sm-desc spec-one-service-price\">0,98 TL<\/span><\/li>\n<\/ul>\n","protected":false},"featured_media":3868,"comment_status":"open","ping_status":"closed","template":"","meta":[],"product_brand":[],"product_cat":[150],"product_tag":[],"yst_prominent_words":[],"class_list":{"0":"post-3867","1":"product","2":"type-product","3":"status-publish","4":"has-post-thumbnail","6":"product_cat-antioksidan","7":"pa_brand-olimp","9":"first","10":"instock","11":"shipping-taxable","12":"purchasable","13":"product-type-variable"},"_links":{"self":[{"href":"https:\/\/energyclub.com.tr\/supplement\/wp-json\/wp\/v2\/product\/3867","targetHints":{"allow":["GET"]}}],"collection":[{"href":"https:\/\/energyclub.com.tr\/supplement\/wp-json\/wp\/v2\/product"}],"about":[{"href":"https:\/\/energyclub.com.tr\/supplement\/wp-json\/wp\/v2\/types\/product"}],"replies":[{"embeddable":true,"href":"https:\/\/energyclub.com.tr\/supplement\/wp-json\/wp\/v2\/comments?post=3867"}],"wp:featuredmedia":[{"embeddable":true,"href":"https:\/\/energyclub.com.tr\/supplement\/wp-json\/wp\/v2\/media\/3868"}],"wp:attachment":[{"href":"https:\/\/energyclub.com.tr\/supplement\/wp-json\/wp\/v2\/media?parent=3867"}],"wp:term":[{"taxonomy":"product_brand","embeddable":true,"href":"https:\/\/energyclub.com.tr\/supplement\/wp-json\/wp\/v2\/product_brand?post=3867"},{"taxonomy":"product_cat","embeddable":true,"href":"https:\/\/energyclub.com.tr\/supplement\/wp-json\/wp\/v2\/product_cat?post=3867"},{"taxonomy":"product_tag","embeddable":true,"href":"https:\/\/energyclub.com.tr\/supplement\/wp-json\/wp\/v2\/product_tag?post=3867"},{"taxonomy":"yst_prominent_words","embeddable":true,"href":"https:\/\/energyclub.com.tr\/supplement\/wp-json\/wp\/v2\/yst_prominent_words?post=3867"}],"curies":[{"name":"wp","href":"https:\/\/api.w.org\/{rel}","templated":true}]}}