{"id":4389,"date":"2020-01-22T16:13:22","date_gmt":"2020-01-22T13:13:22","guid":{"rendered":"https:\/\/energyclub.com.tr\/supplement\/?post_type=product&#038;p=4389"},"modified":"2020-12-18T15:00:50","modified_gmt":"2020-12-18T12:00:50","slug":"multipower-whey-amino-3400-300-tablet","status":"publish","type":"product","link":"https:\/\/energyclub.com.tr\/supplement\/urun\/amino-asit\/kompleks-amino-asit\/multipower-whey-amino-3400-300-tablet\/","title":{"rendered":"Multipower Whey Amino 3400 300 Tablet"},"content":{"rendered":"<p><strong>Multipower Whey Amino 3400 Nedir?\u00a0<\/strong><\/p>\n<p>Multipower Whey Amino 3400 tablet formda olan kompleks bir amino asit \u00fcr\u00fcn\u00fcd\u00fcr.<\/p>\n<p>Geni\u015f spektrumlu bir amino asit profiline sahip olan Whey Amino 3400 \u00fcst d\u00fczey Whey protein ham maddesi ile elde edilmi\u015ftir.<\/p>\n<p>Multipower Whey Amino 3400 sporcular\u0131n g\u00fcnl\u00fck amino asit ve protein ihtiyac\u0131n\u0131 gidermeye yard\u0131mc\u0131 olabilir.<\/p>\n<p>Multipower Whey Amino 3400&#8217;\u00fcn dikkat \u00e7eken \u00f6zellikleri:<\/p>\n<p>&#8211; Multipower Whey Amino 3400 her 1 tabletinde 3400mg e\u015fsiz dozaj bulunur. Tablet ba\u015f\u0131na 2650 mg amino asit i\u00e7erir.<\/p>\n<p>&#8211; Multipower Whey Amino 3400 %21,1 oran\u0131nda BCAA amino asitleri i\u00e7ermektedir<\/p>\n<p>&#8211; Multipower Whey Amino 3400 ek olarak B6 Vitamini i\u00e7ermektedir (Protein sentezi)<\/p>\n<p>&#8211; Multipower Whey Amino 3400 \u0130zole Whey Proteinden elde edilmi\u015f kompleks bir amino asit \u00fcr\u00fcn\u00fcd\u00fcr<\/p>\n<p>&#8211; Multipower Whey Amino 3400 izole i\u00e7eri\u011fi sayesinde h\u0131zl\u0131 bir emilime sahiptir<\/p>\n","protected":false},"excerpt":{"rendered":"<ul class=\"pp-first-list\">\n<li><span class=\"pp-sm-title\">Marka<\/span>:<span class=\"pp-sm-desc\">Multipower<\/span><\/li>\n<li><span class=\"pp-sm-title pp-sm-title\">Servis Say\u0131s\u0131<\/span>:<span class=\"pp-sm-desc spec-service-size\">50<\/span><\/li>\n<li><span class=\"pp-sm-title\">Servis Miktar\u0131<\/span>:<span class=\"pp-sm-desc spec-service-amount\">6 Tablet<\/span><\/li>\n<li><span class=\"pp-sm-title\">Servis Ba\u015f\u0131 Fiyat<\/span>:<span class=\"pp-sm-desc spec-one-service-price\">7,18 TL<\/span><\/li>\n<\/ul>\n","protected":false},"featured_media":4391,"comment_status":"open","ping_status":"closed","template":"","meta":[],"product_brand":[],"product_cat":[127],"product_tag":[],"yst_prominent_words":[],"class_list":{"0":"post-4389","1":"product","2":"type-product","3":"status-publish","4":"has-post-thumbnail","6":"product_cat-kompleks-amino-asit","7":"pa_brand-multipower","9":"first","10":"instock","11":"shipping-taxable","12":"purchasable","13":"product-type-variable"},"_links":{"self":[{"href":"https:\/\/energyclub.com.tr\/supplement\/wp-json\/wp\/v2\/product\/4389","targetHints":{"allow":["GET"]}}],"collection":[{"href":"https:\/\/energyclub.com.tr\/supplement\/wp-json\/wp\/v2\/product"}],"about":[{"href":"https:\/\/energyclub.com.tr\/supplement\/wp-json\/wp\/v2\/types\/product"}],"replies":[{"embeddable":true,"href":"https:\/\/energyclub.com.tr\/supplement\/wp-json\/wp\/v2\/comments?post=4389"}],"wp:featuredmedia":[{"embeddable":true,"href":"https:\/\/energyclub.com.tr\/supplement\/wp-json\/wp\/v2\/media\/4391"}],"wp:attachment":[{"href":"https:\/\/energyclub.com.tr\/supplement\/wp-json\/wp\/v2\/media?parent=4389"}],"wp:term":[{"taxonomy":"product_brand","embeddable":true,"href":"https:\/\/energyclub.com.tr\/supplement\/wp-json\/wp\/v2\/product_brand?post=4389"},{"taxonomy":"product_cat","embeddable":true,"href":"https:\/\/energyclub.com.tr\/supplement\/wp-json\/wp\/v2\/product_cat?post=4389"},{"taxonomy":"product_tag","embeddable":true,"href":"https:\/\/energyclub.com.tr\/supplement\/wp-json\/wp\/v2\/product_tag?post=4389"},{"taxonomy":"yst_prominent_words","embeddable":true,"href":"https:\/\/energyclub.com.tr\/supplement\/wp-json\/wp\/v2\/yst_prominent_words?post=4389"}],"curies":[{"name":"wp","href":"https:\/\/api.w.org\/{rel}","templated":true}]}}