{"id":5177,"date":"2020-02-28T11:01:28","date_gmt":"2020-02-28T08:01:28","guid":{"rendered":"https:\/\/energyclub.com.tr\/supplement\/?post_type=product&#038;p=5177"},"modified":"2020-03-22T20:42:57","modified_gmt":"2020-03-22T17:42:57","slug":"fa-nutrition-xtreme-napalm-pre-contest-500-gr","status":"publish","type":"product","link":"https:\/\/energyclub.com.tr\/supplement\/urun\/performans-guc\/guc-performans\/fa-nutrition-xtreme-napalm-pre-contest-500-gr\/","title":{"rendered":"FA Nutrition Xtreme Napalm Pre-Contest 500 Gr."},"content":{"rendered":"<p><strong>FA Nutrition Xtreme Napalm Pre-Contest Nedir?<\/strong><\/p>\n<p>FA Nutrition Xtreme Napalm Pre-Contest toz formda olan bir PWO (Pre-Workout) \u00fcr\u00fcn\u00fcd\u00fcr.<\/p>\n<p>Kompleks bir i\u00e7eri\u011fie sahip olan Napalm Pre-Contest i\u00e7erisinde y\u00fcksek miktarda Beta-Alanin ve arjinin gibi Nitrik Oksit bile\u015fenler i\u00e7ermektedir. Napalm Pre-Contest spor \u00f6ncesi al\u0131nd\u0131\u011f\u0131nda kullan\u0131c\u0131n\u0131n spor yard\u0131mc\u0131 olabilir.<\/p>\n<p>FA Nutrition Napalm Pre-Contest&#8217;in dikkat \u00e7eken \u00f6zellikleri:<\/p>\n<p>&#8211; \u00c7ok y\u00fcksek servis oran\u0131 \/ 1 kutuda 88+ servis<\/p>\n<p>&#8211; Her 1 servisinde 2000mg Alanin<\/p>\n<p>&#8211; Her 1 servisinde 1000mg Arjinin<\/p>\n<p>&#8211; Kafein i\u00e7eri\u011fi<\/p>\n","protected":false},"excerpt":{"rendered":"<ul class=\"pp-first-list\">\n<li><span class=\"pp-sm-title\">Marka<\/span>:<span class=\"pp-sm-desc\"><a class=\"track-link p-detail-spec-link\" title=\"Fa Nutrition\" href=\"https:\/\/www.supplementler.com\/marka\/fa-nutrition-1-1323\" data-category=\"Product-Specification-Links\" data-label=\"Fa Nutrition\" data-id=\"1323\">Fa Nutrition<\/a><\/span><\/li>\n<li><span class=\"pp-sm-title pp-sm-title\">Servis Say\u0131s\u0131<\/span>:<span class=\"pp-sm-desc spec-service-size\">88<\/span><\/li>\n<li><span class=\"pp-sm-title\">Servis Miktar\u0131<\/span>:<span class=\"pp-sm-desc spec-service-amount\">1 \u00d6l\u00e7ek (5,6 g)<\/span><\/li>\n<li><span class=\"pp-sm-title\">Servis Ba\u015f\u0131 Fiyat<\/span>:<span class=\"pp-sm-desc spec-one-service-price\">3,40 TL<\/span><\/li>\n<\/ul>\n","protected":false},"featured_media":5178,"comment_status":"open","ping_status":"closed","template":"","meta":[],"product_brand":[],"product_cat":[138],"product_tag":[],"yst_prominent_words":[],"class_list":{"0":"post-5177","1":"product","2":"type-product","3":"status-publish","4":"has-post-thumbnail","6":"product_cat-guc-performans","7":"pa_brand-fa-nutrition","9":"first","10":"instock","11":"shipping-taxable","12":"purchasable","13":"product-type-variable"},"_links":{"self":[{"href":"https:\/\/energyclub.com.tr\/supplement\/wp-json\/wp\/v2\/product\/5177","targetHints":{"allow":["GET"]}}],"collection":[{"href":"https:\/\/energyclub.com.tr\/supplement\/wp-json\/wp\/v2\/product"}],"about":[{"href":"https:\/\/energyclub.com.tr\/supplement\/wp-json\/wp\/v2\/types\/product"}],"replies":[{"embeddable":true,"href":"https:\/\/energyclub.com.tr\/supplement\/wp-json\/wp\/v2\/comments?post=5177"}],"wp:featuredmedia":[{"embeddable":true,"href":"https:\/\/energyclub.com.tr\/supplement\/wp-json\/wp\/v2\/media\/5178"}],"wp:attachment":[{"href":"https:\/\/energyclub.com.tr\/supplement\/wp-json\/wp\/v2\/media?parent=5177"}],"wp:term":[{"taxonomy":"product_brand","embeddable":true,"href":"https:\/\/energyclub.com.tr\/supplement\/wp-json\/wp\/v2\/product_brand?post=5177"},{"taxonomy":"product_cat","embeddable":true,"href":"https:\/\/energyclub.com.tr\/supplement\/wp-json\/wp\/v2\/product_cat?post=5177"},{"taxonomy":"product_tag","embeddable":true,"href":"https:\/\/energyclub.com.tr\/supplement\/wp-json\/wp\/v2\/product_tag?post=5177"},{"taxonomy":"yst_prominent_words","embeddable":true,"href":"https:\/\/energyclub.com.tr\/supplement\/wp-json\/wp\/v2\/yst_prominent_words?post=5177"}],"curies":[{"name":"wp","href":"https:\/\/api.w.org\/{rel}","templated":true}]}}