{"id":5191,"date":"2020-02-28T11:48:35","date_gmt":"2020-02-28T08:48:35","guid":{"rendered":"https:\/\/energyclub.com.tr\/supplement\/?post_type=product&#038;p=5191"},"modified":"2021-03-30T15:56:50","modified_gmt":"2021-03-30T12:56:50","slug":"ultimate-glutapure-powder-400-gr","status":"publish","type":"product","link":"https:\/\/energyclub.com.tr\/supplement\/urun\/amino-asit\/glutamin\/ultimate-glutapure-powder-400-gr\/","title":{"rendered":"Ultimate Glutapure Powder 400 Gr."},"content":{"rendered":"<p><b>Ultimate Glutapure Nedir?<\/b><\/p>\n<p>Ultimate Glutapure %100 saf ve serbest formda \u00fcretilmi\u015f bir amino asit \u00fcr\u00fcn\u00fcd\u00fcr.<\/p>\n<p>ABD \u00fcretimi olan ve \u00fcst d\u00fczey bir ham madde kalitesine sahip olan Ultimate Glutapure, amino asit havuzunun %60&#8217;\u0131n\u0131 olu\u015fturdu\u011fu i\u00e7in en \u00f6nemli amino asitlerden biridir.<\/p>\n<p>Glutamin amino asiti yo\u011fun egzersizler sonras\u0131nda kaslar\u0131n i\u00e7erisinde bulunan glutamin rezervlerinin tekrardan dolmas\u0131na yard\u0131mc\u0131 olabilir.<\/p>\n<p>Saf hali sayesinde h\u0131zl\u0131 bir \u015fekilde kana kar\u0131\u015fabilen Glutamin uzun emilimi sayesinde y\u0131pranm\u0131\u015f kaslar\u0131n glutamin ihtiyac\u0131n\u0131 kar\u015f\u0131layabilir.<\/p>\n<p>Ultimate Glutapure&#8217;\u00fcn dikkat \u00e7eken \u00f6zellikleri:<\/p>\n<p>&#8211; Glutapure ham madde kalitesi<\/p>\n<p>&#8211; Uzun emilim<\/p>\n","protected":false},"excerpt":{"rendered":"<ul class=\"pp-first-list\">\n<li><span class=\"pp-sm-title\">Marka<\/span>:<span class=\"pp-sm-desc\">Ultimate<\/span><\/li>\n<li><span class=\"pp-sm-title pp-sm-title\">Servis Say\u0131s\u0131<\/span>:<span class=\"pp-sm-desc spec-service-size\">80<\/span><\/li>\n<li><span class=\"pp-sm-title\">Servis Miktar\u0131<\/span>:<span class=\"pp-sm-desc spec-service-amount\">1 \u00d6l\u00e7ek (5 g)<\/span><\/li>\n<li><span class=\"pp-sm-title\">Servis Ba\u015f\u0131 Fiyat<\/span>:<span class=\"pp-sm-desc spec-one-service-price\">1,36 TL<\/span><\/li>\n<\/ul>\n","protected":false},"featured_media":5192,"comment_status":"open","ping_status":"closed","template":"","meta":[],"product_brand":[],"product_cat":[128],"product_tag":[],"yst_prominent_words":[],"class_list":{"0":"post-5191","1":"product","2":"type-product","3":"status-publish","4":"has-post-thumbnail","6":"product_cat-glutamin","7":"pa_brand-ultimate","9":"first","10":"outofstock","11":"shipping-taxable","12":"purchasable","13":"product-type-variable"},"_links":{"self":[{"href":"https:\/\/energyclub.com.tr\/supplement\/wp-json\/wp\/v2\/product\/5191","targetHints":{"allow":["GET"]}}],"collection":[{"href":"https:\/\/energyclub.com.tr\/supplement\/wp-json\/wp\/v2\/product"}],"about":[{"href":"https:\/\/energyclub.com.tr\/supplement\/wp-json\/wp\/v2\/types\/product"}],"replies":[{"embeddable":true,"href":"https:\/\/energyclub.com.tr\/supplement\/wp-json\/wp\/v2\/comments?post=5191"}],"wp:featuredmedia":[{"embeddable":true,"href":"https:\/\/energyclub.com.tr\/supplement\/wp-json\/wp\/v2\/media\/5192"}],"wp:attachment":[{"href":"https:\/\/energyclub.com.tr\/supplement\/wp-json\/wp\/v2\/media?parent=5191"}],"wp:term":[{"taxonomy":"product_brand","embeddable":true,"href":"https:\/\/energyclub.com.tr\/supplement\/wp-json\/wp\/v2\/product_brand?post=5191"},{"taxonomy":"product_cat","embeddable":true,"href":"https:\/\/energyclub.com.tr\/supplement\/wp-json\/wp\/v2\/product_cat?post=5191"},{"taxonomy":"product_tag","embeddable":true,"href":"https:\/\/energyclub.com.tr\/supplement\/wp-json\/wp\/v2\/product_tag?post=5191"},{"taxonomy":"yst_prominent_words","embeddable":true,"href":"https:\/\/energyclub.com.tr\/supplement\/wp-json\/wp\/v2\/yst_prominent_words?post=5191"}],"curies":[{"name":"wp","href":"https:\/\/api.w.org\/{rel}","templated":true}]}}