{"id":5197,"date":"2020-02-28T12:04:35","date_gmt":"2020-02-28T09:04:35","guid":{"rendered":"https:\/\/energyclub.com.tr\/supplement\/?post_type=product&#038;p=5197"},"modified":"2020-11-26T15:06:33","modified_gmt":"2020-11-26T12:06:33","slug":"ultimate-bcaa-powder-12000-457-gr","status":"publish","type":"product","link":"https:\/\/energyclub.com.tr\/supplement\/urun\/amino-asit\/bcaa\/ultimate-bcaa-powder-12000-457-gr\/","title":{"rendered":"Ultimate BCAA Powder 12000 457 Gr."},"content":{"rendered":"<p><b>Ultimate BCAA Powder 12000 Nedir?<\/b><\/p>\n<p>Ultimate BCAA Powder 12000 toz formda olan BCAA \u00fcr\u00fcn\u00fcd\u00fcr.<\/p>\n<p>Toz i\u00e7eri\u011fi sayesinde tablet \u00fcr\u00fcnlere g\u00f6re daha h\u0131zl\u0131 bir emilimi olan Ultimate BCAA Powder 12000 sporcular\u0131n g\u00fcnl\u00fck BCAA ve amino asit ihtiyac\u0131n\u0131 gidermeye yard\u0131mc\u0131 olabilir.<\/p>\n<p>Ultimate BCAA Powder 12000&#8217;in dikkat \u00e7eken \u00f6zellikleri:<\/p>\n<p>&#8211; Ultimate BCAA Powder 12000 her 1 servisinde 6000mg BCAA amino asitleri i\u00e7ermektedir<\/p>\n","protected":false},"excerpt":{"rendered":"<ul class=\"pp-first-list\">\n<li><span class=\"pp-sm-title\">Marka<\/span>:<span class=\"pp-sm-desc\">Ultimate<\/span><\/li>\n<li><span class=\"pp-sm-title pp-sm-title\">Servis Say\u0131s\u0131<\/span>:<span class=\"pp-sm-desc spec-service-size\">60<\/span><\/li>\n<li><span class=\"pp-sm-title\">Servis Miktar\u0131<\/span>:<span class=\"pp-sm-desc spec-service-amount\">1 \u00d6l\u00e7ek (7,6 g)<\/span><\/li>\n<li><span class=\"pp-sm-title\">Servis Ba\u015f\u0131 Fiyat<\/span>:<span class=\"pp-sm-desc spec-one-service-price\">1,98 TL<\/span><\/li>\n<\/ul>\n","protected":false},"featured_media":6728,"comment_status":"open","ping_status":"closed","template":"","meta":[],"product_brand":[],"product_cat":[126],"product_tag":[],"yst_prominent_words":[],"class_list":{"0":"post-5197","1":"product","2":"type-product","3":"status-publish","4":"has-post-thumbnail","6":"product_cat-bcaa","7":"pa_brand-ultimate","9":"first","10":"outofstock","11":"shipping-taxable","12":"purchasable","13":"product-type-variable"},"_links":{"self":[{"href":"https:\/\/energyclub.com.tr\/supplement\/wp-json\/wp\/v2\/product\/5197","targetHints":{"allow":["GET"]}}],"collection":[{"href":"https:\/\/energyclub.com.tr\/supplement\/wp-json\/wp\/v2\/product"}],"about":[{"href":"https:\/\/energyclub.com.tr\/supplement\/wp-json\/wp\/v2\/types\/product"}],"replies":[{"embeddable":true,"href":"https:\/\/energyclub.com.tr\/supplement\/wp-json\/wp\/v2\/comments?post=5197"}],"wp:featuredmedia":[{"embeddable":true,"href":"https:\/\/energyclub.com.tr\/supplement\/wp-json\/wp\/v2\/media\/6728"}],"wp:attachment":[{"href":"https:\/\/energyclub.com.tr\/supplement\/wp-json\/wp\/v2\/media?parent=5197"}],"wp:term":[{"taxonomy":"product_brand","embeddable":true,"href":"https:\/\/energyclub.com.tr\/supplement\/wp-json\/wp\/v2\/product_brand?post=5197"},{"taxonomy":"product_cat","embeddable":true,"href":"https:\/\/energyclub.com.tr\/supplement\/wp-json\/wp\/v2\/product_cat?post=5197"},{"taxonomy":"product_tag","embeddable":true,"href":"https:\/\/energyclub.com.tr\/supplement\/wp-json\/wp\/v2\/product_tag?post=5197"},{"taxonomy":"yst_prominent_words","embeddable":true,"href":"https:\/\/energyclub.com.tr\/supplement\/wp-json\/wp\/v2\/yst_prominent_words?post=5197"}],"curies":[{"name":"wp","href":"https:\/\/api.w.org\/{rel}","templated":true}]}}