{"id":6286,"date":"2020-03-01T21:23:04","date_gmt":"2020-03-01T18:23:04","guid":{"rendered":"https:\/\/energyclub.com.tr\/supplement\/?post_type=product&#038;p=6286"},"modified":"2020-12-18T14:58:22","modified_gmt":"2020-12-18T11:58:22","slug":"scivation-xtend-bcaa-369-gr","status":"publish","type":"product","link":"https:\/\/energyclub.com.tr\/supplement\/urun\/amino-asit\/bcaa\/scivation-xtend-bcaa-369-gr\/","title":{"rendered":"Scivation Xtend BCAA 369 Gr."},"content":{"rendered":"<p><b>Scivation Xtend Nedir?<\/b><\/p>\n<p>Scivation Xtend toz formda olan kompleks bir BCAA \u00fcr\u00fcn\u00fcd\u00fcr.<\/p>\n<p>ABD&#8217;de 2012&#8217;nin en iyi BCAA \u00fcr\u00fcn\u00fc se\u00e7ilen Scivation Xtend sporcular\u0131n g\u00fcnl\u00fck BCAA ve amino asit ihtiyac\u0131n\u0131 gidermeye yard\u0131mc\u0131 olabilir.<\/p>\n<p>Scivation Xtend&#8217;in dikkat \u00e7eken \u00f6zellikleri:<\/p>\n<p>&#8211; Scivation Xtend her 1 servisinde 7000mg BCAA amino asitleri i\u00e7ermektedir<\/p>\n<p>&#8211; Scivation Xtend en \u00f6nemli amino asitlerden biri olarak kabul edilen Glutamin amino asiti i\u00e7ermektedir (2500mg)<\/p>\n<p>&#8211; Scivation Xtend tat konusunda en ba\u015far\u0131l\u0131 amino asit \u00fcr\u00fcnlerinden biridir.<\/p>\n","protected":false},"excerpt":{"rendered":"<ul class=\"pp-first-list\">\n<li><span class=\"pp-sm-title\">Marka<\/span>:<span class=\"pp-sm-desc\">Scivation<\/span><\/li>\n<li><span class=\"pp-sm-title pp-sm-title\">Servis Say\u0131s\u0131<\/span>:<span class=\"pp-sm-desc spec-service-size\">30<\/span><\/li>\n<li><span class=\"pp-sm-title\">Servis Miktar\u0131<\/span>:<span class=\"pp-sm-desc spec-service-amount\">1 \u00d6l\u00e7ek (12,3 g)<\/span><\/li>\n<li><span class=\"pp-sm-title\">Servis Ba\u015f\u0131 Fiyat<\/span>:<span class=\"pp-sm-desc spec-one-service-price\">6,60 TL<\/span><\/li>\n<\/ul>\n","protected":false},"featured_media":6294,"comment_status":"open","ping_status":"closed","template":"","meta":[],"product_brand":[],"product_cat":[126],"product_tag":[],"yst_prominent_words":[],"class_list":{"0":"post-6286","1":"product","2":"type-product","3":"status-publish","4":"has-post-thumbnail","6":"product_cat-bcaa","7":"pa_brand-scivation","9":"first","10":"instock","11":"shipping-taxable","12":"purchasable","13":"product-type-variable"},"_links":{"self":[{"href":"https:\/\/energyclub.com.tr\/supplement\/wp-json\/wp\/v2\/product\/6286","targetHints":{"allow":["GET"]}}],"collection":[{"href":"https:\/\/energyclub.com.tr\/supplement\/wp-json\/wp\/v2\/product"}],"about":[{"href":"https:\/\/energyclub.com.tr\/supplement\/wp-json\/wp\/v2\/types\/product"}],"replies":[{"embeddable":true,"href":"https:\/\/energyclub.com.tr\/supplement\/wp-json\/wp\/v2\/comments?post=6286"}],"wp:featuredmedia":[{"embeddable":true,"href":"https:\/\/energyclub.com.tr\/supplement\/wp-json\/wp\/v2\/media\/6294"}],"wp:attachment":[{"href":"https:\/\/energyclub.com.tr\/supplement\/wp-json\/wp\/v2\/media?parent=6286"}],"wp:term":[{"taxonomy":"product_brand","embeddable":true,"href":"https:\/\/energyclub.com.tr\/supplement\/wp-json\/wp\/v2\/product_brand?post=6286"},{"taxonomy":"product_cat","embeddable":true,"href":"https:\/\/energyclub.com.tr\/supplement\/wp-json\/wp\/v2\/product_cat?post=6286"},{"taxonomy":"product_tag","embeddable":true,"href":"https:\/\/energyclub.com.tr\/supplement\/wp-json\/wp\/v2\/product_tag?post=6286"},{"taxonomy":"yst_prominent_words","embeddable":true,"href":"https:\/\/energyclub.com.tr\/supplement\/wp-json\/wp\/v2\/yst_prominent_words?post=6286"}],"curies":[{"name":"wp","href":"https:\/\/api.w.org\/{rel}","templated":true}]}}