{"id":6325,"date":"2020-03-01T22:32:46","date_gmt":"2020-03-01T19:32:46","guid":{"rendered":"https:\/\/energyclub.com.tr\/supplement\/?post_type=product&#038;p=6325"},"modified":"2020-11-26T14:56:00","modified_gmt":"2020-11-26T11:56:00","slug":"everlast-iso-90-izole-whey-protein-1816-gr","status":"publish","type":"product","link":"https:\/\/energyclub.com.tr\/supplement\/urun\/protein-tozu\/izole-protein\/everlast-iso-90-izole-whey-protein-1816-gr\/","title":{"rendered":"Everlast Iso 90 \u0130zole Whey Protein 1816 Gr."},"content":{"rendered":"<h2>Everlast Iso 90 \u0130zole Whey Protein 1816 Gr Nedir ?<\/h2>\n<p>Uzun y\u0131llar sporcu giyim ve aksesuarlar\u0131 sat\u0131\u015f\u0131 yapan Everlast markas\u0131 supplement sekt\u00f6r\u00fcne de h\u0131zl\u0131 bir giri\u015f yapt\u0131. \u00dcr\u00fcnleri ile birlikte supplement piyasas\u0131nda ad\u0131n\u0131 s\u00f6z ettirmeye ba\u015flad\u0131. \u0130zole whey proteini ile \u00fcr\u00fcn yelpazesine bir yenisini ekledi. Bu \u00fcr\u00fcn i\u00e7eri\u011finde gluten, laktoz ve \u015feker yoktur. 25 gr&#8217;l\u0131k bir \u00f6l\u00e7e\u011finde 22 gr izole protein i\u00e7eri\u011fi mevcuttur.<\/p>\n<p>Everlast Iso 90 \u0130zole Whey Protein 1816 Gr&#8217;\u0131n \u00f6ne \u00e7\u0131kan \u00f6zellikleri:<\/p>\n<p>-Saf Whey \u0130\u00e7eri\u011fi<\/p>\n<p>-0 \u015eeker<\/p>\n<p>-Y\u00fcksek amino asit profili<\/p>\n<p>-%88 Protein oran\u0131<\/p>\n<p>-%36 Hidrolize, %41 izole protein i\u00e7ermesi<\/p>\n","protected":false},"excerpt":{"rendered":"<ul class=\"pp-first-list\">\n<li><span class=\"pp-sm-title\">Marka<\/span>:Everlast<\/li>\n<li><span class=\"pp-sm-title pp-sm-title\">Servis Say\u0131s\u0131<\/span>:72<\/li>\n<li><span class=\"pp-sm-title\">Servis Miktar\u0131<\/span>:<span class=\"pp-sm-desc spec-service-amount\">25 Gr.<\/span><\/li>\n<li><span class=\"pp-sm-title\">Servis Ba\u015f\u0131 Fiyat<\/span>:<span class=\"pp-sm-desc spec-one-service-price\">4,43 TL<\/span><\/li>\n<\/ul>\n","protected":false},"featured_media":6332,"comment_status":"open","ping_status":"closed","template":"","meta":[],"product_brand":[],"product_cat":[121],"product_tag":[],"yst_prominent_words":[],"class_list":{"0":"post-6325","1":"product","2":"type-product","3":"status-publish","4":"has-post-thumbnail","6":"product_cat-izole-protein","7":"pa_brand-everlast","9":"first","10":"outofstock","11":"shipping-taxable","12":"purchasable","13":"product-type-variable"},"_links":{"self":[{"href":"https:\/\/energyclub.com.tr\/supplement\/wp-json\/wp\/v2\/product\/6325","targetHints":{"allow":["GET"]}}],"collection":[{"href":"https:\/\/energyclub.com.tr\/supplement\/wp-json\/wp\/v2\/product"}],"about":[{"href":"https:\/\/energyclub.com.tr\/supplement\/wp-json\/wp\/v2\/types\/product"}],"replies":[{"embeddable":true,"href":"https:\/\/energyclub.com.tr\/supplement\/wp-json\/wp\/v2\/comments?post=6325"}],"wp:featuredmedia":[{"embeddable":true,"href":"https:\/\/energyclub.com.tr\/supplement\/wp-json\/wp\/v2\/media\/6332"}],"wp:attachment":[{"href":"https:\/\/energyclub.com.tr\/supplement\/wp-json\/wp\/v2\/media?parent=6325"}],"wp:term":[{"taxonomy":"product_brand","embeddable":true,"href":"https:\/\/energyclub.com.tr\/supplement\/wp-json\/wp\/v2\/product_brand?post=6325"},{"taxonomy":"product_cat","embeddable":true,"href":"https:\/\/energyclub.com.tr\/supplement\/wp-json\/wp\/v2\/product_cat?post=6325"},{"taxonomy":"product_tag","embeddable":true,"href":"https:\/\/energyclub.com.tr\/supplement\/wp-json\/wp\/v2\/product_tag?post=6325"},{"taxonomy":"yst_prominent_words","embeddable":true,"href":"https:\/\/energyclub.com.tr\/supplement\/wp-json\/wp\/v2\/yst_prominent_words?post=6325"}],"curies":[{"name":"wp","href":"https:\/\/api.w.org\/{rel}","templated":true}]}}