{"id":6566,"date":"2020-03-04T16:32:24","date_gmt":"2020-03-04T13:32:24","guid":{"rendered":"https:\/\/energyclub.com.tr\/supplement\/?post_type=product&#038;p=6566"},"modified":"2021-03-30T15:45:13","modified_gmt":"2021-03-30T12:45:13","slug":"bigjoy-sports-glutabig-powder-ananas-420-gr","status":"publish","type":"product","link":"https:\/\/energyclub.com.tr\/supplement\/urun\/amino-asit\/glutamin\/bigjoy-sports-glutabig-powder-ananas-420-gr\/","title":{"rendered":"Bigjoy Sports Glutabig Powder Ananas 420 Gr."},"content":{"rendered":"<p><strong>Bigjoy Glutabig Powder 420 gr Ananas<\/strong><\/p>\n<p>Bigjoy Glutabig Powder Nedir? Faydalar\u0131 Nelerdir?<br \/>\nGlutamin, spor d\u00fcnyas\u0131ndaki en pop\u00fcler takviyelerden biridir. \u201crecovery\u201d yani v\u00fccudun toparlanmas\u0131nda kilit rol \u00fcstlenir. V\u00fccudunuzdaki amino asit havuzunun %60\u2019\u0131n\u0131 olu\u015fturan, y\u0131pranm\u0131\u015f kaslar\u0131n tamiri ve yeni kas in\u015fas\u0131 i\u00e7in en \u00e7ok ihtiya\u00e7 duyulan amino asittir. Ayr\u0131ca ge\u00e7ti\u011fimiz bir ka\u00e7 sene i\u00e7inde yap\u0131lan ara\u015ft\u0131rmalar, glutaminin b\u00fcy\u00fcme hormonu salg\u0131lanmas\u0131na da yard\u0131mc\u0131 oldu\u011funu g\u00f6stermi\u015ftir.<\/p>\n<p><strong>E\u015fsiz k\u0131lan nedir?<\/strong><\/p>\n<p>BIGJOY Glutabig, 1 porsiyonunda 5000 mg glutamin sunar.\u00a0 Ananas aromas\u0131 ile son derece lezzetlidir.<\/p>\n<p>BIGJOY Glutabig, her kutusunda 60 servis sunar.<\/p>\n<p><strong>Nas\u0131l\u00a0Kullan\u0131l\u0131r?<\/strong><br \/>\nBIGJOY Glutabig\u2019i antrenman sonras\u0131nda 1 \u00f6l\u00e7ek su\u00a0ile kar\u0131\u015ftrarak kullanabilirsiniz.<\/p>\n","protected":false},"excerpt":{"rendered":"<ul class=\"pp-first-list\">\n<li><span class=\"pp-sm-title\">Marka\u00a0<\/span>:\u00a0<span class=\"pp-sm-desc\">Big Joy<\/span><\/li>\n<li><span class=\"pp-sm-title pp-sm-title\">Servis Say\u0131s\u0131\u00a0<\/span>:\u00a0<span class=\"pp-sm-desc spec-service-size\">60<\/span><\/li>\n<li><span class=\"pp-sm-title\">Servis Miktar\u0131\u00a0<\/span>: 1 \u00f6l\u00e7ek (7 gr.)<\/li>\n<li><span class=\"pp-sm-title\">Servis Ba\u015f\u0131 Fiyat\u00a0<\/span>: 1,63<span class=\"pp-sm-desc spec-one-service-price\">\u00a0TL<\/span><\/li>\n<\/ul>\n","protected":false},"featured_media":6567,"comment_status":"open","ping_status":"closed","template":"","meta":[],"product_brand":[],"product_cat":[128],"product_tag":[],"yst_prominent_words":[],"class_list":{"0":"post-6566","1":"product","2":"type-product","3":"status-publish","4":"has-post-thumbnail","6":"product_cat-glutamin","7":"pa_brand-bigjoy-supplement","9":"first","10":"outofstock","11":"shipping-taxable","12":"purchasable","13":"product-type-variable"},"_links":{"self":[{"href":"https:\/\/energyclub.com.tr\/supplement\/wp-json\/wp\/v2\/product\/6566","targetHints":{"allow":["GET"]}}],"collection":[{"href":"https:\/\/energyclub.com.tr\/supplement\/wp-json\/wp\/v2\/product"}],"about":[{"href":"https:\/\/energyclub.com.tr\/supplement\/wp-json\/wp\/v2\/types\/product"}],"replies":[{"embeddable":true,"href":"https:\/\/energyclub.com.tr\/supplement\/wp-json\/wp\/v2\/comments?post=6566"}],"wp:featuredmedia":[{"embeddable":true,"href":"https:\/\/energyclub.com.tr\/supplement\/wp-json\/wp\/v2\/media\/6567"}],"wp:attachment":[{"href":"https:\/\/energyclub.com.tr\/supplement\/wp-json\/wp\/v2\/media?parent=6566"}],"wp:term":[{"taxonomy":"product_brand","embeddable":true,"href":"https:\/\/energyclub.com.tr\/supplement\/wp-json\/wp\/v2\/product_brand?post=6566"},{"taxonomy":"product_cat","embeddable":true,"href":"https:\/\/energyclub.com.tr\/supplement\/wp-json\/wp\/v2\/product_cat?post=6566"},{"taxonomy":"product_tag","embeddable":true,"href":"https:\/\/energyclub.com.tr\/supplement\/wp-json\/wp\/v2\/product_tag?post=6566"},{"taxonomy":"yst_prominent_words","embeddable":true,"href":"https:\/\/energyclub.com.tr\/supplement\/wp-json\/wp\/v2\/yst_prominent_words?post=6566"}],"curies":[{"name":"wp","href":"https:\/\/api.w.org\/{rel}","templated":true}]}}