{"id":6580,"date":"2020-03-04T17:20:24","date_gmt":"2020-03-04T14:20:24","guid":{"rendered":"https:\/\/energyclub.com.tr\/supplement\/?post_type=product&#038;p=6580"},"modified":"2021-03-30T15:44:34","modified_gmt":"2021-03-30T12:44:34","slug":"bigjoy-sports-bigwhey-whey-protein-classic-cilek-488-gr-16-servis","status":"publish","type":"product","link":"https:\/\/energyclub.com.tr\/supplement\/urun\/protein-tozu\/whey-protein\/bigjoy-sports-bigwhey-whey-protein-classic-cilek-488-gr-16-servis\/","title":{"rendered":"Bigjoy Sports BIGWHEY Whey Protein Classic \u00c7ilek 488 Gr. 16 Servis"},"content":{"rendered":"<p><strong>BIGWHEY PROTEIN CLASSIC<\/strong><\/p>\n<p><strong>\u0130\u00e7ti\u011finiz proteinden maksimum yararlan\u0131n<\/strong><br \/>\nBigjoy Bigwhey Classic, y\u00fcksek kalitede hammaddeden \u00fcretilmi\u015f ve rakipsiz bir i\u00e7eri\u011fe sahip bir whey proteinidir.<\/p>\n<p>Her servisinde (1 \u00f6l\u00e7ek) 24 gram protein i\u00e7ermektedir. \u00c7ikolata, \u00e7ilek, muz ve kapu\u00e7ino olmak \u00fczere 4 farkl\u0131 aromaya sahiptir.<\/p>\n<p>1 servisinde whey proteinin do\u011fal yap\u0131s\u0131ndan gelen 5.5 gram BCAA ve 4.2 gram glutamin \u00f6nc\u00fcleri i\u00e7ermektedir.<\/p>\n<p><strong>Sindirim enzimi ile daha fazla verim<\/strong><br \/>\nEnzimler; v\u00fccutta kataliz\u00f6r g\u00f6revi \u00fcstlenirler. Sindirim gibi metabolik i\u015flemlerin daha h\u0131zl\u0131 ve verimli bir \u015fekilde ger\u00e7ekle\u015fmesini sa\u011flarlar. \u00d6rne\u011fin t\u00fcketti\u011finiz protein ya da karbonhidrat\u0131n kas geli\u015fimi i\u00e7in kullan\u0131labilmesi i\u00e7in \u00f6nceden v\u00fccutta depolad\u0131\u011f\u0131 enzimleri sindirim sisteminden salg\u0131lamas\u0131 gerekir.<\/p>\n<p>Bigwhey Classic, form\u00fcl\u00fcndeki papain ve proteaz enzimleri i\u00e7ti\u011finiz proteinin daha verimli sindirilmesine ve ard\u0131ndan i\u015flenmesine katk\u0131 sa\u011flar. bu sayede spor sonras\u0131nda hasar g\u00f6rm\u00fc\u015f kaslar\u0131n in\u015fas\u0131 i\u00e7in daha fazla kullan\u0131labilir amino asit sa\u011flanmas\u0131na yard\u0131mc\u0131 olur.<\/p>\n<p><strong>Hammadde kalitesi<\/strong><br \/>\nBigwhey protein tozlar\u0131n\u0131n hammaddesi, 1993 y\u0131l\u0131ndan beri Avrupa\u2019n\u0131n en b\u00fcy\u00fck sporcu besinleri hammadde \u00fcreticilerinden biri olan Aminolabs firmas\u0131ndan gelmekte ve T\u00fcrkiye\u2019de kendi alan\u0131nda en yetkin ve GMP, ISO, belgeli tesislerde paketlenmektedir. Aminolabs, Muscletech, Dymatize, Scivation gibi Amerika\u2019n\u0131n pop\u00fcler sporcu besinleri firmalar\u0131n\u0131n Avrupa\u2019daki \u00fcretim noktas\u0131d\u0131r. GMP sertifikas\u0131na sahip ana \u00fcretim merkezi Bel\u00e7ika\u2019dad\u0131r ve Avrupa\u2019n\u0131n 3 farkl\u0131 \u015fehrinde bulunan Ar-Ge merkezleri sayesinde her zaman en y\u00fcksek kalitede ve safl\u0131kta hammaddeyi garanti etmektedir.<\/p>\n<p><strong>Aromalar<\/strong><br \/>\nBigwhey\u2019in en iddial\u0131 oldu\u011fu alanlardan biri de aromalar\u0131d\u0131r. \u00c7ikolata, \u00e7ilek, muz ve kapu\u00e7ino aroma se\u00e7enekleri ile son derece lezzetlidir. Kar\u0131\u015ft\u0131r\u0131rken k\u00f6p\u00fcrme ve i\u00e7tikten sonra midede \u015fi\u015fkinlik yapmaz. Antrenmandan \u00f6nce ya da sonra rahatl\u0131kla t\u00fcketebilirsiniz.<\/p>\n<p><strong>Kullan\u0131m \u015fekli<\/strong><br \/>\nAntrenmandan \u00f6nce ve sonra 1 \u00f6l\u00e7ek kullanabilirsiniz. \u0130leri seviye antrenman yapan sporcular, \u00f6\u011f\u00fcn aralar\u0131nda da 1 \u00f6l\u00e7ek kullanabilir.<\/p>\n","protected":false},"excerpt":{"rendered":"<ul class=\"pp-first-list\">\n<li><span class=\"pp-sm-title\">Marka\u00a0<\/span>:\u00a0<span class=\"pp-sm-desc\">Big Joy<\/span><\/li>\n<li><span class=\"pp-sm-title pp-sm-title\">Servis Say\u0131s\u0131\u00a0<\/span>:\u00a0<span class=\"pp-sm-desc spec-service-size\">16<\/span><\/li>\n<li><span class=\"pp-sm-title\">Servis Miktar\u0131\u00a0<\/span>:\u00a0<span class=\"pp-sm-desc spec-service-amount\">1 \u00d6l\u00e7ek (30.5 gr.)<\/span><\/li>\n<li><span class=\"pp-sm-title\">Servis Ba\u015f\u0131 Fiyat\u00a0<\/span>: 4,93<span class=\"pp-sm-desc spec-one-service-price\">\u00a0TL<\/span><\/li>\n<li><span class=\"pp-sm-title\">Protein Oran\u0131\u00a0<\/span>:\u00a0<span class=\"pp-sm-desc\">%78,6<\/span><\/li>\n<li><span class=\"pp-sm-title\">Karbonhidrat Oran\u0131\u00a0<\/span>:\u00a0<span class=\"pp-sm-desc\">%5,5<\/span><\/li>\n<li><span class=\"pp-sm-title\">\u015eeker Oran\u0131\u00a0\u00a0<\/span>:\u00a0<span class=\"pp-sm-desc\">%4,2<\/span><\/li>\n<li><span class=\"pp-sm-title\">Ya\u011f Oran\u0131\u00a0<\/span>:\u00a0<span class=\"pp-sm-desc\">%6,2<\/span><\/li>\n<\/ul>\n","protected":false},"featured_media":6581,"comment_status":"open","ping_status":"closed","template":"","meta":[],"product_brand":[],"product_cat":[120],"product_tag":[],"yst_prominent_words":[],"class_list":{"0":"post-6580","1":"product","2":"type-product","3":"status-publish","4":"has-post-thumbnail","6":"product_cat-whey-protein","7":"pa_brand-bigjoy-supplement","9":"first","10":"outofstock","11":"shipping-taxable","12":"purchasable","13":"product-type-variable"},"_links":{"self":[{"href":"https:\/\/energyclub.com.tr\/supplement\/wp-json\/wp\/v2\/product\/6580","targetHints":{"allow":["GET"]}}],"collection":[{"href":"https:\/\/energyclub.com.tr\/supplement\/wp-json\/wp\/v2\/product"}],"about":[{"href":"https:\/\/energyclub.com.tr\/supplement\/wp-json\/wp\/v2\/types\/product"}],"replies":[{"embeddable":true,"href":"https:\/\/energyclub.com.tr\/supplement\/wp-json\/wp\/v2\/comments?post=6580"}],"wp:featuredmedia":[{"embeddable":true,"href":"https:\/\/energyclub.com.tr\/supplement\/wp-json\/wp\/v2\/media\/6581"}],"wp:attachment":[{"href":"https:\/\/energyclub.com.tr\/supplement\/wp-json\/wp\/v2\/media?parent=6580"}],"wp:term":[{"taxonomy":"product_brand","embeddable":true,"href":"https:\/\/energyclub.com.tr\/supplement\/wp-json\/wp\/v2\/product_brand?post=6580"},{"taxonomy":"product_cat","embeddable":true,"href":"https:\/\/energyclub.com.tr\/supplement\/wp-json\/wp\/v2\/product_cat?post=6580"},{"taxonomy":"product_tag","embeddable":true,"href":"https:\/\/energyclub.com.tr\/supplement\/wp-json\/wp\/v2\/product_tag?post=6580"},{"taxonomy":"yst_prominent_words","embeddable":true,"href":"https:\/\/energyclub.com.tr\/supplement\/wp-json\/wp\/v2\/yst_prominent_words?post=6580"}],"curies":[{"name":"wp","href":"https:\/\/api.w.org\/{rel}","templated":true}]}}