{"id":6603,"date":"2020-03-04T22:45:55","date_gmt":"2020-03-04T19:45:55","guid":{"rendered":"https:\/\/energyclub.com.tr\/supplement\/?post_type=product&#038;p=6603"},"modified":"2020-03-22T20:42:30","modified_gmt":"2020-03-22T17:42:30","slug":"harbinger-leather-dip-belt-kemer","status":"publish","type":"product","link":"https:\/\/energyclub.com.tr\/supplement\/urun\/fitness-aksesuarlari\/harbinger-leather-dip-belt-kemer\/","title":{"rendered":"Harbinger Leather Dip Belt Kemer"},"content":{"rendered":"<h2><strong>Harbinger Leather Dips Kemeri\u00a0<\/strong><\/h2>\n<p>&#8211; Dips ve barfiks hareketlerinde v\u00fccut a\u011f\u0131rl\u0131\u011f\u0131n\u0131z\u0131n \u00fczerine g\u00fcvenli bir \u015fekilde a\u011f\u0131rl\u0131k plakalar\u0131 eklemenize yard\u0131mc\u0131 olur.<br \/>\n&#8211; Antrenman boyunca belinize maksimum destek ve konfor sunar.<br \/>\n&#8211; 76,2 cm uzunlu\u011funda \u00e7elik zincir<br \/>\n&#8211; H\u0131zl\u0131 ve kolay tak\u0131l\u0131p \u00e7\u0131kar\u0131labilen karabina<br \/>\n&#8211; Triseps, g\u00f6\u011f\u00fcs ve s\u0131rt kaslar\u0131n\u0131 en efektif \u015fekilde geli\u015ftirmek i\u00e7in ideal aksesuar<br \/>\n&#8211; Deri malzeme<br \/>\n&#8211; Ayarlanabilir tek beden<\/p>\n","protected":false},"excerpt":{"rendered":"<ul class=\"pp-first-list\">\n<li><span class=\"pp-sm-title\">Marka<\/span>: <span class=\"pp-sm-desc\"><a class=\"track-link p-detail-spec-link\" title=\"Harbinger\" href=\"https:\/\/www.supplementler.com\/marka\/harbinger-1-1148\" data-category=\"Product-Specification-Links\" data-label=\"Harbinger\" data-id=\"1148\">Harbinger<\/a><\/span><\/li>\n<li><span class=\"pp-sm-title\">Malzeme<\/span>: <span class=\"pp-sm-desc\">D\u0131\u015f: Deri &#8211; \u0130\u00e7: Dokuma Kuma\u015f<\/span><\/li>\n<li><span class=\"pp-sm-title\">Y\u0131kama Talimat\u0131<\/span>: <span class=\"pp-sm-desc\">Nemli Bezle Temizlenebilir<\/span><\/li>\n<\/ul>\n","protected":false},"featured_media":6604,"comment_status":"open","ping_status":"closed","template":"","meta":[],"product_brand":[],"product_cat":[169],"product_tag":[],"yst_prominent_words":[],"class_list":{"0":"post-6603","1":"product","2":"type-product","3":"status-publish","4":"has-post-thumbnail","6":"product_cat-fitness-aksesuarlari","7":"pa_brand-harbinger","9":"first","10":"instock","11":"sale","12":"shipping-taxable","13":"purchasable","14":"product-type-variable","15":"has-default-attributes"},"_links":{"self":[{"href":"https:\/\/energyclub.com.tr\/supplement\/wp-json\/wp\/v2\/product\/6603","targetHints":{"allow":["GET"]}}],"collection":[{"href":"https:\/\/energyclub.com.tr\/supplement\/wp-json\/wp\/v2\/product"}],"about":[{"href":"https:\/\/energyclub.com.tr\/supplement\/wp-json\/wp\/v2\/types\/product"}],"replies":[{"embeddable":true,"href":"https:\/\/energyclub.com.tr\/supplement\/wp-json\/wp\/v2\/comments?post=6603"}],"wp:featuredmedia":[{"embeddable":true,"href":"https:\/\/energyclub.com.tr\/supplement\/wp-json\/wp\/v2\/media\/6604"}],"wp:attachment":[{"href":"https:\/\/energyclub.com.tr\/supplement\/wp-json\/wp\/v2\/media?parent=6603"}],"wp:term":[{"taxonomy":"product_brand","embeddable":true,"href":"https:\/\/energyclub.com.tr\/supplement\/wp-json\/wp\/v2\/product_brand?post=6603"},{"taxonomy":"product_cat","embeddable":true,"href":"https:\/\/energyclub.com.tr\/supplement\/wp-json\/wp\/v2\/product_cat?post=6603"},{"taxonomy":"product_tag","embeddable":true,"href":"https:\/\/energyclub.com.tr\/supplement\/wp-json\/wp\/v2\/product_tag?post=6603"},{"taxonomy":"yst_prominent_words","embeddable":true,"href":"https:\/\/energyclub.com.tr\/supplement\/wp-json\/wp\/v2\/yst_prominent_words?post=6603"}],"curies":[{"name":"wp","href":"https:\/\/api.w.org\/{rel}","templated":true}]}}